{"id":123928,"date":"2025-05-18T21:54:19","date_gmt":"2025-05-18T21:54:19","guid":{"rendered":"https:\/\/staging2.stylingagenten.com\/fi\/produkt\/shiseido-men-total-revitalizer-light-fluid-70ml\/"},"modified":"2026-03-22T08:47:42","modified_gmt":"2026-03-22T08:47:42","slug":"shiseido-men-total-revitalizer-light-fluid-70ml","status":"publish","type":"product","link":"https:\/\/stylingagenten.com\/fi\/tuote\/shiseido-men-total-revitalizer-light-fluid-70ml\/","title":{"rendered":"Shiseido Men Total Revitalizer Light Fluid 80ml"},"content":{"rendered":"<p>Tehokas kosteusvoide, joka sis\u00e4lt\u00e4\u00e4 Marine Protein Complexin, auttaa elvytt\u00e4m\u00e4\u00e4n ihoa vastustuskykyiseksi; mahdollinen velttous s\u00e4vytetylle ja raikkaalle iholle. SHISEIDO MENin alkuper\u00e4inen levitysmenetelm\u00e4 lis\u00e4\u00e4 ihon voimaa, mik\u00e4 antaa energisen, terveen ilmeen, joka heijastaa voimaa ja itsekuria.<\/p>\n<p>Total Revitalizer Light Fluidia voidaan k\u00e4ytt\u00e4\u00e4 aamuin illoin ja se sopii kaikille ihotyypeille. Se ei ole komedogeeninen, mik\u00e4 tarkoittaa, ett\u00e4 se ei tukki huokosia ja on erityisen hyv\u00e4 niille teist\u00e4, joilla on akneen taipuvainen iho. Siin\u00e4 on raikas tuoksu tyypillisist\u00e4 japanilaisista aineksista, sitruunasta, bambusta, hinoki sypressist\u00e4 ja litsea cubebasta.<\/p>\n","protected":false},"excerpt":{"rendered":"<p>Tehokas kosteusvoide, joka sis\u00e4lt\u00e4\u00e4 Marine Protein Complexin, auttaa elvytt\u00e4m\u00e4\u00e4n ihoa vastustuskykyiseksi; mahdollinen velttous s\u00e4vytetylle ja raikkaalle iholle. SHISEIDO MENin alkuper\u00e4inen levitysmenetelm\u00e4 lis\u00e4\u00e4 ihon voimaa, mik\u00e4 antaa energisen, terveen ilmeen, joka heijastaa voimaa ja itsekuria. Total Revitalizer Light Fluidia voidaan k\u00e4ytt\u00e4\u00e4 aamuin illoin ja se sopii kaikille ihotyypeille. Se ei ole komedogeeninen, mik\u00e4 tarkoittaa, ett\u00e4 se [&hellip;]<\/p>\n","protected":false},"featured_media":123916,"comment_status":"open","ping_status":"closed","template":"","meta":{"_trash_the_other_posts":false},"product_brand":[],"product_cat":[683,1003],"product_tag":[],"berocket_brand":[1193],"class_list":{"0":"post-123928","1":"product","2":"type-product","3":"status-publish","4":"has-post-thumbnail","6":"product_cat-kasvovoide-mies","7":"product_cat-myydyimmat","8":"pa_brand-shiseido","9":"berocket_brand-shiseido","11":"first","12":"instock","13":"sale","14":"taxable","15":"shipping-taxable","16":"purchasable","17":"product-type-simple"},"_links":{"self":[{"href":"https:\/\/stylingagenten.com\/fi\/wp-json\/wp\/v2\/product\/123928","targetHints":{"allow":["GET"]}}],"collection":[{"href":"https:\/\/stylingagenten.com\/fi\/wp-json\/wp\/v2\/product"}],"about":[{"href":"https:\/\/stylingagenten.com\/fi\/wp-json\/wp\/v2\/types\/product"}],"replies":[{"embeddable":true,"href":"https:\/\/stylingagenten.com\/fi\/wp-json\/wp\/v2\/comments?post=123928"}],"version-history":[{"count":0,"href":"https:\/\/stylingagenten.com\/fi\/wp-json\/wp\/v2\/product\/123928\/revisions"}],"wp:featuredmedia":[{"embeddable":true,"href":"https:\/\/stylingagenten.com\/fi\/wp-json\/wp\/v2\/media\/123916"}],"wp:attachment":[{"href":"https:\/\/stylingagenten.com\/fi\/wp-json\/wp\/v2\/media?parent=123928"}],"wp:term":[{"taxonomy":"product_brand","embeddable":true,"href":"https:\/\/stylingagenten.com\/fi\/wp-json\/wp\/v2\/product_brand?post=123928"},{"taxonomy":"product_cat","embeddable":true,"href":"https:\/\/stylingagenten.com\/fi\/wp-json\/wp\/v2\/product_cat?post=123928"},{"taxonomy":"product_tag","embeddable":true,"href":"https:\/\/stylingagenten.com\/fi\/wp-json\/wp\/v2\/product_tag?post=123928"},{"taxonomy":"berocket_brand","embeddable":true,"href":"https:\/\/stylingagenten.com\/fi\/wp-json\/wp\/v2\/berocket_brand?post=123928"}],"curies":[{"name":"wp","href":"https:\/\/api.w.org\/{rel}","templated":true}]}}