{"id":123902,"date":"2025-05-18T21:54:15","date_gmt":"2025-05-18T21:54:15","guid":{"rendered":"https:\/\/staging2.stylingagenten.com\/fi\/produkt\/american-crew-shaving-skincare-all-in-one-face-balm-170ml\/"},"modified":"2026-03-29T07:58:40","modified_gmt":"2026-03-29T07:58:40","slug":"american-crew-shaving-skincare-all-in-one-face-balm-170ml","status":"publish","type":"product","link":"https:\/\/stylingagenten.com\/fi\/tuote\/american-crew-shaving-skincare-all-in-one-face-balm-170ml\/","title":{"rendered":"American Crew Shaving Skincare All-In-One Face Balm 170ml"},"content":{"rendered":"<p>Rauhoittaa juuri ajeltua ihoa. Aftershave balsami auttaa est\u00e4m\u00e4\u00e4n parranajon aiheuttamaa \u00e4rsytyst\u00e4. All-In-One Face Balm kosteuttaa ajeltua aluetta minimoimaan punoitusta ja iho\u00e4rsytyst\u00e4. Innovatiiviset ainesosat torjuvat ik\u00e4\u00e4ntymisen merkkej\u00e4 ja est\u00e4v\u00e4t hiusten ik\u00e4\u00e4ntymist\u00e4. P\u00e4ivitt\u00e4inen kosteusvoide. Anti-aging.<\/p>\n","protected":false},"excerpt":{"rendered":"<p>Rauhoittaa juuri ajeltua ihoa. Aftershave balsami auttaa est\u00e4m\u00e4\u00e4n parranajon aiheuttamaa \u00e4rsytyst\u00e4. All-In-One Face Balm kosteuttaa ajeltua aluetta minimoimaan punoitusta ja iho\u00e4rsytyst\u00e4. Innovatiiviset ainesosat torjuvat ik\u00e4\u00e4ntymisen merkkej\u00e4 ja est\u00e4v\u00e4t hiusten ik\u00e4\u00e4ntymist\u00e4. P\u00e4ivitt\u00e4inen kosteusvoide. Anti-aging.<\/p>\n","protected":false},"featured_media":123900,"comment_status":"open","ping_status":"closed","template":"","meta":{"_trash_the_other_posts":false},"product_brand":[],"product_cat":[682,689],"product_tag":[],"berocket_brand":[1071],"class_list":{"0":"post-123902","1":"product","2":"type-product","3":"status-publish","4":"has-post-thumbnail","6":"product_cat-ihonhoito-miehille","7":"product_cat-partavesi","8":"pa_brand-american-crew","9":"berocket_brand-american-crew","11":"first","12":"instock","13":"sale","14":"taxable","15":"shipping-taxable","16":"purchasable","17":"product-type-simple"},"_links":{"self":[{"href":"https:\/\/stylingagenten.com\/fi\/wp-json\/wp\/v2\/product\/123902","targetHints":{"allow":["GET"]}}],"collection":[{"href":"https:\/\/stylingagenten.com\/fi\/wp-json\/wp\/v2\/product"}],"about":[{"href":"https:\/\/stylingagenten.com\/fi\/wp-json\/wp\/v2\/types\/product"}],"replies":[{"embeddable":true,"href":"https:\/\/stylingagenten.com\/fi\/wp-json\/wp\/v2\/comments?post=123902"}],"version-history":[{"count":0,"href":"https:\/\/stylingagenten.com\/fi\/wp-json\/wp\/v2\/product\/123902\/revisions"}],"wp:featuredmedia":[{"embeddable":true,"href":"https:\/\/stylingagenten.com\/fi\/wp-json\/wp\/v2\/media\/123900"}],"wp:attachment":[{"href":"https:\/\/stylingagenten.com\/fi\/wp-json\/wp\/v2\/media?parent=123902"}],"wp:term":[{"taxonomy":"product_brand","embeddable":true,"href":"https:\/\/stylingagenten.com\/fi\/wp-json\/wp\/v2\/product_brand?post=123902"},{"taxonomy":"product_cat","embeddable":true,"href":"https:\/\/stylingagenten.com\/fi\/wp-json\/wp\/v2\/product_cat?post=123902"},{"taxonomy":"product_tag","embeddable":true,"href":"https:\/\/stylingagenten.com\/fi\/wp-json\/wp\/v2\/product_tag?post=123902"},{"taxonomy":"berocket_brand","embeddable":true,"href":"https:\/\/stylingagenten.com\/fi\/wp-json\/wp\/v2\/berocket_brand?post=123902"}],"curies":[{"name":"wp","href":"https:\/\/api.w.org\/{rel}","templated":true}]}}