{"id":123872,"date":"2025-05-18T21:54:08","date_gmt":"2025-05-18T21:54:08","guid":{"rendered":"https:\/\/staging2.stylingagenten.com\/fi\/produkt\/old-spice-original-after-shave-lotion-100ml\/"},"modified":"2026-04-14T16:38:35","modified_gmt":"2026-04-14T16:38:35","slug":"old-spice-original-after-shave-lotion-100ml","status":"publish","type":"product","link":"https:\/\/stylingagenten.com\/fi\/tuote\/old-spice-original-after-shave-lotion-100ml\/","title":{"rendered":"Old Spice Original After Shave Lotion 100ml"},"content":{"rendered":"<p>Old Spice Original After Shave Lotion 100ml<br \/>Old Spice Original After Shave Lotion on klassisesti maskuliininen tuoksu. K\u00e4ytet\u00e4\u00e4n parranajon j\u00e4lkeen rauhoittamaan ihoa ja ehk\u00e4isem\u00e4\u00e4n n\u00e4ppyl\u00f6it\u00e4. HUOMIO! Muista, ett\u00e4 alkoholi kuivattaa ihoa &#8211; joten k\u00e4yt\u00e4 sen j\u00e4lkeen kosteusvoidetta!<br \/>YLINUOTU<br \/>Apelsiini, sitruuna, mausteinen tuoksu, anis, salvia ja aldehydit<br \/>KESKUMUOTO<br \/>Neilikka, kaneli, geranium, jasmiini , heliotrooppi ja maustepippuri<br \/>PERUSNUOKS<br \/>Myski, vanilja, setripuu, olibanum, bentsoiini, tonkapapu ja meripihka<\/p>\n","protected":false},"excerpt":{"rendered":"<p>Old Spice Original After Shave Lotion 100mlOld Spice Original After Shave Lotion on klassisesti maskuliininen tuoksu. K\u00e4ytet\u00e4\u00e4n parranajon j\u00e4lkeen rauhoittamaan ihoa ja ehk\u00e4isem\u00e4\u00e4n n\u00e4ppyl\u00f6it\u00e4. HUOMIO! Muista, ett\u00e4 alkoholi kuivattaa ihoa &#8211; joten k\u00e4yt\u00e4 sen j\u00e4lkeen kosteusvoidetta!YLINUOTUApelsiini, sitruuna, mausteinen tuoksu, anis, salvia ja aldehyditKESKUMUOTONeilikka, kaneli, geranium, jasmiini , heliotrooppi ja maustepippuriPERUSNUOKSMyski, vanilja, setripuu, olibanum, bentsoiini, tonkapapu [&hellip;]<\/p>\n","protected":false},"featured_media":123865,"comment_status":"open","ping_status":"closed","template":"","meta":{"_trash_the_other_posts":false},"product_brand":[],"product_cat":[1003,689],"product_tag":[],"berocket_brand":[1258],"class_list":{"0":"post-123872","1":"product","2":"type-product","3":"status-publish","4":"has-post-thumbnail","6":"product_cat-myydyimmat","7":"product_cat-partavesi","8":"pa_brand-old-spice","9":"berocket_brand-old-spice","11":"first","12":"instock","13":"sale","14":"taxable","15":"shipping-taxable","16":"purchasable","17":"product-type-simple"},"_links":{"self":[{"href":"https:\/\/stylingagenten.com\/fi\/wp-json\/wp\/v2\/product\/123872","targetHints":{"allow":["GET"]}}],"collection":[{"href":"https:\/\/stylingagenten.com\/fi\/wp-json\/wp\/v2\/product"}],"about":[{"href":"https:\/\/stylingagenten.com\/fi\/wp-json\/wp\/v2\/types\/product"}],"replies":[{"embeddable":true,"href":"https:\/\/stylingagenten.com\/fi\/wp-json\/wp\/v2\/comments?post=123872"}],"version-history":[{"count":0,"href":"https:\/\/stylingagenten.com\/fi\/wp-json\/wp\/v2\/product\/123872\/revisions"}],"wp:featuredmedia":[{"embeddable":true,"href":"https:\/\/stylingagenten.com\/fi\/wp-json\/wp\/v2\/media\/123865"}],"wp:attachment":[{"href":"https:\/\/stylingagenten.com\/fi\/wp-json\/wp\/v2\/media?parent=123872"}],"wp:term":[{"taxonomy":"product_brand","embeddable":true,"href":"https:\/\/stylingagenten.com\/fi\/wp-json\/wp\/v2\/product_brand?post=123872"},{"taxonomy":"product_cat","embeddable":true,"href":"https:\/\/stylingagenten.com\/fi\/wp-json\/wp\/v2\/product_cat?post=123872"},{"taxonomy":"product_tag","embeddable":true,"href":"https:\/\/stylingagenten.com\/fi\/wp-json\/wp\/v2\/product_tag?post=123872"},{"taxonomy":"berocket_brand","embeddable":true,"href":"https:\/\/stylingagenten.com\/fi\/wp-json\/wp\/v2\/berocket_brand?post=123872"}],"curies":[{"name":"wp","href":"https:\/\/api.w.org\/{rel}","templated":true}]}}