{"id":123860,"date":"2025-05-18T21:54:07","date_gmt":"2025-05-18T21:54:07","guid":{"rendered":"https:\/\/staging2.stylingagenten.com\/fi\/produkt\/old-spice-whitewater-after-shave-lotion-100ml\/"},"modified":"2026-04-13T07:10:21","modified_gmt":"2026-04-13T07:10:21","slug":"old-spice-whitewater-after-shave-lotion-100ml","status":"publish","type":"product","link":"https:\/\/stylingagenten.com\/fi\/tuote\/old-spice-whitewater-after-shave-lotion-100ml\/","title":{"rendered":"Old Spice Whitewater After Shave Lotion 100ml"},"content":{"rendered":"<p>Old Spice Whitewater After Shave Lotion 100 ml<br \/>Rauhoittaa ihoa parranajon j\u00e4lkeen ja antaa sille ihanan tuoksun samasta kokoelmasta. Parranajon j\u00e4lkeinen hoitoaine Old Spice Whitewater After Shave Lotion on t\u00e4ydellinen modernille miehelle, joka pit\u00e4\u00e4 itsest\u00e4\u00e4n huolta.<\/p>\n","protected":false},"excerpt":{"rendered":"<p>Old Spice Whitewater After Shave Lotion 100 mlRauhoittaa ihoa parranajon j\u00e4lkeen ja antaa sille ihanan tuoksun samasta kokoelmasta. Parranajon j\u00e4lkeinen hoitoaine Old Spice Whitewater After Shave Lotion on t\u00e4ydellinen modernille miehelle, joka pit\u00e4\u00e4 itsest\u00e4\u00e4n huolta.<\/p>\n","protected":false},"featured_media":123856,"comment_status":"open","ping_status":"closed","template":"","meta":{"_trash_the_other_posts":false},"product_brand":[],"product_cat":[689],"product_tag":[],"berocket_brand":[1258],"class_list":{"0":"post-123860","1":"product","2":"type-product","3":"status-publish","4":"has-post-thumbnail","6":"product_cat-partavesi","7":"pa_brand-old-spice","8":"berocket_brand-old-spice","10":"first","11":"instock","12":"sale","13":"taxable","14":"shipping-taxable","15":"purchasable","16":"product-type-simple"},"_links":{"self":[{"href":"https:\/\/stylingagenten.com\/fi\/wp-json\/wp\/v2\/product\/123860","targetHints":{"allow":["GET"]}}],"collection":[{"href":"https:\/\/stylingagenten.com\/fi\/wp-json\/wp\/v2\/product"}],"about":[{"href":"https:\/\/stylingagenten.com\/fi\/wp-json\/wp\/v2\/types\/product"}],"replies":[{"embeddable":true,"href":"https:\/\/stylingagenten.com\/fi\/wp-json\/wp\/v2\/comments?post=123860"}],"version-history":[{"count":0,"href":"https:\/\/stylingagenten.com\/fi\/wp-json\/wp\/v2\/product\/123860\/revisions"}],"wp:featuredmedia":[{"embeddable":true,"href":"https:\/\/stylingagenten.com\/fi\/wp-json\/wp\/v2\/media\/123856"}],"wp:attachment":[{"href":"https:\/\/stylingagenten.com\/fi\/wp-json\/wp\/v2\/media?parent=123860"}],"wp:term":[{"taxonomy":"product_brand","embeddable":true,"href":"https:\/\/stylingagenten.com\/fi\/wp-json\/wp\/v2\/product_brand?post=123860"},{"taxonomy":"product_cat","embeddable":true,"href":"https:\/\/stylingagenten.com\/fi\/wp-json\/wp\/v2\/product_cat?post=123860"},{"taxonomy":"product_tag","embeddable":true,"href":"https:\/\/stylingagenten.com\/fi\/wp-json\/wp\/v2\/product_tag?post=123860"},{"taxonomy":"berocket_brand","embeddable":true,"href":"https:\/\/stylingagenten.com\/fi\/wp-json\/wp\/v2\/berocket_brand?post=123860"}],"curies":[{"name":"wp","href":"https:\/\/api.w.org\/{rel}","templated":true}]}}