{"id":123685,"date":"2025-05-18T21:53:34","date_gmt":"2025-05-18T21:53:34","guid":{"rendered":"https:\/\/staging2.stylingagenten.com\/fi\/produkt\/kokie-strobe-lights-face-highlighter-splendor\/"},"modified":"2026-01-07T20:16:51","modified_gmt":"2026-01-07T20:16:51","slug":"kokie-strobe-lights-face-highlighter-splendor","status":"publish","type":"product","link":"https:\/\/stylingagenten.com\/fi\/tuote\/kokie-strobe-lights-face-highlighter-splendor\/","title":{"rendered":"Kokie Strobe Lights Face Highlighter &#8211; Splendor"},"content":{"rendered":"<p>Kokie Cosmetics Strobe Lights -valoja on saatavana kolmessa kauniissa s\u00e4vyss\u00e4, ja niit\u00e4 voidaan k\u00e4ytt\u00e4\u00e4 korostamaan tai jopa ruskettavana!<br \/>Joustavan kierrett\u00e4v\u00e4n s\u00e4ili\u00f6n avulla se on helppo ja nopea levitt\u00e4\u00e4: ved\u00e4 p\u00e4\u00e4lle&aring; rikas koostumus ja sekoittuvat sis\u00e4\u00e4nrakennetun sienen kanssa.<\/p>\n<p>Saatavana kolmessa kauniissa v\u00e4riss\u00e4:<br \/>Radiance &#8211; Pearl\/Pink\/White<br \/><strong>Splendor &#8211; Champagne<\/strong> &gt;<br \/>Pronssi &#8211; Pronssi<\/p>\n","protected":false},"excerpt":{"rendered":"<p>Kokie Cosmetics Strobe Lights -valoja on saatavana kolmessa kauniissa s\u00e4vyss\u00e4, ja niit\u00e4 voidaan k\u00e4ytt\u00e4\u00e4 korostamaan tai jopa ruskettavana!Joustavan kierrett\u00e4v\u00e4n s\u00e4ili\u00f6n avulla se on helppo ja nopea levitt\u00e4\u00e4: ved\u00e4 p\u00e4\u00e4lle&aring; rikas koostumus ja sekoittuvat sis\u00e4\u00e4nrakennetun sienen kanssa. Saatavana kolmessa kauniissa v\u00e4riss\u00e4:Radiance &#8211; Pearl\/Pink\/WhiteSplendor &#8211; Champagne &gt;Pronssi &#8211; Pronssi<\/p>\n","protected":false},"featured_media":123680,"comment_status":"open","ping_status":"closed","template":"","meta":{"_trash_the_other_posts":false},"product_brand":[],"product_cat":[621],"product_tag":[3169],"berocket_brand":[1198],"class_list":{"0":"post-123685","1":"product","2":"type-product","3":"status-publish","4":"has-post-thumbnail","6":"product_cat-korostin","7":"product_tag-kokie-strobe-lights-face-highlighter","8":"pa_brand-kokie-cosmetics","9":"pa_variantti-splendor","10":"berocket_brand-kokie-cosmetics","12":"first","13":"instock","14":"sale","15":"taxable","16":"shipping-taxable","17":"purchasable","18":"product-type-simple"},"_links":{"self":[{"href":"https:\/\/stylingagenten.com\/fi\/wp-json\/wp\/v2\/product\/123685","targetHints":{"allow":["GET"]}}],"collection":[{"href":"https:\/\/stylingagenten.com\/fi\/wp-json\/wp\/v2\/product"}],"about":[{"href":"https:\/\/stylingagenten.com\/fi\/wp-json\/wp\/v2\/types\/product"}],"replies":[{"embeddable":true,"href":"https:\/\/stylingagenten.com\/fi\/wp-json\/wp\/v2\/comments?post=123685"}],"version-history":[{"count":0,"href":"https:\/\/stylingagenten.com\/fi\/wp-json\/wp\/v2\/product\/123685\/revisions"}],"wp:featuredmedia":[{"embeddable":true,"href":"https:\/\/stylingagenten.com\/fi\/wp-json\/wp\/v2\/media\/123680"}],"wp:attachment":[{"href":"https:\/\/stylingagenten.com\/fi\/wp-json\/wp\/v2\/media?parent=123685"}],"wp:term":[{"taxonomy":"product_brand","embeddable":true,"href":"https:\/\/stylingagenten.com\/fi\/wp-json\/wp\/v2\/product_brand?post=123685"},{"taxonomy":"product_cat","embeddable":true,"href":"https:\/\/stylingagenten.com\/fi\/wp-json\/wp\/v2\/product_cat?post=123685"},{"taxonomy":"product_tag","embeddable":true,"href":"https:\/\/stylingagenten.com\/fi\/wp-json\/wp\/v2\/product_tag?post=123685"},{"taxonomy":"berocket_brand","embeddable":true,"href":"https:\/\/stylingagenten.com\/fi\/wp-json\/wp\/v2\/berocket_brand?post=123685"}],"curies":[{"name":"wp","href":"https:\/\/api.w.org\/{rel}","templated":true}]}}