{"id":123674,"date":"2025-05-18T21:53:32","date_gmt":"2025-05-18T21:53:32","guid":{"rendered":"https:\/\/staging2.stylingagenten.com\/fi\/produkt\/kokie-liquid-highlites-shine-on\/"},"modified":"2025-12-18T19:41:46","modified_gmt":"2025-12-18T19:41:46","slug":"kokie-liquid-highlites-shine-on","status":"publish","type":"product","link":"https:\/\/stylingagenten.com\/fi\/tuote\/kokie-liquid-highlites-shine-on\/","title":{"rendered":"Kokie Liquid HighLites &#8211; Shine On"},"content":{"rendered":"<p>Kokie Liquid HighLites on t\u00e4ydellinen virkist\u00e4m\u00e4\u00e4n ulkoasua. K\u00e4yt\u00e4 v\u00e4hemm\u00e4n hienovaraiseen hehkuun tai enemm\u00e4n suureen hehkuun! <br \/>T\u00e4ll\u00e4 nestem\u00e4isell\u00e4 korostusvoiteella sinulla on monia valintoja, k\u00e4yt\u00e4 p\u00e4\u00e4lle, yksin\u00e4\u00e4n tai sekoitettuna suosikkikauneustuotteisiisi. <br \/>T\u00e4ydennetty pipettiapplikaattorilla, joka helpottaa annostelua.<\/p>\n","protected":false},"excerpt":{"rendered":"<p>Kokie Liquid HighLites on t\u00e4ydellinen virkist\u00e4m\u00e4\u00e4n ulkoasua. K\u00e4yt\u00e4 v\u00e4hemm\u00e4n hienovaraiseen hehkuun tai enemm\u00e4n suureen hehkuun! T\u00e4ll\u00e4 nestem\u00e4isell\u00e4 korostusvoiteella sinulla on monia valintoja, k\u00e4yt\u00e4 p\u00e4\u00e4lle, yksin\u00e4\u00e4n tai sekoitettuna suosikkikauneustuotteisiisi. T\u00e4ydennetty pipettiapplikaattorilla, joka helpottaa annostelua.<\/p>\n","protected":false},"featured_media":123673,"comment_status":"open","ping_status":"closed","template":"","meta":{"_trash_the_other_posts":false},"product_brand":[],"product_cat":[621],"product_tag":[3154],"berocket_brand":[1198],"class_list":{"0":"post-123674","1":"product","2":"type-product","3":"status-publish","4":"has-post-thumbnail","6":"product_cat-korostin","7":"product_tag-kokie-liquid-highlites","8":"pa_brand-kokie-cosmetics","9":"pa_variantti-shine-on","10":"berocket_brand-kokie-cosmetics","12":"first","13":"instock","14":"sale","15":"taxable","16":"shipping-taxable","17":"purchasable","18":"product-type-simple"},"_links":{"self":[{"href":"https:\/\/stylingagenten.com\/fi\/wp-json\/wp\/v2\/product\/123674","targetHints":{"allow":["GET"]}}],"collection":[{"href":"https:\/\/stylingagenten.com\/fi\/wp-json\/wp\/v2\/product"}],"about":[{"href":"https:\/\/stylingagenten.com\/fi\/wp-json\/wp\/v2\/types\/product"}],"replies":[{"embeddable":true,"href":"https:\/\/stylingagenten.com\/fi\/wp-json\/wp\/v2\/comments?post=123674"}],"version-history":[{"count":0,"href":"https:\/\/stylingagenten.com\/fi\/wp-json\/wp\/v2\/product\/123674\/revisions"}],"wp:featuredmedia":[{"embeddable":true,"href":"https:\/\/stylingagenten.com\/fi\/wp-json\/wp\/v2\/media\/123673"}],"wp:attachment":[{"href":"https:\/\/stylingagenten.com\/fi\/wp-json\/wp\/v2\/media?parent=123674"}],"wp:term":[{"taxonomy":"product_brand","embeddable":true,"href":"https:\/\/stylingagenten.com\/fi\/wp-json\/wp\/v2\/product_brand?post=123674"},{"taxonomy":"product_cat","embeddable":true,"href":"https:\/\/stylingagenten.com\/fi\/wp-json\/wp\/v2\/product_cat?post=123674"},{"taxonomy":"product_tag","embeddable":true,"href":"https:\/\/stylingagenten.com\/fi\/wp-json\/wp\/v2\/product_tag?post=123674"},{"taxonomy":"berocket_brand","embeddable":true,"href":"https:\/\/stylingagenten.com\/fi\/wp-json\/wp\/v2\/berocket_brand?post=123674"}],"curies":[{"name":"wp","href":"https:\/\/api.w.org\/{rel}","templated":true}]}}