{"id":123666,"date":"2025-05-18T21:53:30","date_gmt":"2025-05-18T21:53:30","guid":{"rendered":"https:\/\/staging2.stylingagenten.com\/fi\/produkt\/kokie-soft-glow-highlighter-rosy\/"},"modified":"2025-12-18T19:59:23","modified_gmt":"2025-12-18T19:59:23","slug":"kokie-soft-glow-highlighter-rosy","status":"publish","type":"product","link":"https:\/\/stylingagenten.com\/fi\/tuote\/kokie-soft-glow-highlighter-rosy\/","title":{"rendered":"Kokie Soft Glow Highlighter &#8211; Rosy"},"content":{"rendered":"<p>Kokie Cosmetics Soft Glow Highlighter on ainutlaatuinen korostustuote, jolla on silkkinen, kermamainen rakenne.<br \/>T\u00e4m\u00e4 korostustuote antaa sinulle hienovaraisen, hohtavan hehkun ja luonnollisen lopputuloksen. Parhaat tulokset levitettyn\u00e4 kostealla sienell\u00e4 tai kostealla siveltimell\u00e4.<br \/>T\u00e4ydellinen jokap\u00e4iv\u00e4iseen k\u00e4ytt\u00f6\u00f6n, saatavana nelj\u00e4ss\u00e4 kauniissa s\u00e4vyss\u00e4.<\/p>\n","protected":false},"excerpt":{"rendered":"<p>Kokie Cosmetics Soft Glow Highlighter on ainutlaatuinen korostustuote, jolla on silkkinen, kermamainen rakenne.T\u00e4m\u00e4 korostustuote antaa sinulle hienovaraisen, hohtavan hehkun ja luonnollisen lopputuloksen. Parhaat tulokset levitettyn\u00e4 kostealla sienell\u00e4 tai kostealla siveltimell\u00e4.T\u00e4ydellinen jokap\u00e4iv\u00e4iseen k\u00e4ytt\u00f6\u00f6n, saatavana nelj\u00e4ss\u00e4 kauniissa s\u00e4vyss\u00e4.<\/p>\n","protected":false},"featured_media":123658,"comment_status":"open","ping_status":"closed","template":"","meta":{"_trash_the_other_posts":false},"product_brand":[],"product_cat":[621],"product_tag":[3167],"berocket_brand":[1198],"class_list":{"0":"post-123666","1":"product","2":"type-product","3":"status-publish","4":"has-post-thumbnail","6":"product_cat-korostin","7":"product_tag-kokie-soft-glow-highlighter","8":"pa_brand-kokie-cosmetics","9":"pa_variantti-rosy","10":"berocket_brand-kokie-cosmetics","12":"first","13":"instock","14":"sale","15":"taxable","16":"shipping-taxable","17":"purchasable","18":"product-type-simple"},"_links":{"self":[{"href":"https:\/\/stylingagenten.com\/fi\/wp-json\/wp\/v2\/product\/123666","targetHints":{"allow":["GET"]}}],"collection":[{"href":"https:\/\/stylingagenten.com\/fi\/wp-json\/wp\/v2\/product"}],"about":[{"href":"https:\/\/stylingagenten.com\/fi\/wp-json\/wp\/v2\/types\/product"}],"replies":[{"embeddable":true,"href":"https:\/\/stylingagenten.com\/fi\/wp-json\/wp\/v2\/comments?post=123666"}],"version-history":[{"count":0,"href":"https:\/\/stylingagenten.com\/fi\/wp-json\/wp\/v2\/product\/123666\/revisions"}],"wp:featuredmedia":[{"embeddable":true,"href":"https:\/\/stylingagenten.com\/fi\/wp-json\/wp\/v2\/media\/123658"}],"wp:attachment":[{"href":"https:\/\/stylingagenten.com\/fi\/wp-json\/wp\/v2\/media?parent=123666"}],"wp:term":[{"taxonomy":"product_brand","embeddable":true,"href":"https:\/\/stylingagenten.com\/fi\/wp-json\/wp\/v2\/product_brand?post=123666"},{"taxonomy":"product_cat","embeddable":true,"href":"https:\/\/stylingagenten.com\/fi\/wp-json\/wp\/v2\/product_cat?post=123666"},{"taxonomy":"product_tag","embeddable":true,"href":"https:\/\/stylingagenten.com\/fi\/wp-json\/wp\/v2\/product_tag?post=123666"},{"taxonomy":"berocket_brand","embeddable":true,"href":"https:\/\/stylingagenten.com\/fi\/wp-json\/wp\/v2\/berocket_brand?post=123666"}],"curies":[{"name":"wp","href":"https:\/\/api.w.org\/{rel}","templated":true}]}}