{"id":123588,"date":"2025-05-18T21:53:15","date_gmt":"2025-05-18T21:53:15","guid":{"rendered":"https:\/\/staging2.stylingagenten.com\/fi\/produkt\/milani-baked-highlighter-bronze-splendore-140\/"},"modified":"2025-11-19T11:42:50","modified_gmt":"2025-11-19T11:42:50","slug":"milani-baked-highlighter-bronze-splendore-140","status":"publish","type":"product","link":"https:\/\/stylingagenten.com\/fi\/tuote\/milani-baked-highlighter-bronze-splendore-140\/","title":{"rendered":"Milani Baked Highlighter &#8211; Bronze Splendore 140"},"content":{"rendered":"<p>Baked Highlighter &#8211; Bronze Splendore 140<\/p>\n<p>Se hehku kuitenkin! Paistettu p&aring; Italialaiset terrakottalaatat, Milanin UUSI Baked highlighter nostaa pigmentin voimakkuuden ja hehkun uudelle tasolle. T\u00e4m\u00e4 samettinen koostumus on valmistettu moniv\u00e4risist\u00e4, mikrohienoista valojauheista, ja se sulaa vaivattomasti ja antaa sinulle upean hehkun yhdell\u00e4 siveltimen vedolla.<\/p>\n<p>Sis\u00e4lt\u00f6: 8 g<\/p>\n<p>&nbsp; <\/p>\n","protected":false},"excerpt":{"rendered":"<p>Baked Highlighter &#8211; Bronze Splendore 140 Se hehku kuitenkin! Paistettu p&aring; Italialaiset terrakottalaatat, Milanin UUSI Baked highlighter nostaa pigmentin voimakkuuden ja hehkun uudelle tasolle. T\u00e4m\u00e4 samettinen koostumus on valmistettu moniv\u00e4risist\u00e4, mikrohienoista valojauheista, ja se sulaa vaivattomasti ja antaa sinulle upean hehkun yhdell\u00e4 siveltimen vedolla. Sis\u00e4lt\u00f6: 8 g &nbsp;<\/p>\n","protected":false},"featured_media":123587,"comment_status":"open","ping_status":"closed","template":"","meta":{"_trash_the_other_posts":false},"product_brand":[],"product_cat":[621],"product_tag":[3529],"berocket_brand":[1027],"class_list":{"0":"post-123588","1":"product","2":"type-product","3":"status-publish","4":"has-post-thumbnail","6":"product_cat-korostin","7":"product_tag-milani-baked-highlighter","8":"pa_brand-milani","9":"pa_variantti-bronze-splendore-140","10":"berocket_brand-milani","12":"first","13":"instock","14":"sale","15":"taxable","16":"shipping-taxable","17":"purchasable","18":"product-type-simple"},"_links":{"self":[{"href":"https:\/\/stylingagenten.com\/fi\/wp-json\/wp\/v2\/product\/123588","targetHints":{"allow":["GET"]}}],"collection":[{"href":"https:\/\/stylingagenten.com\/fi\/wp-json\/wp\/v2\/product"}],"about":[{"href":"https:\/\/stylingagenten.com\/fi\/wp-json\/wp\/v2\/types\/product"}],"replies":[{"embeddable":true,"href":"https:\/\/stylingagenten.com\/fi\/wp-json\/wp\/v2\/comments?post=123588"}],"version-history":[{"count":0,"href":"https:\/\/stylingagenten.com\/fi\/wp-json\/wp\/v2\/product\/123588\/revisions"}],"wp:featuredmedia":[{"embeddable":true,"href":"https:\/\/stylingagenten.com\/fi\/wp-json\/wp\/v2\/media\/123587"}],"wp:attachment":[{"href":"https:\/\/stylingagenten.com\/fi\/wp-json\/wp\/v2\/media?parent=123588"}],"wp:term":[{"taxonomy":"product_brand","embeddable":true,"href":"https:\/\/stylingagenten.com\/fi\/wp-json\/wp\/v2\/product_brand?post=123588"},{"taxonomy":"product_cat","embeddable":true,"href":"https:\/\/stylingagenten.com\/fi\/wp-json\/wp\/v2\/product_cat?post=123588"},{"taxonomy":"product_tag","embeddable":true,"href":"https:\/\/stylingagenten.com\/fi\/wp-json\/wp\/v2\/product_tag?post=123588"},{"taxonomy":"berocket_brand","embeddable":true,"href":"https:\/\/stylingagenten.com\/fi\/wp-json\/wp\/v2\/berocket_brand?post=123588"}],"curies":[{"name":"wp","href":"https:\/\/api.w.org\/{rel}","templated":true}]}}