{"id":123586,"date":"2025-05-18T21:53:14","date_gmt":"2025-05-18T21:53:14","guid":{"rendered":"https:\/\/staging2.stylingagenten.com\/fi\/produkt\/wet-n-wild-megaglo-blushlighter-highlight-bling\/"},"modified":"2026-03-09T04:47:53","modified_gmt":"2026-03-09T04:47:53","slug":"wet-n-wild-megaglo-blushlighter-highlight-bling","status":"publish","type":"product","link":"https:\/\/stylingagenten.com\/fi\/tuote\/wet-n-wild-megaglo-blushlighter-highlight-bling\/","title":{"rendered":"Wet n Wild MegaGlo Blushlighter &#8211; Highlight Bling"},"content":{"rendered":"<p>Wet n Wild MegaGlo Blushlighter &auml;on poskipuna- ja highlighter-kaksikko, joka muotoilee, m\u00e4\u00e4rittelee ja antaa hehkua yhdell\u00e4 pyyhk\u00e4isyll\u00e4. N\u00e4m\u00e4 pehme\u00e4t, rakennettavat s\u00e4vyt sis\u00e4lt\u00e4v\u00e4t eritt\u00e4in heijastavia helmi\u00e4ispigmenttej\u00e4, jotka luovat aurinkoisen, kirkkaan ja s\u00e4teilev\u00e4n ilmeen.&nbsp;<\/p>\n","protected":false},"excerpt":{"rendered":"<p>Wet n Wild MegaGlo Blushlighter &auml;on poskipuna- ja highlighter-kaksikko, joka muotoilee, m\u00e4\u00e4rittelee ja antaa hehkua yhdell\u00e4 pyyhk\u00e4isyll\u00e4. N\u00e4m\u00e4 pehme\u00e4t, rakennettavat s\u00e4vyt sis\u00e4lt\u00e4v\u00e4t eritt\u00e4in heijastavia helmi\u00e4ispigmenttej\u00e4, jotka luovat aurinkoisen, kirkkaan ja s\u00e4teilev\u00e4n ilmeen.&nbsp;<\/p>\n","protected":false},"featured_media":123574,"comment_status":"open","ping_status":"closed","template":"","meta":{"_trash_the_other_posts":false},"product_brand":[],"product_cat":[621],"product_tag":[4095],"berocket_brand":[1035],"class_list":{"0":"post-123586","1":"product","2":"type-product","3":"status-publish","4":"has-post-thumbnail","6":"product_cat-korostin","7":"product_tag-wet-n-wild-megaglo-blushlighter","8":"pa_brand-wet-n-wild","9":"pa_variantti-highlight-bling","10":"berocket_brand-wet-n-wild","12":"first","13":"instock","14":"sale","15":"taxable","16":"shipping-taxable","17":"purchasable","18":"product-type-simple"},"_links":{"self":[{"href":"https:\/\/stylingagenten.com\/fi\/wp-json\/wp\/v2\/product\/123586","targetHints":{"allow":["GET"]}}],"collection":[{"href":"https:\/\/stylingagenten.com\/fi\/wp-json\/wp\/v2\/product"}],"about":[{"href":"https:\/\/stylingagenten.com\/fi\/wp-json\/wp\/v2\/types\/product"}],"replies":[{"embeddable":true,"href":"https:\/\/stylingagenten.com\/fi\/wp-json\/wp\/v2\/comments?post=123586"}],"version-history":[{"count":0,"href":"https:\/\/stylingagenten.com\/fi\/wp-json\/wp\/v2\/product\/123586\/revisions"}],"wp:featuredmedia":[{"embeddable":true,"href":"https:\/\/stylingagenten.com\/fi\/wp-json\/wp\/v2\/media\/123574"}],"wp:attachment":[{"href":"https:\/\/stylingagenten.com\/fi\/wp-json\/wp\/v2\/media?parent=123586"}],"wp:term":[{"taxonomy":"product_brand","embeddable":true,"href":"https:\/\/stylingagenten.com\/fi\/wp-json\/wp\/v2\/product_brand?post=123586"},{"taxonomy":"product_cat","embeddable":true,"href":"https:\/\/stylingagenten.com\/fi\/wp-json\/wp\/v2\/product_cat?post=123586"},{"taxonomy":"product_tag","embeddable":true,"href":"https:\/\/stylingagenten.com\/fi\/wp-json\/wp\/v2\/product_tag?post=123586"},{"taxonomy":"berocket_brand","embeddable":true,"href":"https:\/\/stylingagenten.com\/fi\/wp-json\/wp\/v2\/berocket_brand?post=123586"}],"curies":[{"name":"wp","href":"https:\/\/api.w.org\/{rel}","templated":true}]}}