{"id":123568,"date":"2025-05-18T21:53:09","date_gmt":"2025-05-18T21:53:09","guid":{"rendered":"https:\/\/staging2.stylingagenten.com\/fi\/produkt\/max-factor-ff-powder-highlighter-03-bronze-glow\/"},"modified":"2026-02-22T23:16:37","modified_gmt":"2026-02-22T23:16:37","slug":"max-factor-ff-powder-highlighter-03-bronze-glow","status":"publish","type":"product","link":"https:\/\/stylingagenten.com\/fi\/tuote\/max-factor-ff-powder-highlighter-03-bronze-glow\/","title":{"rendered":"Max Factor Ff Powder Highlighter 03 Bronze Glow"},"content":{"rendered":"<p>F&aring; koko p\u00e4iv\u00e4n kest\u00e4v\u00e4 hehku Max Factorin Facefinity Highlighterilla. Pitk\u00e4kestoinen eritt\u00e4in painoton, joten puuteriviimeistely antaa imartelevan hehkun. Silkkinen rakenne tarjoaa eritt\u00e4in sekoittuvan lopputuloksen ja idioottivarman sovelluksen, joka sopii kaikille ihos\u00e4vyille, saatavana kolmessa eri v\u00e4riss\u00e4.<\/p>\n","protected":false},"excerpt":{"rendered":"<p>F&aring; koko p\u00e4iv\u00e4n kest\u00e4v\u00e4 hehku Max Factorin Facefinity Highlighterilla. Pitk\u00e4kestoinen eritt\u00e4in painoton, joten puuteriviimeistely antaa imartelevan hehkun. Silkkinen rakenne tarjoaa eritt\u00e4in sekoittuvan lopputuloksen ja idioottivarman sovelluksen, joka sopii kaikille ihos\u00e4vyille, saatavana kolmessa eri v\u00e4riss\u00e4.<\/p>\n","protected":false},"featured_media":123564,"comment_status":"open","ping_status":"closed","template":"","meta":{"_trash_the_other_posts":false},"product_brand":[],"product_cat":[621],"product_tag":[3480],"berocket_brand":[1013],"class_list":{"0":"post-123568","1":"product","2":"type-product","3":"status-publish","4":"has-post-thumbnail","6":"product_cat-korostin","7":"product_tag-max-factor-ff-powder-highlighter","8":"pa_brand-max-factor","9":"pa_variantti-03-bronze-glow","10":"berocket_brand-max-factor","12":"first","13":"instock","14":"sale","15":"taxable","16":"shipping-taxable","17":"purchasable","18":"product-type-simple"},"_links":{"self":[{"href":"https:\/\/stylingagenten.com\/fi\/wp-json\/wp\/v2\/product\/123568","targetHints":{"allow":["GET"]}}],"collection":[{"href":"https:\/\/stylingagenten.com\/fi\/wp-json\/wp\/v2\/product"}],"about":[{"href":"https:\/\/stylingagenten.com\/fi\/wp-json\/wp\/v2\/types\/product"}],"replies":[{"embeddable":true,"href":"https:\/\/stylingagenten.com\/fi\/wp-json\/wp\/v2\/comments?post=123568"}],"version-history":[{"count":0,"href":"https:\/\/stylingagenten.com\/fi\/wp-json\/wp\/v2\/product\/123568\/revisions"}],"wp:featuredmedia":[{"embeddable":true,"href":"https:\/\/stylingagenten.com\/fi\/wp-json\/wp\/v2\/media\/123564"}],"wp:attachment":[{"href":"https:\/\/stylingagenten.com\/fi\/wp-json\/wp\/v2\/media?parent=123568"}],"wp:term":[{"taxonomy":"product_brand","embeddable":true,"href":"https:\/\/stylingagenten.com\/fi\/wp-json\/wp\/v2\/product_brand?post=123568"},{"taxonomy":"product_cat","embeddable":true,"href":"https:\/\/stylingagenten.com\/fi\/wp-json\/wp\/v2\/product_cat?post=123568"},{"taxonomy":"product_tag","embeddable":true,"href":"https:\/\/stylingagenten.com\/fi\/wp-json\/wp\/v2\/product_tag?post=123568"},{"taxonomy":"berocket_brand","embeddable":true,"href":"https:\/\/stylingagenten.com\/fi\/wp-json\/wp\/v2\/berocket_brand?post=123568"}],"curies":[{"name":"wp","href":"https:\/\/api.w.org\/{rel}","templated":true}]}}