{"id":123531,"date":"2025-05-18T21:53:01","date_gmt":"2025-05-18T21:53:01","guid":{"rendered":"https:\/\/staging2.stylingagenten.com\/fi\/produkt\/make-up-store-north-star-duo\/"},"modified":"2026-03-16T08:48:48","modified_gmt":"2026-03-16T08:48:48","slug":"make-up-store-north-star-duo","status":"publish","type":"product","link":"https:\/\/stylingagenten.com\/fi\/tuote\/make-up-store-north-star-duo\/","title":{"rendered":"Make Up Store North Star Duo"},"content":{"rendered":"<p>North Star Duo on monik\u00e4ytt\u00f6inen kohokohta, joka on kehitetty yhteisty\u00f6ss\u00e4 Jimmie Starin kanssa. Se sis\u00e4lt\u00e4\u00e4 kaksi k\u00e4ytt\u00f6kelpoisia s\u00e4vyj\u00e4, joita voit sekoittaa ja yhdist\u00e4\u00e4; monella eri tavalla. K\u00e4yt\u00e4 kasvoilla korostuksena, varjona tai p\u00e4\u00e4ll\u00e4; kehon annetaan loistaa pehme\u00e4ll\u00e4 hohtavan viimeistelyll\u00e4. Sopii niin arkeen meikkiin kuin juhlavaksi lookiksi illalle. North Star Duon yhdist\u00e4miselle ei ole rajoituksia. Tehostaaksesi hehkua k\u00e4yt\u00e4 yhdess\u00e4 Face Mistin kanssa, jota suihkutat; meikkisiveltimell\u00e4 ennen North Star Duon levitt\u00e4mist\u00e4. Tilavuus: 14g \/ 0,49oz.<\/p>\n","protected":false},"excerpt":{"rendered":"<p>North Star Duo on monik\u00e4ytt\u00f6inen kohokohta, joka on kehitetty yhteisty\u00f6ss\u00e4 Jimmie Starin kanssa. Se sis\u00e4lt\u00e4\u00e4 kaksi k\u00e4ytt\u00f6kelpoisia s\u00e4vyj\u00e4, joita voit sekoittaa ja yhdist\u00e4\u00e4; monella eri tavalla. K\u00e4yt\u00e4 kasvoilla korostuksena, varjona tai p\u00e4\u00e4ll\u00e4; kehon annetaan loistaa pehme\u00e4ll\u00e4 hohtavan viimeistelyll\u00e4. Sopii niin arkeen meikkiin kuin juhlavaksi lookiksi illalle. North Star Duon yhdist\u00e4miselle ei ole rajoituksia. Tehostaaksesi hehkua [&hellip;]<\/p>\n","protected":false},"featured_media":123529,"comment_status":"open","ping_status":"closed","template":"","meta":{"_trash_the_other_posts":false},"product_brand":[],"product_cat":[621],"product_tag":[],"berocket_brand":[1271],"class_list":{"0":"post-123531","1":"product","2":"type-product","3":"status-publish","4":"has-post-thumbnail","6":"product_cat-korostin","7":"pa_brand-make-up-store","8":"berocket_brand-make-up-store","10":"first","11":"instock","12":"sale","13":"taxable","14":"shipping-taxable","15":"purchasable","16":"product-type-simple"},"_links":{"self":[{"href":"https:\/\/stylingagenten.com\/fi\/wp-json\/wp\/v2\/product\/123531","targetHints":{"allow":["GET"]}}],"collection":[{"href":"https:\/\/stylingagenten.com\/fi\/wp-json\/wp\/v2\/product"}],"about":[{"href":"https:\/\/stylingagenten.com\/fi\/wp-json\/wp\/v2\/types\/product"}],"replies":[{"embeddable":true,"href":"https:\/\/stylingagenten.com\/fi\/wp-json\/wp\/v2\/comments?post=123531"}],"version-history":[{"count":0,"href":"https:\/\/stylingagenten.com\/fi\/wp-json\/wp\/v2\/product\/123531\/revisions"}],"wp:featuredmedia":[{"embeddable":true,"href":"https:\/\/stylingagenten.com\/fi\/wp-json\/wp\/v2\/media\/123529"}],"wp:attachment":[{"href":"https:\/\/stylingagenten.com\/fi\/wp-json\/wp\/v2\/media?parent=123531"}],"wp:term":[{"taxonomy":"product_brand","embeddable":true,"href":"https:\/\/stylingagenten.com\/fi\/wp-json\/wp\/v2\/product_brand?post=123531"},{"taxonomy":"product_cat","embeddable":true,"href":"https:\/\/stylingagenten.com\/fi\/wp-json\/wp\/v2\/product_cat?post=123531"},{"taxonomy":"product_tag","embeddable":true,"href":"https:\/\/stylingagenten.com\/fi\/wp-json\/wp\/v2\/product_tag?post=123531"},{"taxonomy":"berocket_brand","embeddable":true,"href":"https:\/\/stylingagenten.com\/fi\/wp-json\/wp\/v2\/berocket_brand?post=123531"}],"curies":[{"name":"wp","href":"https:\/\/api.w.org\/{rel}","templated":true}]}}