{"id":123494,"date":"2025-05-18T21:52:53","date_gmt":"2025-05-18T21:52:53","guid":{"rendered":"https:\/\/staging2.stylingagenten.com\/fi\/produkt\/wet-n-wild-mega-glo-glow-in-love-radiance-liquid-20ml\/"},"modified":"2025-11-19T12:47:19","modified_gmt":"2025-11-19T12:47:19","slug":"wet-n-wild-mega-glo-glow-in-love-radiance-liquid-20ml","status":"publish","type":"product","link":"https:\/\/stylingagenten.com\/fi\/tuote\/wet-n-wild-mega-glo-glow-in-love-radiance-liquid-20ml\/","title":{"rendered":"Wet n Wild Mega Glo Glow in Love Radiance Liquid 20ml"},"content":{"rendered":"<p>Paranna luonnollista hehkua pisara kerrallaan! N\u00e4m\u00e4 nestem\u00e4iset korostustipat antavat luonnollisen hehkun, joka korostaa ihon s\u00e4vy\u00e4. K\u00e4yt\u00e4 niit\u00e4 yksin, meikin alla tai p\u00e4\u00e4ll\u00e4 \u2013 t\u00e4m\u00e4 nestem\u00e4inen koostumus voidaan kerrostaa l\u00e4pikuultavasta peitt\u00e4v\u00e4ksi. Nauti hehkua lis\u00e4\u00e4v\u00e4st\u00e4 tehosekoituksesta, joka sis\u00e4lt\u00e4\u00e4 4 % niasiiniamidia, glyseriini\u00e4 ja E-vitamiinia.<\/p>\n<p>20 ml<\/p>\n","protected":false},"excerpt":{"rendered":"<p>Paranna luonnollista hehkua pisara kerrallaan! N\u00e4m\u00e4 nestem\u00e4iset korostustipat antavat luonnollisen hehkun, joka korostaa ihon s\u00e4vy\u00e4. K\u00e4yt\u00e4 niit\u00e4 yksin, meikin alla tai p\u00e4\u00e4ll\u00e4 \u2013 t\u00e4m\u00e4 nestem\u00e4inen koostumus voidaan kerrostaa l\u00e4pikuultavasta peitt\u00e4v\u00e4ksi. Nauti hehkua lis\u00e4\u00e4v\u00e4st\u00e4 tehosekoituksesta, joka sis\u00e4lt\u00e4\u00e4 4 % niasiiniamidia, glyseriini\u00e4 ja E-vitamiinia. 20 ml<\/p>\n","protected":false},"featured_media":123478,"comment_status":"open","ping_status":"closed","template":"","meta":{"_trash_the_other_posts":false},"product_brand":[],"product_cat":[621],"product_tag":[],"berocket_brand":[1035],"class_list":{"0":"post-123494","1":"product","2":"type-product","3":"status-publish","4":"has-post-thumbnail","6":"product_cat-korostin","7":"pa_brand-wet-n-wild","8":"berocket_brand-wet-n-wild","10":"first","11":"instock","12":"sale","13":"taxable","14":"shipping-taxable","15":"purchasable","16":"product-type-simple"},"_links":{"self":[{"href":"https:\/\/stylingagenten.com\/fi\/wp-json\/wp\/v2\/product\/123494","targetHints":{"allow":["GET"]}}],"collection":[{"href":"https:\/\/stylingagenten.com\/fi\/wp-json\/wp\/v2\/product"}],"about":[{"href":"https:\/\/stylingagenten.com\/fi\/wp-json\/wp\/v2\/types\/product"}],"replies":[{"embeddable":true,"href":"https:\/\/stylingagenten.com\/fi\/wp-json\/wp\/v2\/comments?post=123494"}],"version-history":[{"count":0,"href":"https:\/\/stylingagenten.com\/fi\/wp-json\/wp\/v2\/product\/123494\/revisions"}],"wp:featuredmedia":[{"embeddable":true,"href":"https:\/\/stylingagenten.com\/fi\/wp-json\/wp\/v2\/media\/123478"}],"wp:attachment":[{"href":"https:\/\/stylingagenten.com\/fi\/wp-json\/wp\/v2\/media?parent=123494"}],"wp:term":[{"taxonomy":"product_brand","embeddable":true,"href":"https:\/\/stylingagenten.com\/fi\/wp-json\/wp\/v2\/product_brand?post=123494"},{"taxonomy":"product_cat","embeddable":true,"href":"https:\/\/stylingagenten.com\/fi\/wp-json\/wp\/v2\/product_cat?post=123494"},{"taxonomy":"product_tag","embeddable":true,"href":"https:\/\/stylingagenten.com\/fi\/wp-json\/wp\/v2\/product_tag?post=123494"},{"taxonomy":"berocket_brand","embeddable":true,"href":"https:\/\/stylingagenten.com\/fi\/wp-json\/wp\/v2\/berocket_brand?post=123494"}],"curies":[{"name":"wp","href":"https:\/\/api.w.org\/{rel}","templated":true}]}}