{"id":123397,"date":"2025-05-18T21:52:32","date_gmt":"2025-05-18T21:52:32","guid":{"rendered":"https:\/\/staging2.stylingagenten.com\/fi\/produkt\/voluspa-saijo-persimmon-hand-lotion-450ml\/"},"modified":"2026-02-14T18:26:35","modified_gmt":"2026-02-14T18:26:35","slug":"voluspa-saijo-persimmon-hand-lotion-450ml","status":"publish","type":"product","link":"https:\/\/stylingagenten.com\/fi\/tuote\/voluspa-saijo-persimmon-hand-lotion-450ml\/","title":{"rendered":"Voluspa Saijo Persimmon Hand Lotion 450ml"},"content":{"rendered":"<p>K\u00e4sivoide, jossa kaki, nektariini, valkoinen jasmiini, persikka ja herukka.<\/p>\n<p>K\u00e4ytt\u00f6:<br \/>K\u00e4yt\u00e4 1-2 pumppausta. K\u00e4yt\u00e4 k\u00e4sivoidetta kevyell\u00e4 hieronnalla tuoksuville ja pehmeille k\u00e4sille.<\/p>\n","protected":false},"excerpt":{"rendered":"<p>K\u00e4sivoide, jossa kaki, nektariini, valkoinen jasmiini, persikka ja herukka. K\u00e4ytt\u00f6:K\u00e4yt\u00e4 1-2 pumppausta. K\u00e4yt\u00e4 k\u00e4sivoidetta kevyell\u00e4 hieronnalla tuoksuville ja pehmeille k\u00e4sille.<\/p>\n","protected":false},"featured_media":123384,"comment_status":"open","ping_status":"closed","template":"","meta":{"_trash_the_other_posts":false},"product_brand":[],"product_cat":[574],"product_tag":[],"berocket_brand":[1208],"class_list":{"0":"post-123397","1":"product","2":"type-product","3":"status-publish","4":"has-post-thumbnail","6":"product_cat-kasivoide","7":"pa_brand-voluspa","8":"berocket_brand-voluspa","10":"first","11":"instock","12":"sale","13":"taxable","14":"shipping-taxable","15":"purchasable","16":"product-type-simple"},"_links":{"self":[{"href":"https:\/\/stylingagenten.com\/fi\/wp-json\/wp\/v2\/product\/123397","targetHints":{"allow":["GET"]}}],"collection":[{"href":"https:\/\/stylingagenten.com\/fi\/wp-json\/wp\/v2\/product"}],"about":[{"href":"https:\/\/stylingagenten.com\/fi\/wp-json\/wp\/v2\/types\/product"}],"replies":[{"embeddable":true,"href":"https:\/\/stylingagenten.com\/fi\/wp-json\/wp\/v2\/comments?post=123397"}],"version-history":[{"count":0,"href":"https:\/\/stylingagenten.com\/fi\/wp-json\/wp\/v2\/product\/123397\/revisions"}],"wp:featuredmedia":[{"embeddable":true,"href":"https:\/\/stylingagenten.com\/fi\/wp-json\/wp\/v2\/media\/123384"}],"wp:attachment":[{"href":"https:\/\/stylingagenten.com\/fi\/wp-json\/wp\/v2\/media?parent=123397"}],"wp:term":[{"taxonomy":"product_brand","embeddable":true,"href":"https:\/\/stylingagenten.com\/fi\/wp-json\/wp\/v2\/product_brand?post=123397"},{"taxonomy":"product_cat","embeddable":true,"href":"https:\/\/stylingagenten.com\/fi\/wp-json\/wp\/v2\/product_cat?post=123397"},{"taxonomy":"product_tag","embeddable":true,"href":"https:\/\/stylingagenten.com\/fi\/wp-json\/wp\/v2\/product_tag?post=123397"},{"taxonomy":"berocket_brand","embeddable":true,"href":"https:\/\/stylingagenten.com\/fi\/wp-json\/wp\/v2\/berocket_brand?post=123397"}],"curies":[{"name":"wp","href":"https:\/\/api.w.org\/{rel}","templated":true}]}}