{"id":123379,"date":"2025-05-18T21:52:29","date_gmt":"2025-05-18T21:52:29","guid":{"rendered":"https:\/\/staging2.stylingagenten.com\/fi\/produkt\/klairs-daily-comfort-hand-cream-50g\/"},"modified":"2025-11-19T12:48:10","modified_gmt":"2025-11-19T12:48:10","slug":"klairs-daily-comfort-hand-cream-50g","status":"publish","type":"product","link":"https:\/\/stylingagenten.com\/fi\/tuote\/klairs-daily-comfort-hand-cream-50g\/","title":{"rendered":"Klairs Daily Comfort Hand Cream 50g"},"content":{"rendered":"<p>Klairs Daily Comfort Hand Cream on mieto ja pehme\u00e4 k\u00e4sivoide p\u00e4ivitt\u00e4iseen k\u00e4ytt\u00f6\u00f6n. T\u00e4ysin tuoksuton ja kehitetty herk\u00e4lle iholle, joka reagoi my\u00f6s eteerisiin \u00f6ljyihin. Kevyt koostumus imeytyy nopeasti ihoon j\u00e4tt\u00e4m\u00e4tt\u00e4 tahmaista pintaa.<br \/>\n<br \/>Sis\u00e4lt\u00e4\u00e4 sheavoita syv\u00e4kosteutukseen ja 8 tyyppi\u00e4 hyaluronihappoja, jotka pehment\u00e4v\u00e4t ja s\u00e4ilytt\u00e4v\u00e4t kosteuden.<\/p>\n<p>50g<\/p>\n","protected":false},"excerpt":{"rendered":"<p>Klairs Daily Comfort Hand Cream on mieto ja pehme\u00e4 k\u00e4sivoide p\u00e4ivitt\u00e4iseen k\u00e4ytt\u00f6\u00f6n. T\u00e4ysin tuoksuton ja kehitetty herk\u00e4lle iholle, joka reagoi my\u00f6s eteerisiin \u00f6ljyihin. Kevyt koostumus imeytyy nopeasti ihoon j\u00e4tt\u00e4m\u00e4tt\u00e4 tahmaista pintaa. Sis\u00e4lt\u00e4\u00e4 sheavoita syv\u00e4kosteutukseen ja 8 tyyppi\u00e4 hyaluronihappoja, jotka pehment\u00e4v\u00e4t ja s\u00e4ilytt\u00e4v\u00e4t kosteuden. 50g<\/p>\n","protected":false},"featured_media":123369,"comment_status":"open","ping_status":"closed","template":"","meta":{"_trash_the_other_posts":false},"product_brand":[],"product_cat":[574],"product_tag":[],"berocket_brand":[1397],"class_list":{"0":"post-123379","1":"product","2":"type-product","3":"status-publish","4":"has-post-thumbnail","6":"product_cat-kasivoide","7":"pa_brand-klairs","8":"berocket_brand-klairs","10":"first","11":"instock","12":"sale","13":"taxable","14":"shipping-taxable","15":"purchasable","16":"product-type-simple"},"_links":{"self":[{"href":"https:\/\/stylingagenten.com\/fi\/wp-json\/wp\/v2\/product\/123379","targetHints":{"allow":["GET"]}}],"collection":[{"href":"https:\/\/stylingagenten.com\/fi\/wp-json\/wp\/v2\/product"}],"about":[{"href":"https:\/\/stylingagenten.com\/fi\/wp-json\/wp\/v2\/types\/product"}],"replies":[{"embeddable":true,"href":"https:\/\/stylingagenten.com\/fi\/wp-json\/wp\/v2\/comments?post=123379"}],"version-history":[{"count":0,"href":"https:\/\/stylingagenten.com\/fi\/wp-json\/wp\/v2\/product\/123379\/revisions"}],"wp:featuredmedia":[{"embeddable":true,"href":"https:\/\/stylingagenten.com\/fi\/wp-json\/wp\/v2\/media\/123369"}],"wp:attachment":[{"href":"https:\/\/stylingagenten.com\/fi\/wp-json\/wp\/v2\/media?parent=123379"}],"wp:term":[{"taxonomy":"product_brand","embeddable":true,"href":"https:\/\/stylingagenten.com\/fi\/wp-json\/wp\/v2\/product_brand?post=123379"},{"taxonomy":"product_cat","embeddable":true,"href":"https:\/\/stylingagenten.com\/fi\/wp-json\/wp\/v2\/product_cat?post=123379"},{"taxonomy":"product_tag","embeddable":true,"href":"https:\/\/stylingagenten.com\/fi\/wp-json\/wp\/v2\/product_tag?post=123379"},{"taxonomy":"berocket_brand","embeddable":true,"href":"https:\/\/stylingagenten.com\/fi\/wp-json\/wp\/v2\/berocket_brand?post=123379"}],"curies":[{"name":"wp","href":"https:\/\/api.w.org\/{rel}","templated":true}]}}