{"id":123337,"date":"2025-05-18T21:52:19","date_gmt":"2025-05-18T21:52:19","guid":{"rendered":"https:\/\/staging2.stylingagenten.com\/fi\/produkt\/goldwell-stylesign-smooth-shine-spray-150ml\/"},"modified":"2026-03-25T18:18:49","modified_gmt":"2026-03-25T18:18:49","slug":"goldwell-stylesign-smooth-shine-spray-150ml","status":"publish","type":"product","link":"https:\/\/stylingagenten.com\/fi\/tuote\/goldwell-stylesign-smooth-shine-spray-150ml\/","title":{"rendered":"Goldwell StyleSign Smooth Shine Spray 150ml"},"content":{"rendered":"<p>Goldwell StyleSign Shine Spray antaa v\u00e4litt\u00f6m\u00e4sti maksimaalista kiiltoa ja suojaa p\u00f6rr\u00f6isyytt\u00e4 ja korkeaa ilmankosteutta vastaan jopa 72 tunnin ajan.<\/p>\n<p>Pito 0\/5, kiilto 3\/3.<\/p>\n<p>150ml<\/p>\n","protected":false},"excerpt":{"rendered":"<p>Goldwell StyleSign Shine Spray antaa v\u00e4litt\u00f6m\u00e4sti maksimaalista kiiltoa ja suojaa p\u00f6rr\u00f6isyytt\u00e4 ja korkeaa ilmankosteutta vastaan jopa 72 tunnin ajan. Pito 0\/5, kiilto 3\/3. 150ml<\/p>\n","protected":false},"featured_media":123335,"comment_status":"open","ping_status":"closed","template":"","meta":{"_trash_the_other_posts":false},"product_brand":[],"product_cat":[626],"product_tag":[],"berocket_brand":[1328],"class_list":{"0":"post-123337","1":"product","2":"type-product","3":"status-publish","4":"has-post-thumbnail","6":"product_cat-kiiltava-spray","7":"pa_brand-goldwell","8":"berocket_brand-goldwell","10":"first","11":"instock","12":"sale","13":"taxable","14":"shipping-taxable","15":"purchasable","16":"product-type-simple"},"_links":{"self":[{"href":"https:\/\/stylingagenten.com\/fi\/wp-json\/wp\/v2\/product\/123337","targetHints":{"allow":["GET"]}}],"collection":[{"href":"https:\/\/stylingagenten.com\/fi\/wp-json\/wp\/v2\/product"}],"about":[{"href":"https:\/\/stylingagenten.com\/fi\/wp-json\/wp\/v2\/types\/product"}],"replies":[{"embeddable":true,"href":"https:\/\/stylingagenten.com\/fi\/wp-json\/wp\/v2\/comments?post=123337"}],"version-history":[{"count":0,"href":"https:\/\/stylingagenten.com\/fi\/wp-json\/wp\/v2\/product\/123337\/revisions"}],"wp:featuredmedia":[{"embeddable":true,"href":"https:\/\/stylingagenten.com\/fi\/wp-json\/wp\/v2\/media\/123335"}],"wp:attachment":[{"href":"https:\/\/stylingagenten.com\/fi\/wp-json\/wp\/v2\/media?parent=123337"}],"wp:term":[{"taxonomy":"product_brand","embeddable":true,"href":"https:\/\/stylingagenten.com\/fi\/wp-json\/wp\/v2\/product_brand?post=123337"},{"taxonomy":"product_cat","embeddable":true,"href":"https:\/\/stylingagenten.com\/fi\/wp-json\/wp\/v2\/product_cat?post=123337"},{"taxonomy":"product_tag","embeddable":true,"href":"https:\/\/stylingagenten.com\/fi\/wp-json\/wp\/v2\/product_tag?post=123337"},{"taxonomy":"berocket_brand","embeddable":true,"href":"https:\/\/stylingagenten.com\/fi\/wp-json\/wp\/v2\/berocket_brand?post=123337"}],"curies":[{"name":"wp","href":"https:\/\/api.w.org\/{rel}","templated":true}]}}