{"id":123304,"date":"2025-05-18T21:52:10","date_gmt":"2025-05-18T21:52:10","guid":{"rendered":"https:\/\/staging2.stylingagenten.com\/fi\/produkt\/zmile-cosmetics-classic-make-up-palette-vegan\/"},"modified":"2026-04-07T07:47:28","modified_gmt":"2026-04-07T07:47:28","slug":"zmile-cosmetics-classic-make-up-palette-vegan","status":"publish","type":"product","link":"https:\/\/stylingagenten.com\/fi\/tuote\/zmile-cosmetics-classic-make-up-palette-vegan\/","title":{"rendered":"Zmile Cosmetics Classic Make Up Palette Vegan"},"content":{"rendered":"<p>Zmile Cosmetics Classic Make Up Palette Vegan sis\u00e4lt\u00e4\u00e4 suurimman osan siit\u00e4, mit\u00e4 tarvitset onnistuneeseen ja monipuoliseen meikkiin. Edullinen pakkaus, joka sis\u00e4lt\u00e4\u00e4 seuraavat tuotteet:<\/p>\n<p>&#8211; Luomiv\u00e4ri 24 kpl&nbsp;<br \/>&#8211; Rouge 4 kpl&nbsp;<br \/>&#8211; Highlighter 1 kpl<br \/>&#8211; Huulikiiltopurkki 5 kpl<br \/>&#8211; Huuliv\u00e4ri kiilto 4 kpl <br \/>&#8211; Puuteri 2 kpl&nbsp;<br \/>&#8211; Kajal kyn\u00e4 1 kpl&nbsp;<br \/>&#8211; Harjat\/applikaattori 8 kpl&nbsp;<br \/>&#8211; Kampa<br \/>&#8211; Integroitu peili<\/p>\n","protected":false},"excerpt":{"rendered":"<p>Zmile Cosmetics Classic Make Up Palette Vegan sis\u00e4lt\u00e4\u00e4 suurimman osan siit\u00e4, mit\u00e4 tarvitset onnistuneeseen ja monipuoliseen meikkiin. Edullinen pakkaus, joka sis\u00e4lt\u00e4\u00e4 seuraavat tuotteet: &#8211; Luomiv\u00e4ri 24 kpl&nbsp;&#8211; Rouge 4 kpl&nbsp;&#8211; Highlighter 1 kpl&#8211; Huulikiiltopurkki 5 kpl&#8211; Huuliv\u00e4ri kiilto 4 kpl &#8211; Puuteri 2 kpl&nbsp;&#8211; Kajal kyn\u00e4 1 kpl&nbsp;&#8211; Harjat\/applikaattori 8 kpl&nbsp;&#8211; Kampa&#8211; Integroitu peili<\/p>\n","protected":false},"featured_media":123289,"comment_status":"open","ping_status":"closed","template":"","meta":{"_trash_the_other_posts":false},"product_brand":[],"product_cat":[664,638,1003],"product_tag":[],"berocket_brand":[1179],"class_list":{"0":"post-123304","1":"product","2":"type-product","3":"status-publish","4":"has-post-thumbnail","6":"product_cat-lahjasarja-meikki","7":"product_cat-meikkipohja","8":"product_cat-myydyimmat","9":"pa_brand-zmile-cosmetics","10":"berocket_brand-zmile-cosmetics","12":"first","13":"instock","14":"sale","15":"taxable","16":"shipping-taxable","17":"purchasable","18":"product-type-simple"},"_links":{"self":[{"href":"https:\/\/stylingagenten.com\/fi\/wp-json\/wp\/v2\/product\/123304","targetHints":{"allow":["GET"]}}],"collection":[{"href":"https:\/\/stylingagenten.com\/fi\/wp-json\/wp\/v2\/product"}],"about":[{"href":"https:\/\/stylingagenten.com\/fi\/wp-json\/wp\/v2\/types\/product"}],"replies":[{"embeddable":true,"href":"https:\/\/stylingagenten.com\/fi\/wp-json\/wp\/v2\/comments?post=123304"}],"version-history":[{"count":0,"href":"https:\/\/stylingagenten.com\/fi\/wp-json\/wp\/v2\/product\/123304\/revisions"}],"wp:featuredmedia":[{"embeddable":true,"href":"https:\/\/stylingagenten.com\/fi\/wp-json\/wp\/v2\/media\/123289"}],"wp:attachment":[{"href":"https:\/\/stylingagenten.com\/fi\/wp-json\/wp\/v2\/media?parent=123304"}],"wp:term":[{"taxonomy":"product_brand","embeddable":true,"href":"https:\/\/stylingagenten.com\/fi\/wp-json\/wp\/v2\/product_brand?post=123304"},{"taxonomy":"product_cat","embeddable":true,"href":"https:\/\/stylingagenten.com\/fi\/wp-json\/wp\/v2\/product_cat?post=123304"},{"taxonomy":"product_tag","embeddable":true,"href":"https:\/\/stylingagenten.com\/fi\/wp-json\/wp\/v2\/product_tag?post=123304"},{"taxonomy":"berocket_brand","embeddable":true,"href":"https:\/\/stylingagenten.com\/fi\/wp-json\/wp\/v2\/berocket_brand?post=123304"}],"curies":[{"name":"wp","href":"https:\/\/api.w.org\/{rel}","templated":true}]}}