{"id":123251,"date":"2025-05-18T21:51:57","date_gmt":"2025-05-18T21:51:57","guid":{"rendered":"https:\/\/staging2.stylingagenten.com\/fi\/produkt\/zmile-cosmetics-beauty-case-velvety\/"},"modified":"2026-03-15T15:27:31","modified_gmt":"2026-03-15T15:27:31","slug":"zmile-cosmetics-beauty-case-velvety","status":"publish","type":"product","link":"https:\/\/stylingagenten.com\/fi\/tuote\/zmile-cosmetics-beauty-case-velvety\/","title":{"rendered":"Zmile Cosmetics Beauty Case Velvety"},"content":{"rendered":"<p><strong>Zmile Cosmetics Beauty Case Velvety<\/strong> sis\u00e4lt\u00e4\u00e4 kaiken, mit\u00e4 saatat tarvita t\u00e4ydelliseen meikkilookkiin! Meikkilaatikko on p\u00e4\u00e4llystetty ylellisell\u00e4 viininpunaisella sametilla. Yhteens\u00e4 74 osaa sis\u00e4lt\u00e4v\u00e4 <strong>Beauty Case Velvety<\/strong> on t\u00e4ydellinen lahja tytt\u00f6yst\u00e4v\u00e4lle, parhaalle yst\u00e4v\u00e4lle tai miksi ei hemmotella itse\u00e4si?<\/p>\n<p>74 osaa + kotelo &#039;velvet look&#039; #39;&nbsp;<\/p>\n<p><strong>Sis\u00e4lt\u00e4\u00e4<\/strong>:<br \/>32 x luomiv\u00e4ri\u00e4 (paletissa)<br \/>5 x poskipuna (paletissa)<br \/>3 x &ouml;kulmakarvapuuteria <br \/>1 x &ouml;kulmakarvavaha<br \/>4 x cr&auml;m&ouml;luomiv\u00e4ri\u00e4<br \/>4 x body glitter<br \/>2 x &ouml;luomiv\u00e4ripohjamaali<br \/>8 x peitevoide<br \/>2 x huulikiilto sis. applikaattori<br \/>1 x huulipuna<br \/>1 x ripsiv\u00e4ri<br \/>1 x kaksoissilm\u00e4kyn\u00e4<br \/>1 x tuplahuulikyn\u00e4<br \/>1 x poskipunasivellin<br \/>1 x kaksip\u00e4inen luomiv\u00e4risivellin <br \/>4 x kaksip\u00e4inen applikaattori<br \/>1 x integroitu peili &nbsp; &nbsp; &nbsp; &nbsp; &nbsp; &nbsp; &nbsp; &nbsp;<\/p>\n<p><strong>koko<\/strong>: n. 23,0 x 14,5 x 15,7 cm &nbsp; &nbsp; &nbsp; &nbsp; &nbsp; &nbsp; &nbsp; &nbsp; &nbsp; &nbsp; &nbsp;<\/p>\n","protected":false},"excerpt":{"rendered":"<p>Zmile Cosmetics Beauty Case Velvety sis\u00e4lt\u00e4\u00e4 kaiken, mit\u00e4 saatat tarvita t\u00e4ydelliseen meikkilookkiin! Meikkilaatikko on p\u00e4\u00e4llystetty ylellisell\u00e4 viininpunaisella sametilla. Yhteens\u00e4 74 osaa sis\u00e4lt\u00e4v\u00e4 Beauty Case Velvety on t\u00e4ydellinen lahja tytt\u00f6yst\u00e4v\u00e4lle, parhaalle yst\u00e4v\u00e4lle tai miksi ei hemmotella itse\u00e4si? 74 osaa + kotelo &#039;velvet look&#039; #39;&nbsp; Sis\u00e4lt\u00e4\u00e4:32 x luomiv\u00e4ri\u00e4 (paletissa)5 x poskipuna (paletissa)3 x &ouml;kulmakarvapuuteria 1 x &ouml;kulmakarvavaha4 [&hellip;]<\/p>\n","protected":false},"featured_media":123248,"comment_status":"open","ping_status":"closed","template":"","meta":{"_trash_the_other_posts":false},"product_brand":[],"product_cat":[664,637],"product_tag":[],"berocket_brand":[1179],"class_list":{"0":"post-123251","1":"product","2":"type-product","3":"status-publish","4":"has-post-thumbnail","6":"product_cat-lahjasarja-meikki","7":"product_cat-meikki","8":"pa_brand-zmile-cosmetics","9":"berocket_brand-zmile-cosmetics","11":"first","12":"instock","13":"sale","14":"taxable","15":"shipping-taxable","16":"purchasable","17":"product-type-simple"},"_links":{"self":[{"href":"https:\/\/stylingagenten.com\/fi\/wp-json\/wp\/v2\/product\/123251","targetHints":{"allow":["GET"]}}],"collection":[{"href":"https:\/\/stylingagenten.com\/fi\/wp-json\/wp\/v2\/product"}],"about":[{"href":"https:\/\/stylingagenten.com\/fi\/wp-json\/wp\/v2\/types\/product"}],"replies":[{"embeddable":true,"href":"https:\/\/stylingagenten.com\/fi\/wp-json\/wp\/v2\/comments?post=123251"}],"version-history":[{"count":0,"href":"https:\/\/stylingagenten.com\/fi\/wp-json\/wp\/v2\/product\/123251\/revisions"}],"wp:featuredmedia":[{"embeddable":true,"href":"https:\/\/stylingagenten.com\/fi\/wp-json\/wp\/v2\/media\/123248"}],"wp:attachment":[{"href":"https:\/\/stylingagenten.com\/fi\/wp-json\/wp\/v2\/media?parent=123251"}],"wp:term":[{"taxonomy":"product_brand","embeddable":true,"href":"https:\/\/stylingagenten.com\/fi\/wp-json\/wp\/v2\/product_brand?post=123251"},{"taxonomy":"product_cat","embeddable":true,"href":"https:\/\/stylingagenten.com\/fi\/wp-json\/wp\/v2\/product_cat?post=123251"},{"taxonomy":"product_tag","embeddable":true,"href":"https:\/\/stylingagenten.com\/fi\/wp-json\/wp\/v2\/product_tag?post=123251"},{"taxonomy":"berocket_brand","embeddable":true,"href":"https:\/\/stylingagenten.com\/fi\/wp-json\/wp\/v2\/berocket_brand?post=123251"}],"curies":[{"name":"wp","href":"https:\/\/api.w.org\/{rel}","templated":true}]}}