{"id":123244,"date":"2025-05-18T21:51:56","date_gmt":"2025-05-18T21:51:56","guid":{"rendered":"https:\/\/staging2.stylingagenten.com\/fi\/produkt\/zmile-cosmetics-makeup-box-french-manicure-vegan\/"},"modified":"2026-04-14T19:18:31","modified_gmt":"2026-04-14T19:18:31","slug":"zmile-cosmetics-makeup-box-french-manicure-vegan","status":"publish","type":"product","link":"https:\/\/stylingagenten.com\/fi\/tuote\/zmile-cosmetics-makeup-box-french-manicure-vegan\/","title":{"rendered":"Zmile Cosmetics Makeup Box French Manicure Vegan"},"content":{"rendered":"<p>Ker\u00e4\u00e4 kaikki, mit\u00e4 voit ajatella tarvitsevasi; paikka, jossa on t\u00e4m\u00e4 meikkilaatikko. Makeup Box Alu Case French Manicure -tuotteella et tarvitse mit\u00e4\u00e4n muuta.<\/p>\n<p><strong>Sis\u00e4lt\u00e4\u00e4:<\/strong> meikkilaatikon, 32 luomiv\u00e4ri\u00e4, 2 poskipunaa, 4 huulipunaa, 4 kpl kynsilakkaa, 1 kpl kpl kaksik\u00e4rkinen huulikyn\u00e4, 1 kpl kaksip\u00e4inen kajal-kyn\u00e4, 1 kpl valkoinen kynsikyn\u00e4, 1 kpl kynsien erotin, 1 kpl kynsikoristeita, 3 kpl applikaattoria, 2 kpl siveltimi\u00e4 ja 1 kpl peili.<\/p>\n<p>T\u00e4ydellinen lahjaksi tone&amp;aring ;rstyt\u00e4rlle.<br \/>Koko p&aring; alumiinikotelo: 25x9x16cm<\/p>\n","protected":false},"excerpt":{"rendered":"<p>Ker\u00e4\u00e4 kaikki, mit\u00e4 voit ajatella tarvitsevasi; paikka, jossa on t\u00e4m\u00e4 meikkilaatikko. Makeup Box Alu Case French Manicure -tuotteella et tarvitse mit\u00e4\u00e4n muuta. Sis\u00e4lt\u00e4\u00e4: meikkilaatikon, 32 luomiv\u00e4ri\u00e4, 2 poskipunaa, 4 huulipunaa, 4 kpl kynsilakkaa, 1 kpl kpl kaksik\u00e4rkinen huulikyn\u00e4, 1 kpl kaksip\u00e4inen kajal-kyn\u00e4, 1 kpl valkoinen kynsikyn\u00e4, 1 kpl kynsien erotin, 1 kpl kynsikoristeita, 3 kpl [&hellip;]<\/p>\n","protected":false},"featured_media":123236,"comment_status":"open","ping_status":"closed","template":"","meta":{"_trash_the_other_posts":false},"product_brand":[],"product_cat":[664,637,1003],"product_tag":[],"berocket_brand":[1179],"class_list":{"0":"post-123244","1":"product","2":"type-product","3":"status-publish","4":"has-post-thumbnail","6":"product_cat-lahjasarja-meikki","7":"product_cat-meikki","8":"product_cat-myydyimmat","9":"pa_brand-zmile-cosmetics","10":"berocket_brand-zmile-cosmetics","12":"first","13":"instock","14":"sale","15":"taxable","16":"shipping-taxable","17":"purchasable","18":"product-type-simple"},"_links":{"self":[{"href":"https:\/\/stylingagenten.com\/fi\/wp-json\/wp\/v2\/product\/123244","targetHints":{"allow":["GET"]}}],"collection":[{"href":"https:\/\/stylingagenten.com\/fi\/wp-json\/wp\/v2\/product"}],"about":[{"href":"https:\/\/stylingagenten.com\/fi\/wp-json\/wp\/v2\/types\/product"}],"replies":[{"embeddable":true,"href":"https:\/\/stylingagenten.com\/fi\/wp-json\/wp\/v2\/comments?post=123244"}],"version-history":[{"count":0,"href":"https:\/\/stylingagenten.com\/fi\/wp-json\/wp\/v2\/product\/123244\/revisions"}],"wp:featuredmedia":[{"embeddable":true,"href":"https:\/\/stylingagenten.com\/fi\/wp-json\/wp\/v2\/media\/123236"}],"wp:attachment":[{"href":"https:\/\/stylingagenten.com\/fi\/wp-json\/wp\/v2\/media?parent=123244"}],"wp:term":[{"taxonomy":"product_brand","embeddable":true,"href":"https:\/\/stylingagenten.com\/fi\/wp-json\/wp\/v2\/product_brand?post=123244"},{"taxonomy":"product_cat","embeddable":true,"href":"https:\/\/stylingagenten.com\/fi\/wp-json\/wp\/v2\/product_cat?post=123244"},{"taxonomy":"product_tag","embeddable":true,"href":"https:\/\/stylingagenten.com\/fi\/wp-json\/wp\/v2\/product_tag?post=123244"},{"taxonomy":"berocket_brand","embeddable":true,"href":"https:\/\/stylingagenten.com\/fi\/wp-json\/wp\/v2\/berocket_brand?post=123244"}],"curies":[{"name":"wp","href":"https:\/\/api.w.org\/{rel}","templated":true}]}}