{"id":123229,"date":"2025-05-18T21:51:52","date_gmt":"2025-05-18T21:51:52","guid":{"rendered":"https:\/\/staging2.stylingagenten.com\/fi\/produkt\/zmile-cosmetics-makeup-box-merry-berry\/"},"modified":"2026-04-09T15:38:31","modified_gmt":"2026-04-09T15:38:31","slug":"zmile-cosmetics-makeup-box-merry-berry","status":"publish","type":"product","link":"https:\/\/stylingagenten.com\/fi\/tuote\/zmile-cosmetics-makeup-box-merry-berry\/","title":{"rendered":"Zmile Cosmetics Makeup Box Merry Berry"},"content":{"rendered":"<p><strong>Zmile Cosmetics Makeup Box Merry Berry<\/strong><\/p>\n<p>40 kappaleen meikkipakkaus alumiinipakkauksessa.<\/p>\n<p><strong>Sis\u00e4lt\u00f6: <\/strong><br \/>18 x luomiv\u00e4ri\u00e4<br \/>2 x rouge<br \/>1 x korkea vaaleampi<br \/>1 x kulmapuuteri<br \/>1 x &ouml;vaha<br \/>3 x kynsilakka<br \/>2 x l&amp;auml kiilto<br \/>1 x ripsiv\u00e4ri<br \/>1 x kajal<br \/>1 x huulikyn\u00e4<br \/>2 x kaksipuolinen applikaattori<br \/>1 x kaksipuolinen kulmakarvojen sivellin<br \/>1 x minimeikkisekoitin<br \/> 1 x poskipunasivellin<br \/>1 x py\u00f6re\u00e4 peili<\/p>\n<p>koko: n. 25,3 x 17,5 x 9,5 cm<\/p>\n","protected":false},"excerpt":{"rendered":"<p>Zmile Cosmetics Makeup Box Merry Berry 40 kappaleen meikkipakkaus alumiinipakkauksessa. Sis\u00e4lt\u00f6: 18 x luomiv\u00e4ri\u00e42 x rouge1 x korkea vaaleampi1 x kulmapuuteri1 x &ouml;vaha3 x kynsilakka2 x l&amp;auml kiilto1 x ripsiv\u00e4ri1 x kajal1 x huulikyn\u00e42 x kaksipuolinen applikaattori1 x kaksipuolinen kulmakarvojen sivellin1 x minimeikkisekoitin 1 x poskipunasivellin1 x py\u00f6re\u00e4 peili koko: n. 25,3 x 17,5 x [&hellip;]<\/p>\n","protected":false},"featured_media":123220,"comment_status":"open","ping_status":"closed","template":"","meta":{"_trash_the_other_posts":false},"product_brand":[],"product_cat":[664,637],"product_tag":[],"berocket_brand":[1179],"class_list":{"0":"post-123229","1":"product","2":"type-product","3":"status-publish","4":"has-post-thumbnail","6":"product_cat-lahjasarja-meikki","7":"product_cat-meikki","8":"pa_brand-zmile-cosmetics","9":"berocket_brand-zmile-cosmetics","11":"first","12":"instock","13":"sale","14":"taxable","15":"shipping-taxable","16":"purchasable","17":"product-type-simple"},"_links":{"self":[{"href":"https:\/\/stylingagenten.com\/fi\/wp-json\/wp\/v2\/product\/123229","targetHints":{"allow":["GET"]}}],"collection":[{"href":"https:\/\/stylingagenten.com\/fi\/wp-json\/wp\/v2\/product"}],"about":[{"href":"https:\/\/stylingagenten.com\/fi\/wp-json\/wp\/v2\/types\/product"}],"replies":[{"embeddable":true,"href":"https:\/\/stylingagenten.com\/fi\/wp-json\/wp\/v2\/comments?post=123229"}],"version-history":[{"count":0,"href":"https:\/\/stylingagenten.com\/fi\/wp-json\/wp\/v2\/product\/123229\/revisions"}],"wp:featuredmedia":[{"embeddable":true,"href":"https:\/\/stylingagenten.com\/fi\/wp-json\/wp\/v2\/media\/123220"}],"wp:attachment":[{"href":"https:\/\/stylingagenten.com\/fi\/wp-json\/wp\/v2\/media?parent=123229"}],"wp:term":[{"taxonomy":"product_brand","embeddable":true,"href":"https:\/\/stylingagenten.com\/fi\/wp-json\/wp\/v2\/product_brand?post=123229"},{"taxonomy":"product_cat","embeddable":true,"href":"https:\/\/stylingagenten.com\/fi\/wp-json\/wp\/v2\/product_cat?post=123229"},{"taxonomy":"product_tag","embeddable":true,"href":"https:\/\/stylingagenten.com\/fi\/wp-json\/wp\/v2\/product_tag?post=123229"},{"taxonomy":"berocket_brand","embeddable":true,"href":"https:\/\/stylingagenten.com\/fi\/wp-json\/wp\/v2\/berocket_brand?post=123229"}],"curies":[{"name":"wp","href":"https:\/\/api.w.org\/{rel}","templated":true}]}}