{"id":123199,"date":"2025-05-18T21:51:43","date_gmt":"2025-05-18T21:51:43","guid":{"rendered":"https:\/\/staging2.stylingagenten.com\/fi\/produkt\/zmile-cosmetics-makeup-set-all-you-need-to-go-vegan\/"},"modified":"2026-04-08T12:58:53","modified_gmt":"2026-04-08T12:58:53","slug":"zmile-cosmetics-makeup-set-all-you-need-to-go-vegan","status":"publish","type":"product","link":"https:\/\/stylingagenten.com\/fi\/tuote\/zmile-cosmetics-makeup-set-all-you-need-to-go-vegan\/","title":{"rendered":"Zmile Cosmetics Makeup Set All You Need To Go Vegan"},"content":{"rendered":"<p>Zmile Cosmetics All You Need To Go on kompakti meikkisarja, jossa on kaikki mit\u00e4 tarvitset onnistuneeseen ja monipuoliseen meikkiin. Se vie my\u00f6s v\u00e4h\u00e4n tilaa ja on siksi t\u00e4ydellinen ottaa mukaan matkalle.<\/p>\n<p>Sis\u00e4lt\u00e4\u00e4 seuraavat tuotteet:<\/p>\n<p>24 x luomiv\u00e4rit<br \/>8 x poskipuna<br \/>6 x huuli kiilto<br \/> 1 x puuteri<br \/>1 x ripsiv\u00e4ri<br \/>2 x pient\u00e4 sivellint\u00e4<br \/>1 x pieni huuliharja<br \/>1 x applikaattori + peili<\/p>\n","protected":false},"excerpt":{"rendered":"<p>Zmile Cosmetics All You Need To Go on kompakti meikkisarja, jossa on kaikki mit\u00e4 tarvitset onnistuneeseen ja monipuoliseen meikkiin. Se vie my\u00f6s v\u00e4h\u00e4n tilaa ja on siksi t\u00e4ydellinen ottaa mukaan matkalle. Sis\u00e4lt\u00e4\u00e4 seuraavat tuotteet: 24 x luomiv\u00e4rit8 x poskipuna6 x huuli kiilto 1 x puuteri1 x ripsiv\u00e4ri2 x pient\u00e4 sivellint\u00e41 x pieni huuliharja1 x applikaattori [&hellip;]<\/p>\n","protected":false},"featured_media":123193,"comment_status":"open","ping_status":"closed","template":"","meta":{"_trash_the_other_posts":false},"product_brand":[],"product_cat":[664,637],"product_tag":[],"berocket_brand":[1179],"class_list":{"0":"post-123199","1":"product","2":"type-product","3":"status-publish","4":"has-post-thumbnail","6":"product_cat-lahjasarja-meikki","7":"product_cat-meikki","8":"pa_brand-zmile-cosmetics","9":"berocket_brand-zmile-cosmetics","11":"first","12":"instock","13":"sale","14":"taxable","15":"shipping-taxable","16":"purchasable","17":"product-type-simple"},"_links":{"self":[{"href":"https:\/\/stylingagenten.com\/fi\/wp-json\/wp\/v2\/product\/123199","targetHints":{"allow":["GET"]}}],"collection":[{"href":"https:\/\/stylingagenten.com\/fi\/wp-json\/wp\/v2\/product"}],"about":[{"href":"https:\/\/stylingagenten.com\/fi\/wp-json\/wp\/v2\/types\/product"}],"replies":[{"embeddable":true,"href":"https:\/\/stylingagenten.com\/fi\/wp-json\/wp\/v2\/comments?post=123199"}],"version-history":[{"count":0,"href":"https:\/\/stylingagenten.com\/fi\/wp-json\/wp\/v2\/product\/123199\/revisions"}],"wp:featuredmedia":[{"embeddable":true,"href":"https:\/\/stylingagenten.com\/fi\/wp-json\/wp\/v2\/media\/123193"}],"wp:attachment":[{"href":"https:\/\/stylingagenten.com\/fi\/wp-json\/wp\/v2\/media?parent=123199"}],"wp:term":[{"taxonomy":"product_brand","embeddable":true,"href":"https:\/\/stylingagenten.com\/fi\/wp-json\/wp\/v2\/product_brand?post=123199"},{"taxonomy":"product_cat","embeddable":true,"href":"https:\/\/stylingagenten.com\/fi\/wp-json\/wp\/v2\/product_cat?post=123199"},{"taxonomy":"product_tag","embeddable":true,"href":"https:\/\/stylingagenten.com\/fi\/wp-json\/wp\/v2\/product_tag?post=123199"},{"taxonomy":"berocket_brand","embeddable":true,"href":"https:\/\/stylingagenten.com\/fi\/wp-json\/wp\/v2\/berocket_brand?post=123199"}],"curies":[{"name":"wp","href":"https:\/\/api.w.org\/{rel}","templated":true}]}}