{"id":123180,"date":"2025-05-18T21:51:39","date_gmt":"2025-05-18T21:51:39","guid":{"rendered":"https:\/\/staging2.stylingagenten.com\/fi\/produkt\/maybelline-bold-holiday-gift-box\/"},"modified":"2025-12-18T21:28:02","modified_gmt":"2025-12-18T21:28:02","slug":"maybelline-bold-holiday-gift-box","status":"publish","type":"product","link":"https:\/\/stylingagenten.com\/fi\/tuote\/maybelline-bold-holiday-gift-box\/","title":{"rendered":"Maybelline Bold Holiday Gift Box"},"content":{"rendered":"<p>Hanki mukava juhlailme! Laatikko sis\u00e4lt\u00e4\u00e4 Colossal Curl Bounce ripsiv\u00e4rin (musta), joka antaa runsaasti volyymia ja kauniisti kaarevia ripsi\u00e4. Sis\u00e4lt\u00e4\u00e4 my\u00f6s Tattoo Brow Lift Stick (kirkas), joten voit luoda kohotetun kulman ilmeen kahdessa helpossa vaiheessa.<\/p>\n","protected":false},"excerpt":{"rendered":"<p>Hanki mukava juhlailme! Laatikko sis\u00e4lt\u00e4\u00e4 Colossal Curl Bounce ripsiv\u00e4rin (musta), joka antaa runsaasti volyymia ja kauniisti kaarevia ripsi\u00e4. Sis\u00e4lt\u00e4\u00e4 my\u00f6s Tattoo Brow Lift Stick (kirkas), joten voit luoda kohotetun kulman ilmeen kahdessa helpossa vaiheessa.<\/p>\n","protected":false},"featured_media":123178,"comment_status":"open","ping_status":"closed","template":"","meta":{"_trash_the_other_posts":false},"product_brand":[],"product_cat":[664,637],"product_tag":[],"berocket_brand":[1016],"class_list":{"0":"post-123180","1":"product","2":"type-product","3":"status-publish","4":"has-post-thumbnail","6":"product_cat-lahjasarja-meikki","7":"product_cat-meikki","8":"pa_brand-maybelline","9":"berocket_brand-maybelline","11":"first","12":"instock","13":"sale","14":"taxable","15":"shipping-taxable","16":"purchasable","17":"product-type-simple"},"_links":{"self":[{"href":"https:\/\/stylingagenten.com\/fi\/wp-json\/wp\/v2\/product\/123180","targetHints":{"allow":["GET"]}}],"collection":[{"href":"https:\/\/stylingagenten.com\/fi\/wp-json\/wp\/v2\/product"}],"about":[{"href":"https:\/\/stylingagenten.com\/fi\/wp-json\/wp\/v2\/types\/product"}],"replies":[{"embeddable":true,"href":"https:\/\/stylingagenten.com\/fi\/wp-json\/wp\/v2\/comments?post=123180"}],"version-history":[{"count":0,"href":"https:\/\/stylingagenten.com\/fi\/wp-json\/wp\/v2\/product\/123180\/revisions"}],"wp:featuredmedia":[{"embeddable":true,"href":"https:\/\/stylingagenten.com\/fi\/wp-json\/wp\/v2\/media\/123178"}],"wp:attachment":[{"href":"https:\/\/stylingagenten.com\/fi\/wp-json\/wp\/v2\/media?parent=123180"}],"wp:term":[{"taxonomy":"product_brand","embeddable":true,"href":"https:\/\/stylingagenten.com\/fi\/wp-json\/wp\/v2\/product_brand?post=123180"},{"taxonomy":"product_cat","embeddable":true,"href":"https:\/\/stylingagenten.com\/fi\/wp-json\/wp\/v2\/product_cat?post=123180"},{"taxonomy":"product_tag","embeddable":true,"href":"https:\/\/stylingagenten.com\/fi\/wp-json\/wp\/v2\/product_tag?post=123180"},{"taxonomy":"berocket_brand","embeddable":true,"href":"https:\/\/stylingagenten.com\/fi\/wp-json\/wp\/v2\/berocket_brand?post=123180"}],"curies":[{"name":"wp","href":"https:\/\/api.w.org\/{rel}","templated":true}]}}