{"id":123159,"date":"2025-05-18T21:51:33","date_gmt":"2025-05-18T21:51:33","guid":{"rendered":"https:\/\/staging2.stylingagenten.com\/fi\/produkt\/zmile-cosmetics-makeup-box-traveller-blue-vegan\/"},"modified":"2026-04-03T14:18:26","modified_gmt":"2026-04-03T14:18:26","slug":"zmile-cosmetics-makeup-box-traveller-blue-vegan","status":"publish","type":"product","link":"https:\/\/stylingagenten.com\/fi\/tuote\/zmile-cosmetics-makeup-box-traveller-blue-vegan\/","title":{"rendered":"Zmile Cosmetics Makeup Box Traveller Blue Vegan"},"content":{"rendered":"<p>Traveller Blue on matkatoimisto, joka ei j\u00e4t\u00e4 mit\u00e4\u00e4n toivomisen varaa. Luovuudellasi ei ole rajoja! Highlighteri, poskipuna, luomiv\u00e4ri, huulikiilto ja paljon muuta hehkullesi!<\/p>\n<p>48 x luomiv\u00e4ri<br \/>4 x poskipuna<br \/>4 x korostusvoide<br \/>4 x korjausvoide<br \/>3 x kulmakarvat Puuteri<br \/>1 x kulmakarvavaha<br \/>8 x huulikiiltovoide<br \/>3 x huulikiilto<br \/>1 x huuliv\u00e4ri<br \/>1 x taskupeili<br \/>1 x Kajal<br \/>1 x huulikiilto <br \/>3 x kynsilakka<br \/>2 x kaksinkertainen applikaattori<br \/>1 x pitk\u00e4vartinen applikaattori<br \/>1 x pitk\u00e4vartinen huuliharja<br \/>1 x pitk\u00e4vartinen poskipunasivellin<\/p>\n","protected":false},"excerpt":{"rendered":"<p>Traveller Blue on matkatoimisto, joka ei j\u00e4t\u00e4 mit\u00e4\u00e4n toivomisen varaa. Luovuudellasi ei ole rajoja! Highlighteri, poskipuna, luomiv\u00e4ri, huulikiilto ja paljon muuta hehkullesi! 48 x luomiv\u00e4ri4 x poskipuna4 x korostusvoide4 x korjausvoide3 x kulmakarvat Puuteri1 x kulmakarvavaha8 x huulikiiltovoide3 x huulikiilto1 x huuliv\u00e4ri1 x taskupeili1 x Kajal1 x huulikiilto 3 x kynsilakka2 x kaksinkertainen applikaattori1 x [&hellip;]<\/p>\n","protected":false},"featured_media":123136,"comment_status":"open","ping_status":"closed","template":"","meta":{"_trash_the_other_posts":false},"product_brand":[],"product_cat":[664,637],"product_tag":[],"berocket_brand":[1179],"class_list":{"0":"post-123159","1":"product","2":"type-product","3":"status-publish","4":"has-post-thumbnail","6":"product_cat-lahjasarja-meikki","7":"product_cat-meikki","8":"pa_brand-zmile-cosmetics","9":"berocket_brand-zmile-cosmetics","11":"first","12":"instock","13":"sale","14":"taxable","15":"shipping-taxable","16":"purchasable","17":"product-type-simple"},"_links":{"self":[{"href":"https:\/\/stylingagenten.com\/fi\/wp-json\/wp\/v2\/product\/123159","targetHints":{"allow":["GET"]}}],"collection":[{"href":"https:\/\/stylingagenten.com\/fi\/wp-json\/wp\/v2\/product"}],"about":[{"href":"https:\/\/stylingagenten.com\/fi\/wp-json\/wp\/v2\/types\/product"}],"replies":[{"embeddable":true,"href":"https:\/\/stylingagenten.com\/fi\/wp-json\/wp\/v2\/comments?post=123159"}],"version-history":[{"count":0,"href":"https:\/\/stylingagenten.com\/fi\/wp-json\/wp\/v2\/product\/123159\/revisions"}],"wp:featuredmedia":[{"embeddable":true,"href":"https:\/\/stylingagenten.com\/fi\/wp-json\/wp\/v2\/media\/123136"}],"wp:attachment":[{"href":"https:\/\/stylingagenten.com\/fi\/wp-json\/wp\/v2\/media?parent=123159"}],"wp:term":[{"taxonomy":"product_brand","embeddable":true,"href":"https:\/\/stylingagenten.com\/fi\/wp-json\/wp\/v2\/product_brand?post=123159"},{"taxonomy":"product_cat","embeddable":true,"href":"https:\/\/stylingagenten.com\/fi\/wp-json\/wp\/v2\/product_cat?post=123159"},{"taxonomy":"product_tag","embeddable":true,"href":"https:\/\/stylingagenten.com\/fi\/wp-json\/wp\/v2\/product_tag?post=123159"},{"taxonomy":"berocket_brand","embeddable":true,"href":"https:\/\/stylingagenten.com\/fi\/wp-json\/wp\/v2\/berocket_brand?post=123159"}],"curies":[{"name":"wp","href":"https:\/\/api.w.org\/{rel}","templated":true}]}}