{"id":123151,"date":"2025-05-18T21:51:32","date_gmt":"2025-05-18T21:51:32","guid":{"rendered":"https:\/\/staging2.stylingagenten.com\/fi\/produkt\/zmile-cosmetics-giftbox-sweethearts-pastel-love\/"},"modified":"2026-03-26T17:58:50","modified_gmt":"2026-03-26T17:58:50","slug":"zmile-cosmetics-giftbox-sweethearts-pastel-love","status":"publish","type":"product","link":"https:\/\/stylingagenten.com\/fi\/tuote\/zmile-cosmetics-giftbox-sweethearts-pastel-love\/","title":{"rendered":"Zmile Cosmetics Giftbox Sweethearts Pastel Love"},"content":{"rendered":"<p>Lahjarasia &#8221;Sweethearts&#8221; Pastelli Love<br \/>&#8221;Yll\u00e4t\u00e4 rakkaasi&#8221; &#8211; pieni kiva lahjasetti: syd\u00e4met t\u00e4ynn\u00e4 Baked Blush, Baked Eyeshadow ja hohtava huulikiilto. Kevyt, silkkinen rakenne, eritt\u00e4in hieno puuteri, korkea peitt\u00e4vyys.<br \/>Vinkki: Levit\u00e4 helposti sormella. Levit\u00e4 kosteaa saadaksesi voimakkaammat v\u00e4ritulokset.<\/p>\n<p>1 x luomiv\u00e4ri<br \/>1 x poskipuna<br \/>1 x huulikiilto<\/p>\n","protected":false},"excerpt":{"rendered":"<p>Lahjarasia &#8221;Sweethearts&#8221; Pastelli Love&#8221;Yll\u00e4t\u00e4 rakkaasi&#8221; &#8211; pieni kiva lahjasetti: syd\u00e4met t\u00e4ynn\u00e4 Baked Blush, Baked Eyeshadow ja hohtava huulikiilto. Kevyt, silkkinen rakenne, eritt\u00e4in hieno puuteri, korkea peitt\u00e4vyys.Vinkki: Levit\u00e4 helposti sormella. Levit\u00e4 kosteaa saadaksesi voimakkaammat v\u00e4ritulokset. 1 x luomiv\u00e4ri1 x poskipuna1 x huulikiilto<\/p>\n","protected":false},"featured_media":123142,"comment_status":"open","ping_status":"closed","template":"","meta":{"_trash_the_other_posts":false},"product_brand":[],"product_cat":[664,1005,613],"product_tag":[],"berocket_brand":[1179],"class_list":{"0":"post-123151","1":"product","2":"type-product","3":"status-publish","4":"has-post-thumbnail","6":"product_cat-lahjasarja-meikki","7":"product_cat-outlet","8":"product_cat-rouge","9":"pa_brand-zmile-cosmetics","10":"berocket_brand-zmile-cosmetics","12":"first","13":"instock","14":"sale","15":"taxable","16":"shipping-taxable","17":"purchasable","18":"product-type-simple"},"_links":{"self":[{"href":"https:\/\/stylingagenten.com\/fi\/wp-json\/wp\/v2\/product\/123151","targetHints":{"allow":["GET"]}}],"collection":[{"href":"https:\/\/stylingagenten.com\/fi\/wp-json\/wp\/v2\/product"}],"about":[{"href":"https:\/\/stylingagenten.com\/fi\/wp-json\/wp\/v2\/types\/product"}],"replies":[{"embeddable":true,"href":"https:\/\/stylingagenten.com\/fi\/wp-json\/wp\/v2\/comments?post=123151"}],"version-history":[{"count":0,"href":"https:\/\/stylingagenten.com\/fi\/wp-json\/wp\/v2\/product\/123151\/revisions"}],"wp:featuredmedia":[{"embeddable":true,"href":"https:\/\/stylingagenten.com\/fi\/wp-json\/wp\/v2\/media\/123142"}],"wp:attachment":[{"href":"https:\/\/stylingagenten.com\/fi\/wp-json\/wp\/v2\/media?parent=123151"}],"wp:term":[{"taxonomy":"product_brand","embeddable":true,"href":"https:\/\/stylingagenten.com\/fi\/wp-json\/wp\/v2\/product_brand?post=123151"},{"taxonomy":"product_cat","embeddable":true,"href":"https:\/\/stylingagenten.com\/fi\/wp-json\/wp\/v2\/product_cat?post=123151"},{"taxonomy":"product_tag","embeddable":true,"href":"https:\/\/stylingagenten.com\/fi\/wp-json\/wp\/v2\/product_tag?post=123151"},{"taxonomy":"berocket_brand","embeddable":true,"href":"https:\/\/stylingagenten.com\/fi\/wp-json\/wp\/v2\/berocket_brand?post=123151"}],"curies":[{"name":"wp","href":"https:\/\/api.w.org\/{rel}","templated":true}]}}