{"id":123135,"date":"2025-05-18T21:51:28","date_gmt":"2025-05-18T21:51:28","guid":{"rendered":"https:\/\/staging2.stylingagenten.com\/fi\/produkt\/zmile-cosmetics-makeup-box-merry-berry-vegan\/"},"modified":"2026-03-21T10:47:27","modified_gmt":"2026-03-21T10:47:27","slug":"zmile-cosmetics-makeup-box-merry-berry-vegan","status":"publish","type":"product","link":"https:\/\/stylingagenten.com\/fi\/tuote\/zmile-cosmetics-makeup-box-merry-berry-vegan\/","title":{"rendered":"Zmile Cosmetics Makeup Box Merry Berry Vegan"},"content":{"rendered":"<p>Merry Berry &#8211; vegaaninen kosmetiikka<br \/>T\u00e4m\u00e4n marjanv\u00e4risen meikkilaatikon avulla voit kokeilla erilaisia \u200b\u200bv\u00e4rej\u00e4 ja s\u00e4vyj\u00e4 l\u00f6yt\u00e4\u00e4ksesi itsellesi sopivan tai tutustua uusiin tyyleihin.<\/p>\n<p>18 X Eyeshadow<br \/>2 X Blush <br \/>1 X Highlighter<br \/>2 X Kulmakarvapuuteri<br \/>1 X Kulmien vaha<br \/>3 X Kynsilakka<br \/>2 x Huulikiilto<br \/>1 X Ripsiv\u00e4ri<br \/>1 X Kajal<br \/>1 X Huultenrajaus<br \/>2 x tuplaapplikaattori<br \/>1 x minimeikkisekoitin<br \/>1 x kaksipuolinen kulmakarvojen sivellin<br \/>1 x poskipunasivellin<br \/>1 x py\u00f6re\u00e4 peili<\/p>\n","protected":false},"excerpt":{"rendered":"<p>Merry Berry &#8211; vegaaninen kosmetiikkaT\u00e4m\u00e4n marjanv\u00e4risen meikkilaatikon avulla voit kokeilla erilaisia \u200b\u200bv\u00e4rej\u00e4 ja s\u00e4vyj\u00e4 l\u00f6yt\u00e4\u00e4ksesi itsellesi sopivan tai tutustua uusiin tyyleihin. 18 X Eyeshadow2 X Blush 1 X Highlighter2 X Kulmakarvapuuteri1 X Kulmien vaha3 X Kynsilakka2 x Huulikiilto1 X Ripsiv\u00e4ri1 X Kajal1 X Huultenrajaus2 x tuplaapplikaattori1 x minimeikkisekoitin1 x kaksipuolinen kulmakarvojen sivellin1 x poskipunasivellin1 x [&hellip;]<\/p>\n","protected":false},"featured_media":123111,"comment_status":"open","ping_status":"closed","template":"","meta":{"_trash_the_other_posts":false},"product_brand":[],"product_cat":[664,581],"product_tag":[],"berocket_brand":[1179],"class_list":{"0":"post-123135","1":"product","2":"type-product","3":"status-publish","4":"has-post-thumbnail","6":"product_cat-lahjasarja-meikki","7":"product_cat-luomivari","8":"pa_brand-zmile-cosmetics","9":"berocket_brand-zmile-cosmetics","11":"first","12":"instock","13":"sale","14":"taxable","15":"shipping-taxable","16":"purchasable","17":"product-type-simple"},"_links":{"self":[{"href":"https:\/\/stylingagenten.com\/fi\/wp-json\/wp\/v2\/product\/123135","targetHints":{"allow":["GET"]}}],"collection":[{"href":"https:\/\/stylingagenten.com\/fi\/wp-json\/wp\/v2\/product"}],"about":[{"href":"https:\/\/stylingagenten.com\/fi\/wp-json\/wp\/v2\/types\/product"}],"replies":[{"embeddable":true,"href":"https:\/\/stylingagenten.com\/fi\/wp-json\/wp\/v2\/comments?post=123135"}],"version-history":[{"count":0,"href":"https:\/\/stylingagenten.com\/fi\/wp-json\/wp\/v2\/product\/123135\/revisions"}],"wp:featuredmedia":[{"embeddable":true,"href":"https:\/\/stylingagenten.com\/fi\/wp-json\/wp\/v2\/media\/123111"}],"wp:attachment":[{"href":"https:\/\/stylingagenten.com\/fi\/wp-json\/wp\/v2\/media?parent=123135"}],"wp:term":[{"taxonomy":"product_brand","embeddable":true,"href":"https:\/\/stylingagenten.com\/fi\/wp-json\/wp\/v2\/product_brand?post=123135"},{"taxonomy":"product_cat","embeddable":true,"href":"https:\/\/stylingagenten.com\/fi\/wp-json\/wp\/v2\/product_cat?post=123135"},{"taxonomy":"product_tag","embeddable":true,"href":"https:\/\/stylingagenten.com\/fi\/wp-json\/wp\/v2\/product_tag?post=123135"},{"taxonomy":"berocket_brand","embeddable":true,"href":"https:\/\/stylingagenten.com\/fi\/wp-json\/wp\/v2\/berocket_brand?post=123135"}],"curies":[{"name":"wp","href":"https:\/\/api.w.org\/{rel}","templated":true}]}}