{"id":123115,"date":"2025-05-18T21:51:26","date_gmt":"2025-05-18T21:51:26","guid":{"rendered":"https:\/\/staging2.stylingagenten.com\/fi\/produkt\/zmile-cosmetics-beauty-set-what-a-look\/"},"modified":"2025-12-18T21:28:07","modified_gmt":"2025-12-18T21:28:07","slug":"zmile-cosmetics-beauty-set-what-a-look","status":"publish","type":"product","link":"https:\/\/stylingagenten.com\/fi\/tuote\/zmile-cosmetics-beauty-set-what-a-look\/","title":{"rendered":"Zmile Cosmetics Beauty Set WHAT A LOOK!"},"content":{"rendered":"<p>MIK\u00c4 LOOK!<br \/>Mik\u00e4 sopii jokaiseen k\u00e4silaukkuun ja antaa sinun luoda ilmeen viidess\u00e4 minuutissa? Uusi ZMILE-kotelo!<br \/>Sis\u00e4lt\u00e4 l\u00f6yd\u00e4t kaiken mit\u00e4 tarvitset spontaaniin lookiin: kauniin luomiv\u00e4rin, ripsiv\u00e4rin ja kulmakyn\u00e4n &#8211; kaikki vegaanista! Ja tietysti voit k\u00e4ytt\u00e4\u00e4 tyylik\u00e4st\u00e4 koteloa suosikki aurinkolaseihisi!<\/p>\n<p>1 x lasikotelo<br \/>1 x ripsiv\u00e4ri<br \/>1 x kermainen luomiv\u00e4rikyn\u00e4<br \/>1 x kulmakarvat<\/p>\n","protected":false},"excerpt":{"rendered":"<p>MIK\u00c4 LOOK!Mik\u00e4 sopii jokaiseen k\u00e4silaukkuun ja antaa sinun luoda ilmeen viidess\u00e4 minuutissa? Uusi ZMILE-kotelo!Sis\u00e4lt\u00e4 l\u00f6yd\u00e4t kaiken mit\u00e4 tarvitset spontaaniin lookiin: kauniin luomiv\u00e4rin, ripsiv\u00e4rin ja kulmakyn\u00e4n &#8211; kaikki vegaanista! Ja tietysti voit k\u00e4ytt\u00e4\u00e4 tyylik\u00e4st\u00e4 koteloa suosikki aurinkolaseihisi! 1 x lasikotelo1 x ripsiv\u00e4ri1 x kermainen luomiv\u00e4rikyn\u00e41 x kulmakarvat<\/p>\n","protected":false},"featured_media":123105,"comment_status":"open","ping_status":"closed","template":"","meta":{"_trash_the_other_posts":false},"product_brand":[],"product_cat":[664,637],"product_tag":[],"berocket_brand":[1179],"class_list":{"0":"post-123115","1":"product","2":"type-product","3":"status-publish","4":"has-post-thumbnail","6":"product_cat-lahjasarja-meikki","7":"product_cat-meikki","8":"pa_brand-zmile-cosmetics","9":"berocket_brand-zmile-cosmetics","11":"first","12":"instock","13":"sale","14":"taxable","15":"shipping-taxable","16":"purchasable","17":"product-type-simple"},"_links":{"self":[{"href":"https:\/\/stylingagenten.com\/fi\/wp-json\/wp\/v2\/product\/123115","targetHints":{"allow":["GET"]}}],"collection":[{"href":"https:\/\/stylingagenten.com\/fi\/wp-json\/wp\/v2\/product"}],"about":[{"href":"https:\/\/stylingagenten.com\/fi\/wp-json\/wp\/v2\/types\/product"}],"replies":[{"embeddable":true,"href":"https:\/\/stylingagenten.com\/fi\/wp-json\/wp\/v2\/comments?post=123115"}],"version-history":[{"count":0,"href":"https:\/\/stylingagenten.com\/fi\/wp-json\/wp\/v2\/product\/123115\/revisions"}],"wp:featuredmedia":[{"embeddable":true,"href":"https:\/\/stylingagenten.com\/fi\/wp-json\/wp\/v2\/media\/123105"}],"wp:attachment":[{"href":"https:\/\/stylingagenten.com\/fi\/wp-json\/wp\/v2\/media?parent=123115"}],"wp:term":[{"taxonomy":"product_brand","embeddable":true,"href":"https:\/\/stylingagenten.com\/fi\/wp-json\/wp\/v2\/product_brand?post=123115"},{"taxonomy":"product_cat","embeddable":true,"href":"https:\/\/stylingagenten.com\/fi\/wp-json\/wp\/v2\/product_cat?post=123115"},{"taxonomy":"product_tag","embeddable":true,"href":"https:\/\/stylingagenten.com\/fi\/wp-json\/wp\/v2\/product_tag?post=123115"},{"taxonomy":"berocket_brand","embeddable":true,"href":"https:\/\/stylingagenten.com\/fi\/wp-json\/wp\/v2\/berocket_brand?post=123115"}],"curies":[{"name":"wp","href":"https:\/\/api.w.org\/{rel}","templated":true}]}}