{"id":123102,"date":"2025-05-18T21:51:22","date_gmt":"2025-05-18T21:51:22","guid":{"rendered":"https:\/\/staging2.stylingagenten.com\/fi\/produkt\/zmile-cosmetics-makeup-box-acrylic-vegan\/"},"modified":"2026-04-13T10:58:33","modified_gmt":"2026-04-13T10:58:33","slug":"zmile-cosmetics-makeup-box-acrylic-vegan","status":"publish","type":"product","link":"https:\/\/stylingagenten.com\/fi\/tuote\/zmile-cosmetics-makeup-box-acrylic-vegan\/","title":{"rendered":"Zmile Cosmetics Makeup Box Acrylic Vegan"},"content":{"rendered":"<p>Zmile Cosmetics Makeup Box Akryyli Vegaaninen<br \/>Kauneusrasia, joka sis\u00e4lt\u00e4\u00e4 kaiken mit\u00e4 ajattelet, kaikki siististi pakattuna k\u00e4yt\u00e4nn\u00f6lliseen ja suureen l\u00e4pin\u00e4kyv\u00e4\u00e4n laatikkoon.<br \/>16 x luomiv\u00e4ri<br \/>2 x poskipuna<br \/>1 x kasvopuuteri <br \/>3 x huulipuna<br \/>1 x Kajal<br \/>1 x huulikiilto<br \/>2 x huulikiilto<br \/>2 x huulikiiltovoide (purkki)<br \/>3 x kynsilakka<br \/>1 x kynsi Viila<br \/>1 x Toe Spreader<br \/>1 x Choice kynsitarrat<br \/>2 x manikyyritikkuja<br \/>2 x applikaattori<br \/>1 x teroitin<br \/>1 x poskipunasivellin<br \/>1 x taskupeili<br \/>1 x s\u00e4ilytyslaatikko peilill\u00e4 luomiv\u00e4rille tai poskipunalle<\/p>\n","protected":false},"excerpt":{"rendered":"<p>Zmile Cosmetics Makeup Box Akryyli VegaaninenKauneusrasia, joka sis\u00e4lt\u00e4\u00e4 kaiken mit\u00e4 ajattelet, kaikki siististi pakattuna k\u00e4yt\u00e4nn\u00f6lliseen ja suureen l\u00e4pin\u00e4kyv\u00e4\u00e4n laatikkoon.16 x luomiv\u00e4ri2 x poskipuna1 x kasvopuuteri 3 x huulipuna1 x Kajal1 x huulikiilto2 x huulikiilto2 x huulikiiltovoide (purkki)3 x kynsilakka1 x kynsi Viila1 x Toe Spreader1 x Choice kynsitarrat2 x manikyyritikkuja2 x applikaattori1 x teroitin1 x [&hellip;]<\/p>\n","protected":false},"featured_media":123085,"comment_status":"open","ping_status":"closed","template":"","meta":{"_trash_the_other_posts":false},"product_brand":[],"product_cat":[664,637],"product_tag":[],"berocket_brand":[1179],"class_list":{"0":"post-123102","1":"product","2":"type-product","3":"status-publish","4":"has-post-thumbnail","6":"product_cat-lahjasarja-meikki","7":"product_cat-meikki","8":"pa_brand-zmile-cosmetics","9":"berocket_brand-zmile-cosmetics","11":"first","12":"instock","13":"sale","14":"taxable","15":"shipping-taxable","16":"purchasable","17":"product-type-simple"},"_links":{"self":[{"href":"https:\/\/stylingagenten.com\/fi\/wp-json\/wp\/v2\/product\/123102","targetHints":{"allow":["GET"]}}],"collection":[{"href":"https:\/\/stylingagenten.com\/fi\/wp-json\/wp\/v2\/product"}],"about":[{"href":"https:\/\/stylingagenten.com\/fi\/wp-json\/wp\/v2\/types\/product"}],"replies":[{"embeddable":true,"href":"https:\/\/stylingagenten.com\/fi\/wp-json\/wp\/v2\/comments?post=123102"}],"version-history":[{"count":0,"href":"https:\/\/stylingagenten.com\/fi\/wp-json\/wp\/v2\/product\/123102\/revisions"}],"wp:featuredmedia":[{"embeddable":true,"href":"https:\/\/stylingagenten.com\/fi\/wp-json\/wp\/v2\/media\/123085"}],"wp:attachment":[{"href":"https:\/\/stylingagenten.com\/fi\/wp-json\/wp\/v2\/media?parent=123102"}],"wp:term":[{"taxonomy":"product_brand","embeddable":true,"href":"https:\/\/stylingagenten.com\/fi\/wp-json\/wp\/v2\/product_brand?post=123102"},{"taxonomy":"product_cat","embeddable":true,"href":"https:\/\/stylingagenten.com\/fi\/wp-json\/wp\/v2\/product_cat?post=123102"},{"taxonomy":"product_tag","embeddable":true,"href":"https:\/\/stylingagenten.com\/fi\/wp-json\/wp\/v2\/product_tag?post=123102"},{"taxonomy":"berocket_brand","embeddable":true,"href":"https:\/\/stylingagenten.com\/fi\/wp-json\/wp\/v2\/berocket_brand?post=123102"}],"curies":[{"name":"wp","href":"https:\/\/api.w.org\/{rel}","templated":true}]}}