{"id":123101,"date":"2025-05-18T21:51:22","date_gmt":"2025-05-18T21:51:22","guid":{"rendered":"https:\/\/staging2.stylingagenten.com\/fi\/produkt\/zmile-cosmetics-makeup-set-diamonds-vegan\/"},"modified":"2026-04-11T17:59:11","modified_gmt":"2026-04-11T17:59:11","slug":"zmile-cosmetics-makeup-set-diamonds-vegan","status":"publish","type":"product","link":"https:\/\/stylingagenten.com\/fi\/tuote\/zmile-cosmetics-makeup-set-diamonds-vegan\/","title":{"rendered":"Zmile Cosmetics Makeup Set Diamonds Vegan"},"content":{"rendered":"<p>Ilahduta kimaltelevaa lookiasi!<br \/>Anna t\u00e4m\u00e4n pienen mutta monipuolisen meikkisetin yll\u00e4tt\u00e4\u00e4 sinut yh\u00e4 uudelleen. Zmile Cosmetics Makeup Set Diamonds Vegan -meikkisarjan avulla voit kokeilla erilaisia \u200b\u200bv\u00e4rej\u00e4 ja s\u00e4vyj\u00e4 tutkiaksesi uusia tyylej\u00e4 ja l\u00f6yt\u00e4\u00e4ksesi itsellesi sopivan. Se on my\u00f6s pieni ja kompakti, joten se on t\u00e4ydellinen ottaa mukaan matkalle!&nbsp;<em>Timantit ovat ikuisia \u2013 ja ikuisuus alkaa nyt&#8230;<\/em><\/p>\n<p>Sis\u00e4lt\u00e4\u00e4:<br \/>16 x luomiv\u00e4ri\u00e4<br \/>8 x huulikiilto<br \/>8 x vartalokiilto<br \/>3 x poskipuna<br \/>2 x puuteri<br \/>1 x puffi<br \/>1 x 3-osainen sivellin\/applikaattori<br \/>1 x integroitu peili<\/p>\n","protected":false},"excerpt":{"rendered":"<p>Ilahduta kimaltelevaa lookiasi!Anna t\u00e4m\u00e4n pienen mutta monipuolisen meikkisetin yll\u00e4tt\u00e4\u00e4 sinut yh\u00e4 uudelleen. Zmile Cosmetics Makeup Set Diamonds Vegan -meikkisarjan avulla voit kokeilla erilaisia \u200b\u200bv\u00e4rej\u00e4 ja s\u00e4vyj\u00e4 tutkiaksesi uusia tyylej\u00e4 ja l\u00f6yt\u00e4\u00e4ksesi itsellesi sopivan. Se on my\u00f6s pieni ja kompakti, joten se on t\u00e4ydellinen ottaa mukaan matkalle!&nbsp;Timantit ovat ikuisia \u2013 ja ikuisuus alkaa nyt&#8230; Sis\u00e4lt\u00e4\u00e4:16 x [&hellip;]<\/p>\n","protected":false},"featured_media":123087,"comment_status":"open","ping_status":"closed","template":"","meta":{"_trash_the_other_posts":false},"product_brand":[],"product_cat":[664,581,1003],"product_tag":[],"berocket_brand":[1179],"class_list":{"0":"post-123101","1":"product","2":"type-product","3":"status-publish","4":"has-post-thumbnail","6":"product_cat-lahjasarja-meikki","7":"product_cat-luomivari","8":"product_cat-myydyimmat","9":"pa_brand-zmile-cosmetics","10":"berocket_brand-zmile-cosmetics","12":"first","13":"instock","14":"sale","15":"taxable","16":"shipping-taxable","17":"purchasable","18":"product-type-simple"},"_links":{"self":[{"href":"https:\/\/stylingagenten.com\/fi\/wp-json\/wp\/v2\/product\/123101","targetHints":{"allow":["GET"]}}],"collection":[{"href":"https:\/\/stylingagenten.com\/fi\/wp-json\/wp\/v2\/product"}],"about":[{"href":"https:\/\/stylingagenten.com\/fi\/wp-json\/wp\/v2\/types\/product"}],"replies":[{"embeddable":true,"href":"https:\/\/stylingagenten.com\/fi\/wp-json\/wp\/v2\/comments?post=123101"}],"version-history":[{"count":0,"href":"https:\/\/stylingagenten.com\/fi\/wp-json\/wp\/v2\/product\/123101\/revisions"}],"wp:featuredmedia":[{"embeddable":true,"href":"https:\/\/stylingagenten.com\/fi\/wp-json\/wp\/v2\/media\/123087"}],"wp:attachment":[{"href":"https:\/\/stylingagenten.com\/fi\/wp-json\/wp\/v2\/media?parent=123101"}],"wp:term":[{"taxonomy":"product_brand","embeddable":true,"href":"https:\/\/stylingagenten.com\/fi\/wp-json\/wp\/v2\/product_brand?post=123101"},{"taxonomy":"product_cat","embeddable":true,"href":"https:\/\/stylingagenten.com\/fi\/wp-json\/wp\/v2\/product_cat?post=123101"},{"taxonomy":"product_tag","embeddable":true,"href":"https:\/\/stylingagenten.com\/fi\/wp-json\/wp\/v2\/product_tag?post=123101"},{"taxonomy":"berocket_brand","embeddable":true,"href":"https:\/\/stylingagenten.com\/fi\/wp-json\/wp\/v2\/berocket_brand?post=123101"}],"curies":[{"name":"wp","href":"https:\/\/api.w.org\/{rel}","templated":true}]}}