{"id":123007,"date":"2025-05-18T21:50:57","date_gmt":"2025-05-18T21:50:57","guid":{"rendered":"https:\/\/staging2.stylingagenten.com\/fi\/produkt\/giftset-beard-monkey-silver-rain\/"},"modified":"2026-02-21T10:06:29","modified_gmt":"2026-02-21T10:06:29","slug":"giftset-beard-monkey-silver-rain","status":"publish","type":"product","link":"https:\/\/stylingagenten.com\/fi\/tuote\/giftset-beard-monkey-silver-rain\/","title":{"rendered":"Giftset Beard Monkey Silver Rain"},"content":{"rendered":"<p><strong>Beard Monkey Parym Kit Silver Rain&nbsp;<\/strong><\/p>\n<p>T\u00e4m\u00e4 Beard Monkeyn setti sis\u00e4lt\u00e4\u00e4 EAU DE PARFUMin ja deon.<br \/>Intohimoinen ja klassinen tuoksu, joka s\u00e4teilee itse\u00e4\u00e4n luottamusta. Tuoksu korostaa aistillista maskuliinisuutta ja sopii sek\u00e4 p\u00e4iv\u00e4- ett\u00e4 y\u00f6k\u00e4ytt\u00f6\u00f6n. Deon on tehokas antiperspirantti, jonka raikas tuoksu on hell\u00e4varainen iholle. Ehk\u00e4isee sek\u00e4 hike\u00e4 ett\u00e4 pahaa hajua. Alkoholista vapaa. Anna kuivua ennen kosketusta vaatteisiin.<\/p>\n<p><strong>Tuoksutuoksu:<br \/><\/strong>&#8211; Alkutuoksu: sitruuna, minttu, vihre\u00e4 omena<br \/>&#8211; Syd\u00e4ntuoksu: geranium<br \/>&#8211; Pohjatuoksu : Puu, Tonkab&ouml;na<br \/>&#8211; Rajoitettu er\u00e4<\/p>\n<p><strong>T\u00e4m\u00e4 setti sis\u00e4lt\u00e4\u00e4:<br \/><\/strong>EAU DE PARFUM 50 ml<br \/>Deo antiperspirantti 50 ml<\/p>\n","protected":false},"excerpt":{"rendered":"<p>Beard Monkey Parym Kit Silver Rain&nbsp; T\u00e4m\u00e4 Beard Monkeyn setti sis\u00e4lt\u00e4\u00e4 EAU DE PARFUMin ja deon.Intohimoinen ja klassinen tuoksu, joka s\u00e4teilee itse\u00e4\u00e4n luottamusta. Tuoksu korostaa aistillista maskuliinisuutta ja sopii sek\u00e4 p\u00e4iv\u00e4- ett\u00e4 y\u00f6k\u00e4ytt\u00f6\u00f6n. Deon on tehokas antiperspirantti, jonka raikas tuoksu on hell\u00e4varainen iholle. Ehk\u00e4isee sek\u00e4 hike\u00e4 ett\u00e4 pahaa hajua. Alkoholista vapaa. Anna kuivua ennen kosketusta [&hellip;]<\/p>\n","protected":false},"featured_media":123005,"comment_status":"open","ping_status":"closed","template":"","meta":{"_trash_the_other_posts":false},"product_brand":[],"product_cat":[548,711],"product_tag":[],"berocket_brand":[1077],"class_list":{"0":"post-123007","1":"product","2":"type-product","3":"status-publish","4":"has-post-thumbnail","6":"product_cat-gave-parfyme-herre","7":"product_cat-tuoksu-miehille","8":"pa_brand-beard-monkey","9":"berocket_brand-beard-monkey","11":"first","12":"instock","13":"sale","14":"taxable","15":"shipping-taxable","16":"purchasable","17":"product-type-simple"},"_links":{"self":[{"href":"https:\/\/stylingagenten.com\/fi\/wp-json\/wp\/v2\/product\/123007","targetHints":{"allow":["GET"]}}],"collection":[{"href":"https:\/\/stylingagenten.com\/fi\/wp-json\/wp\/v2\/product"}],"about":[{"href":"https:\/\/stylingagenten.com\/fi\/wp-json\/wp\/v2\/types\/product"}],"replies":[{"embeddable":true,"href":"https:\/\/stylingagenten.com\/fi\/wp-json\/wp\/v2\/comments?post=123007"}],"version-history":[{"count":0,"href":"https:\/\/stylingagenten.com\/fi\/wp-json\/wp\/v2\/product\/123007\/revisions"}],"wp:featuredmedia":[{"embeddable":true,"href":"https:\/\/stylingagenten.com\/fi\/wp-json\/wp\/v2\/media\/123005"}],"wp:attachment":[{"href":"https:\/\/stylingagenten.com\/fi\/wp-json\/wp\/v2\/media?parent=123007"}],"wp:term":[{"taxonomy":"product_brand","embeddable":true,"href":"https:\/\/stylingagenten.com\/fi\/wp-json\/wp\/v2\/product_brand?post=123007"},{"taxonomy":"product_cat","embeddable":true,"href":"https:\/\/stylingagenten.com\/fi\/wp-json\/wp\/v2\/product_cat?post=123007"},{"taxonomy":"product_tag","embeddable":true,"href":"https:\/\/stylingagenten.com\/fi\/wp-json\/wp\/v2\/product_tag?post=123007"},{"taxonomy":"berocket_brand","embeddable":true,"href":"https:\/\/stylingagenten.com\/fi\/wp-json\/wp\/v2\/berocket_brand?post=123007"}],"curies":[{"name":"wp","href":"https:\/\/api.w.org\/{rel}","templated":true}]}}