{"id":122996,"date":"2025-05-18T21:50:53","date_gmt":"2025-05-18T21:50:53","guid":{"rendered":"https:\/\/staging2.stylingagenten.com\/fi\/produkt\/giftset-beard-monkey-beard-kit-licorice\/"},"modified":"2026-04-10T21:38:26","modified_gmt":"2026-04-10T21:38:26","slug":"giftset-beard-monkey-beard-kit-licorice","status":"publish","type":"product","link":"https:\/\/stylingagenten.com\/fi\/tuote\/giftset-beard-monkey-beard-kit-licorice\/","title":{"rendered":"Giftset Beard Monkey Beard Kit Licorice 2023"},"content":{"rendered":"<p><strong>Lahjasetti Beard Monkey Lakritsi <br \/><\/strong>T\u00e4m\u00e4 Beard Monkeyn pakkaus sis\u00e4lt\u00e4\u00e4 parta\u00f6ljyn ja lakritsan tuoksun sis\u00e4lt\u00e4v\u00e4n partashampoon. \u00d6ljyll\u00e4 on kosteuttava vaikutus ja se antaa raikkaan tunteen, joka kest\u00e4\u00e4 koko p\u00e4iv\u00e4n. Shampoo on suunniteltu antamaan sinulle sile\u00e4 parta, jossa on hyv\u00e4 kosteustasapaino. Setti sis\u00e4lt\u00e4\u00e4: Beard Monkey Beard Oil Lakritsi 50 ml<br \/>Parta Monkey Beard Shampoo Lakritsi 100 ml<strong>&nbsp;<\/strong><\/p>\n","protected":false},"excerpt":{"rendered":"<p>Lahjasetti Beard Monkey Lakritsi T\u00e4m\u00e4 Beard Monkeyn pakkaus sis\u00e4lt\u00e4\u00e4 parta\u00f6ljyn ja lakritsan tuoksun sis\u00e4lt\u00e4v\u00e4n partashampoon. \u00d6ljyll\u00e4 on kosteuttava vaikutus ja se antaa raikkaan tunteen, joka kest\u00e4\u00e4 koko p\u00e4iv\u00e4n. Shampoo on suunniteltu antamaan sinulle sile\u00e4 parta, jossa on hyv\u00e4 kosteustasapaino. Setti sis\u00e4lt\u00e4\u00e4: Beard Monkey Beard Oil Lakritsi 50 mlParta Monkey Beard Shampoo Lakritsi 100 ml&nbsp;<\/p>\n","protected":false},"featured_media":122995,"comment_status":"open","ping_status":"closed","template":"","meta":{"_trash_the_other_posts":false},"product_brand":[],"product_cat":[665],"product_tag":[],"berocket_brand":[1077],"class_list":{"0":"post-122996","1":"product","2":"type-product","3":"status-publish","4":"has-post-thumbnail","6":"product_cat-lahjasetti-parranhoito","7":"pa_brand-beard-monkey","8":"berocket_brand-beard-monkey","10":"first","11":"instock","12":"sale","13":"taxable","14":"shipping-taxable","15":"purchasable","16":"product-type-simple"},"_links":{"self":[{"href":"https:\/\/stylingagenten.com\/fi\/wp-json\/wp\/v2\/product\/122996","targetHints":{"allow":["GET"]}}],"collection":[{"href":"https:\/\/stylingagenten.com\/fi\/wp-json\/wp\/v2\/product"}],"about":[{"href":"https:\/\/stylingagenten.com\/fi\/wp-json\/wp\/v2\/types\/product"}],"replies":[{"embeddable":true,"href":"https:\/\/stylingagenten.com\/fi\/wp-json\/wp\/v2\/comments?post=122996"}],"version-history":[{"count":0,"href":"https:\/\/stylingagenten.com\/fi\/wp-json\/wp\/v2\/product\/122996\/revisions"}],"wp:featuredmedia":[{"embeddable":true,"href":"https:\/\/stylingagenten.com\/fi\/wp-json\/wp\/v2\/media\/122995"}],"wp:attachment":[{"href":"https:\/\/stylingagenten.com\/fi\/wp-json\/wp\/v2\/media?parent=122996"}],"wp:term":[{"taxonomy":"product_brand","embeddable":true,"href":"https:\/\/stylingagenten.com\/fi\/wp-json\/wp\/v2\/product_brand?post=122996"},{"taxonomy":"product_cat","embeddable":true,"href":"https:\/\/stylingagenten.com\/fi\/wp-json\/wp\/v2\/product_cat?post=122996"},{"taxonomy":"product_tag","embeddable":true,"href":"https:\/\/stylingagenten.com\/fi\/wp-json\/wp\/v2\/product_tag?post=122996"},{"taxonomy":"berocket_brand","embeddable":true,"href":"https:\/\/stylingagenten.com\/fi\/wp-json\/wp\/v2\/berocket_brand?post=122996"}],"curies":[{"name":"wp","href":"https:\/\/api.w.org\/{rel}","templated":true}]}}