{"id":122993,"date":"2025-05-18T21:50:52","date_gmt":"2025-05-18T21:50:52","guid":{"rendered":"https:\/\/staging2.stylingagenten.com\/fi\/produkt\/makeup-revolution-mini-matte-heroes\/"},"modified":"2025-12-18T21:27:57","modified_gmt":"2025-12-18T21:27:57","slug":"makeup-revolution-mini-matte-heroes","status":"publish","type":"product","link":"https:\/\/stylingagenten.com\/fi\/tuote\/makeup-revolution-mini-matte-heroes\/","title":{"rendered":"Makeup Revolution Mini Matte Heroes"},"content":{"rendered":"<p>Makeup Revolution Mini Matte Heroes<br \/>\n<br \/>P\u00e4ivit\u00e4 Secret Santa -lahjasi Mini Matte Heroes Gift Setill\u00e4.<\/p>\n<p>Juhli p\u00e4iv\u00e4st\u00e4 y\u00f6h\u00f6n t\u00e4m\u00e4n lahjasetin kanssa. Suunniteltu lukitsemaan ilmeesi jopa 12 tunniksi, parhaiten myyv\u00e4 fixing spraymme vaihtaa kiillon hienovaraiseksi mattapinnaksi. Loose Baking Powder on saanut yli 800+ 5 t\u00e4hden arvostelua, joten tied\u00e4t olevasi turvallisissa k\u00e4siss\u00e4!<\/p>\n<p>Mit\u00e4 on Mini Matte Heroes Gift Setiss\u00e4?<br \/>\n<br \/>1 x Mini Makeup Revolution The Big Matte Fix Setting Spray 30 ml \u2013 Mini-versio parhaiten myyv\u00e4st\u00e4 fixing sprayst\u00e4mme, t\u00e4m\u00e4 meikkituote est\u00e4\u00e4 kaiken kiillon ja antaa sinulle mattapinnan, joka kest\u00e4\u00e4 koko p\u00e4iv\u00e4n. Kevyt ja ilmava, se auttaa est\u00e4m\u00e4\u00e4n pinnallista kiiltoa luonnollisen mattapinnan saamiseksi, joten voit nauttia ilmeest\u00e4si jopa 12 tuntia (tai y\u00f6n loppuun asti!).<br \/>\n<br \/>1 x Mini Makeup Revolution Loose Baking Powder Translucent 10 g \u2013 Yli 800+ viiden t\u00e4hden arvostelun kanssa, ei ole ihme, ett\u00e4 t\u00e4m\u00e4 on kauneusbestseller. Suosikki meikin keston pident\u00e4miseen, kiillon poistamiseen, kirkastamiseen ja ihon s\u00e4vyn tasapainottamiseen \u2013 t\u00e4m\u00e4 hienojakoinen puuteri todella tekee kaiken.<\/p>\n","protected":false},"excerpt":{"rendered":"<p>Makeup Revolution Mini Matte Heroes P\u00e4ivit\u00e4 Secret Santa -lahjasi Mini Matte Heroes Gift Setill\u00e4. Juhli p\u00e4iv\u00e4st\u00e4 y\u00f6h\u00f6n t\u00e4m\u00e4n lahjasetin kanssa. Suunniteltu lukitsemaan ilmeesi jopa 12 tunniksi, parhaiten myyv\u00e4 fixing spraymme vaihtaa kiillon hienovaraiseksi mattapinnaksi. Loose Baking Powder on saanut yli 800+ 5 t\u00e4hden arvostelua, joten tied\u00e4t olevasi turvallisissa k\u00e4siss\u00e4! Mit\u00e4 on Mini Matte Heroes Gift [&hellip;]<\/p>\n","protected":false},"featured_media":122977,"comment_status":"open","ping_status":"closed","template":"","meta":{"_trash_the_other_posts":false},"product_brand":[],"product_cat":[664,1003],"product_tag":[],"berocket_brand":[1050],"class_list":{"0":"post-122993","1":"product","2":"type-product","3":"status-publish","4":"has-post-thumbnail","6":"product_cat-lahjasarja-meikki","7":"product_cat-myydyimmat","8":"pa_brand-makeup-revolution","9":"berocket_brand-makeup-revolution","11":"first","12":"instock","13":"taxable","14":"shipping-taxable","15":"purchasable","16":"product-type-simple"},"_links":{"self":[{"href":"https:\/\/stylingagenten.com\/fi\/wp-json\/wp\/v2\/product\/122993","targetHints":{"allow":["GET"]}}],"collection":[{"href":"https:\/\/stylingagenten.com\/fi\/wp-json\/wp\/v2\/product"}],"about":[{"href":"https:\/\/stylingagenten.com\/fi\/wp-json\/wp\/v2\/types\/product"}],"replies":[{"embeddable":true,"href":"https:\/\/stylingagenten.com\/fi\/wp-json\/wp\/v2\/comments?post=122993"}],"version-history":[{"count":0,"href":"https:\/\/stylingagenten.com\/fi\/wp-json\/wp\/v2\/product\/122993\/revisions"}],"wp:featuredmedia":[{"embeddable":true,"href":"https:\/\/stylingagenten.com\/fi\/wp-json\/wp\/v2\/media\/122977"}],"wp:attachment":[{"href":"https:\/\/stylingagenten.com\/fi\/wp-json\/wp\/v2\/media?parent=122993"}],"wp:term":[{"taxonomy":"product_brand","embeddable":true,"href":"https:\/\/stylingagenten.com\/fi\/wp-json\/wp\/v2\/product_brand?post=122993"},{"taxonomy":"product_cat","embeddable":true,"href":"https:\/\/stylingagenten.com\/fi\/wp-json\/wp\/v2\/product_cat?post=122993"},{"taxonomy":"product_tag","embeddable":true,"href":"https:\/\/stylingagenten.com\/fi\/wp-json\/wp\/v2\/product_tag?post=122993"},{"taxonomy":"berocket_brand","embeddable":true,"href":"https:\/\/stylingagenten.com\/fi\/wp-json\/wp\/v2\/berocket_brand?post=122993"}],"curies":[{"name":"wp","href":"https:\/\/api.w.org\/{rel}","templated":true}]}}