{"id":122376,"date":"2025-05-18T21:46:10","date_gmt":"2025-05-18T21:46:10","guid":{"rendered":"https:\/\/staging2.stylingagenten.com\/fi\/produkt\/tigi-bed-head-dumb-blonde-tweens-2x750ml\/"},"modified":"2026-04-11T09:38:34","modified_gmt":"2026-04-11T09:38:34","slug":"tigi-bed-head-dumb-blonde-tweens-2x750ml","status":"publish","type":"product","link":"https:\/\/stylingagenten.com\/fi\/tuote\/tigi-bed-head-dumb-blonde-tweens-2x750ml\/","title":{"rendered":"TIGI Bed Head Dumb Blonde Tweens 2x750ml"},"content":{"rendered":"<p>Dumb Blonde Tweens on Tigin hiusyhdistelm\u00e4, joka tarjoaa suojaavan UV-suodattimen s\u00e4ilytt\u00e4en samalla vaaleiden hiusten s\u00e4vyn. <br \/>Holitset vaaleita hiuksiasi paras tapa. Proteiinipitoinen hoitoaine ker\u00e4\u00e4 vaurioituneita hiuksiasi ja tekee niist\u00e4 pehme\u00e4t ja sile\u00e4t.<br \/>Kosteuttaa ja ravitsee hiuksia. V\u00e4rinsuoja ja UV-suoja.<\/p>\n","protected":false},"excerpt":{"rendered":"<p>Dumb Blonde Tweens on Tigin hiusyhdistelm\u00e4, joka tarjoaa suojaavan UV-suodattimen s\u00e4ilytt\u00e4en samalla vaaleiden hiusten s\u00e4vyn. Holitset vaaleita hiuksiasi paras tapa. Proteiinipitoinen hoitoaine ker\u00e4\u00e4 vaurioituneita hiuksiasi ja tekee niist\u00e4 pehme\u00e4t ja sile\u00e4t.Kosteuttaa ja ravitsee hiuksia. V\u00e4rinsuoja ja UV-suoja.<\/p>\n","protected":false},"featured_media":122374,"comment_status":"open","ping_status":"closed","template":"","meta":{"_trash_the_other_posts":false},"product_brand":[],"product_cat":[667,1003,563],"product_tag":[],"berocket_brand":[1102],"class_list":{"0":"post-122376","1":"product","2":"type-product","3":"status-publish","4":"has-post-thumbnail","6":"product_cat-lahjasetti-hiustenhoitoon","7":"product_cat-myydyimmat","8":"product_cat-shampoo","9":"pa_brand-tigi","10":"berocket_brand-tigi","12":"first","13":"instock","14":"sale","15":"taxable","16":"shipping-taxable","17":"purchasable","18":"product-type-simple"},"_links":{"self":[{"href":"https:\/\/stylingagenten.com\/fi\/wp-json\/wp\/v2\/product\/122376","targetHints":{"allow":["GET"]}}],"collection":[{"href":"https:\/\/stylingagenten.com\/fi\/wp-json\/wp\/v2\/product"}],"about":[{"href":"https:\/\/stylingagenten.com\/fi\/wp-json\/wp\/v2\/types\/product"}],"replies":[{"embeddable":true,"href":"https:\/\/stylingagenten.com\/fi\/wp-json\/wp\/v2\/comments?post=122376"}],"version-history":[{"count":0,"href":"https:\/\/stylingagenten.com\/fi\/wp-json\/wp\/v2\/product\/122376\/revisions"}],"wp:featuredmedia":[{"embeddable":true,"href":"https:\/\/stylingagenten.com\/fi\/wp-json\/wp\/v2\/media\/122374"}],"wp:attachment":[{"href":"https:\/\/stylingagenten.com\/fi\/wp-json\/wp\/v2\/media?parent=122376"}],"wp:term":[{"taxonomy":"product_brand","embeddable":true,"href":"https:\/\/stylingagenten.com\/fi\/wp-json\/wp\/v2\/product_brand?post=122376"},{"taxonomy":"product_cat","embeddable":true,"href":"https:\/\/stylingagenten.com\/fi\/wp-json\/wp\/v2\/product_cat?post=122376"},{"taxonomy":"product_tag","embeddable":true,"href":"https:\/\/stylingagenten.com\/fi\/wp-json\/wp\/v2\/product_tag?post=122376"},{"taxonomy":"berocket_brand","embeddable":true,"href":"https:\/\/stylingagenten.com\/fi\/wp-json\/wp\/v2\/berocket_brand?post=122376"}],"curies":[{"name":"wp","href":"https:\/\/api.w.org\/{rel}","templated":true}]}}