{"id":122312,"date":"2025-05-18T21:45:56","date_gmt":"2025-05-18T21:45:56","guid":{"rendered":"https:\/\/staging2.stylingagenten.com\/fi\/produkt\/giftset-wella-sp-classic-luxeoil-gift-box\/"},"modified":"2026-03-11T22:00:02","modified_gmt":"2026-03-11T22:00:02","slug":"giftset-wella-sp-classic-luxeoil-gift-box","status":"publish","type":"product","link":"https:\/\/stylingagenten.com\/fi\/tuote\/giftset-wella-sp-classic-luxeoil-gift-box\/","title":{"rendered":"Giftset Wella SP Classic LuxeOil Gift Box"},"content":{"rendered":"<p>Lahjasetti Wella SP Classic LuxeOil Gift Box<br \/>Arvo 822 SEK<br \/>SP Classic LuxeOil Keratin Protect Shampoo tarjoaa syv\u00e4n, ylellisen puhdistuksen ilman, ett\u00e4 se painaa hiuksia, joten se sopii kaikille hiustyypeille. T\u00e4m\u00e4 puhdistusaine sis\u00e4lt\u00e4\u00e4 ylellisen \u00f6ljyseoksen, joka tunkeutuu hiuksiin lukitseen kosteuden ja suojaamaan keratiinia. SP Classic Keratin Protect Conditioner on ylellinen ja ravitseva hoitoaine, joka vahvistaa hiusten rakennetta sis\u00e4lt\u00e4p\u00e4in, lis\u00e4\u00e4 ja rakentaa keratiinia tasaamaan v\u00e4litt\u00f6m\u00e4sti hiuskuituja ja rakentamaan kimmoisuutta heikentyneelle hiukselle. SP Classic Reconstructive Oil Elixir on ylellinen, ravitseva \u00f6ljy, joka on kehitetty suojaamaan hiuksia ja parantamaan niiden rakennetta. LuxeOil sis\u00e4lt\u00e4\u00e4 voimakkaan kolmion ylellisi\u00e4 \u00f6ljyj\u00e4, jotka on tieteellisesti sekoitettu antamaan v\u00e4lit\u00f6nt\u00e4 pehmeytt\u00e4 ja pitk\u00e4kestoista sileytt\u00e4. SP Classic Reconstructive Oil Elixir sopii kaikille hiustyypeille ja on t\u00e4ydellinen lis\u00e4 kaikkiin hiustenhoitorutiineihin.<\/p>\n","protected":false},"excerpt":{"rendered":"<p>Lahjasetti Wella SP Classic LuxeOil Gift BoxArvo 822 SEKSP Classic LuxeOil Keratin Protect Shampoo tarjoaa syv\u00e4n, ylellisen puhdistuksen ilman, ett\u00e4 se painaa hiuksia, joten se sopii kaikille hiustyypeille. T\u00e4m\u00e4 puhdistusaine sis\u00e4lt\u00e4\u00e4 ylellisen \u00f6ljyseoksen, joka tunkeutuu hiuksiin lukitseen kosteuden ja suojaamaan keratiinia. SP Classic Keratin Protect Conditioner on ylellinen ja ravitseva hoitoaine, joka vahvistaa hiusten rakennetta [&hellip;]<\/p>\n","protected":false},"featured_media":122304,"comment_status":"open","ping_status":"closed","template":"","meta":{"_trash_the_other_posts":false},"product_brand":[],"product_cat":[1003],"product_tag":[],"berocket_brand":[1030],"class_list":{"0":"post-122312","1":"product","2":"type-product","3":"status-publish","4":"has-post-thumbnail","6":"product_cat-myydyimmat","7":"pa_brand-wella","8":"berocket_brand-wella","10":"first","11":"instock","12":"sale","13":"taxable","14":"shipping-taxable","15":"purchasable","16":"product-type-simple"},"_links":{"self":[{"href":"https:\/\/stylingagenten.com\/fi\/wp-json\/wp\/v2\/product\/122312","targetHints":{"allow":["GET"]}}],"collection":[{"href":"https:\/\/stylingagenten.com\/fi\/wp-json\/wp\/v2\/product"}],"about":[{"href":"https:\/\/stylingagenten.com\/fi\/wp-json\/wp\/v2\/types\/product"}],"replies":[{"embeddable":true,"href":"https:\/\/stylingagenten.com\/fi\/wp-json\/wp\/v2\/comments?post=122312"}],"version-history":[{"count":0,"href":"https:\/\/stylingagenten.com\/fi\/wp-json\/wp\/v2\/product\/122312\/revisions"}],"wp:featuredmedia":[{"embeddable":true,"href":"https:\/\/stylingagenten.com\/fi\/wp-json\/wp\/v2\/media\/122304"}],"wp:attachment":[{"href":"https:\/\/stylingagenten.com\/fi\/wp-json\/wp\/v2\/media?parent=122312"}],"wp:term":[{"taxonomy":"product_brand","embeddable":true,"href":"https:\/\/stylingagenten.com\/fi\/wp-json\/wp\/v2\/product_brand?post=122312"},{"taxonomy":"product_cat","embeddable":true,"href":"https:\/\/stylingagenten.com\/fi\/wp-json\/wp\/v2\/product_cat?post=122312"},{"taxonomy":"product_tag","embeddable":true,"href":"https:\/\/stylingagenten.com\/fi\/wp-json\/wp\/v2\/product_tag?post=122312"},{"taxonomy":"berocket_brand","embeddable":true,"href":"https:\/\/stylingagenten.com\/fi\/wp-json\/wp\/v2\/berocket_brand?post=122312"}],"curies":[{"name":"wp","href":"https:\/\/api.w.org\/{rel}","templated":true}]}}