{"id":122309,"date":"2025-05-18T21:45:56","date_gmt":"2025-05-18T21:45:56","guid":{"rendered":"https:\/\/staging2.stylingagenten.com\/fi\/produkt\/giftset-schwarzkopf-bc-bonacure-moisture-kick-4pcs\/"},"modified":"2026-03-30T07:20:24","modified_gmt":"2026-03-30T07:20:24","slug":"giftset-schwarzkopf-bc-bonacure-moisture-kick-4pcs","status":"publish","type":"product","link":"https:\/\/stylingagenten.com\/fi\/tuote\/giftset-schwarzkopf-bc-bonacure-moisture-kick-4pcs\/","title":{"rendered":"Giftset Schwarzkopf BC Bonacure Moisture Kick 4pcs"},"content":{"rendered":"<p>Lahjasetti Schwarzkopf BC Bonacure Moisture Kick 4 kpl<br \/>Hemmottele itse\u00e4si tai l\u00e4heisi\u00e4si t\u00e4ydellisell\u00e4 Schwarzkopf Professional BC Bonacure Moisture Kick -hiussetill\u00e4. Hiustenhoitotuotteilla t\u00e4ytetty pakkaus ei koskaan mene pieleen.<\/p>\n<p>Pakkauksen sis\u00e4lt\u00f6:<br \/>\u2022Shampoo normaaleille ja kuiville hiuksille 250 ml<br \/>\u2022 Hiuksiin j\u00e4tett\u00e4v\u00e4 hoitoaine kuiville ja normaaleille hiuksille 200 ml<br \/> \u2022Naamio normaaleille ja kuiville hiuksille 200 ml<br \/>\u2022Meikkipussi<\/p>\n","protected":false},"excerpt":{"rendered":"<p>Lahjasetti Schwarzkopf BC Bonacure Moisture Kick 4 kplHemmottele itse\u00e4si tai l\u00e4heisi\u00e4si t\u00e4ydellisell\u00e4 Schwarzkopf Professional BC Bonacure Moisture Kick -hiussetill\u00e4. Hiustenhoitotuotteilla t\u00e4ytetty pakkaus ei koskaan mene pieleen. Pakkauksen sis\u00e4lt\u00f6:\u2022Shampoo normaaleille ja kuiville hiuksille 250 ml\u2022 Hiuksiin j\u00e4tett\u00e4v\u00e4 hoitoaine kuiville ja normaaleille hiuksille 200 ml \u2022Naamio normaaleille ja kuiville hiuksille 200 ml\u2022Meikkipussi<\/p>\n","protected":false},"featured_media":122299,"comment_status":"open","ping_status":"closed","template":"","meta":{"_trash_the_other_posts":false},"product_brand":[],"product_cat":[667,1003],"product_tag":[],"berocket_brand":[1060],"class_list":{"0":"post-122309","1":"product","2":"type-product","3":"status-publish","4":"has-post-thumbnail","6":"product_cat-lahjasetti-hiustenhoitoon","7":"product_cat-myydyimmat","8":"pa_brand-schwarzkopf","9":"berocket_brand-schwarzkopf","11":"first","12":"instock","13":"sale","14":"taxable","15":"shipping-taxable","16":"purchasable","17":"product-type-simple"},"_links":{"self":[{"href":"https:\/\/stylingagenten.com\/fi\/wp-json\/wp\/v2\/product\/122309","targetHints":{"allow":["GET"]}}],"collection":[{"href":"https:\/\/stylingagenten.com\/fi\/wp-json\/wp\/v2\/product"}],"about":[{"href":"https:\/\/stylingagenten.com\/fi\/wp-json\/wp\/v2\/types\/product"}],"replies":[{"embeddable":true,"href":"https:\/\/stylingagenten.com\/fi\/wp-json\/wp\/v2\/comments?post=122309"}],"version-history":[{"count":0,"href":"https:\/\/stylingagenten.com\/fi\/wp-json\/wp\/v2\/product\/122309\/revisions"}],"wp:featuredmedia":[{"embeddable":true,"href":"https:\/\/stylingagenten.com\/fi\/wp-json\/wp\/v2\/media\/122299"}],"wp:attachment":[{"href":"https:\/\/stylingagenten.com\/fi\/wp-json\/wp\/v2\/media?parent=122309"}],"wp:term":[{"taxonomy":"product_brand","embeddable":true,"href":"https:\/\/stylingagenten.com\/fi\/wp-json\/wp\/v2\/product_brand?post=122309"},{"taxonomy":"product_cat","embeddable":true,"href":"https:\/\/stylingagenten.com\/fi\/wp-json\/wp\/v2\/product_cat?post=122309"},{"taxonomy":"product_tag","embeddable":true,"href":"https:\/\/stylingagenten.com\/fi\/wp-json\/wp\/v2\/product_tag?post=122309"},{"taxonomy":"berocket_brand","embeddable":true,"href":"https:\/\/stylingagenten.com\/fi\/wp-json\/wp\/v2\/berocket_brand?post=122309"}],"curies":[{"name":"wp","href":"https:\/\/api.w.org\/{rel}","templated":true}]}}