{"id":122199,"date":"2025-05-18T21:45:33","date_gmt":"2025-05-18T21:45:33","guid":{"rendered":"https:\/\/staging2.stylingagenten.com\/fi\/produkt\/bomb-cosmetics-lip-sync-pamper-gift-box\/"},"modified":"2025-12-18T21:27:03","modified_gmt":"2025-12-18T21:27:03","slug":"bomb-cosmetics-lip-sync-pamper-gift-box","status":"publish","type":"product","link":"https:\/\/stylingagenten.com\/fi\/tuote\/bomb-cosmetics-lip-sync-pamper-gift-box\/","title":{"rendered":"Bomb Cosmetics Lip Sync Pamper Gift Box"},"content":{"rendered":"<p>Nauti aistillisista tuoksuista ja pehme\u00e4st\u00e4 viettelev\u00e4st\u00e4 vaaleanpunaisesta vedest\u00e4. Anna eteeristen \u00f6ljyjen suudella ihoasi, kun vaivut romantiikkaan.<br \/>Sis\u00e4lt\u00e4\u00e4:<br \/>Ruby Vegas Soap <br \/>S.W.A.L.K Bath Mallow<br \/>Truth or Bare Bath Blaster <br \/>Diva Fever Bath Blaster <br \/>Pink Pamper Saippua<\/p>\n","protected":false},"excerpt":{"rendered":"<p>Nauti aistillisista tuoksuista ja pehme\u00e4st\u00e4 viettelev\u00e4st\u00e4 vaaleanpunaisesta vedest\u00e4. Anna eteeristen \u00f6ljyjen suudella ihoasi, kun vaivut romantiikkaan.Sis\u00e4lt\u00e4\u00e4:Ruby Vegas Soap S.W.A.L.K Bath MallowTruth or Bare Bath Blaster Diva Fever Bath Blaster Pink Pamper Saippua<\/p>\n","protected":false},"featured_media":122197,"comment_status":"open","ping_status":"closed","template":"","meta":{"_trash_the_other_posts":false},"product_brand":[],"product_cat":[666,1005],"product_tag":[],"berocket_brand":[1081],"class_list":{"0":"post-122199","1":"product","2":"type-product","3":"status-publish","4":"has-post-thumbnail","6":"product_cat-lahjasetti-ihonhoito","7":"product_cat-outlet","8":"pa_brand-bomb-cosmetics","9":"berocket_brand-bomb-cosmetics","11":"first","12":"instock","13":"sale","14":"taxable","15":"shipping-taxable","16":"purchasable","17":"product-type-simple"},"_links":{"self":[{"href":"https:\/\/stylingagenten.com\/fi\/wp-json\/wp\/v2\/product\/122199","targetHints":{"allow":["GET"]}}],"collection":[{"href":"https:\/\/stylingagenten.com\/fi\/wp-json\/wp\/v2\/product"}],"about":[{"href":"https:\/\/stylingagenten.com\/fi\/wp-json\/wp\/v2\/types\/product"}],"replies":[{"embeddable":true,"href":"https:\/\/stylingagenten.com\/fi\/wp-json\/wp\/v2\/comments?post=122199"}],"version-history":[{"count":0,"href":"https:\/\/stylingagenten.com\/fi\/wp-json\/wp\/v2\/product\/122199\/revisions"}],"wp:featuredmedia":[{"embeddable":true,"href":"https:\/\/stylingagenten.com\/fi\/wp-json\/wp\/v2\/media\/122197"}],"wp:attachment":[{"href":"https:\/\/stylingagenten.com\/fi\/wp-json\/wp\/v2\/media?parent=122199"}],"wp:term":[{"taxonomy":"product_brand","embeddable":true,"href":"https:\/\/stylingagenten.com\/fi\/wp-json\/wp\/v2\/product_brand?post=122199"},{"taxonomy":"product_cat","embeddable":true,"href":"https:\/\/stylingagenten.com\/fi\/wp-json\/wp\/v2\/product_cat?post=122199"},{"taxonomy":"product_tag","embeddable":true,"href":"https:\/\/stylingagenten.com\/fi\/wp-json\/wp\/v2\/product_tag?post=122199"},{"taxonomy":"berocket_brand","embeddable":true,"href":"https:\/\/stylingagenten.com\/fi\/wp-json\/wp\/v2\/berocket_brand?post=122199"}],"curies":[{"name":"wp","href":"https:\/\/api.w.org\/{rel}","templated":true}]}}