{"id":121958,"date":"2025-05-18T21:44:38","date_gmt":"2025-05-18T21:44:38","guid":{"rendered":"https:\/\/staging2.stylingagenten.com\/fi\/produkt\/balmain-styling-gel-maximum-hold-100ml\/"},"modified":"2026-03-11T21:59:00","modified_gmt":"2026-03-11T21:59:00","slug":"balmain-styling-gel-maximum-hold-100ml","status":"publish","type":"product","link":"https:\/\/stylingagenten.com\/fi\/tuote\/balmain-styling-gel-maximum-hold-100ml\/","title":{"rendered":"Balmain Styling Gel Maximum Hold 100ml"},"content":{"rendered":"<p>T\u00e4ydellinen koostumus voimakkaille, catwalkista inspiroituneille ilmeille! Kevyt, monipuolinen muotoilugeeli, jossa on maksimaalinen, pitk\u00e4kestoinen pito. Se voidaan helposti huuhdella pois vedenpohjaisen koostumuksen ansiosta. Balmainin tunnustuoksulla vahvistettu, t\u00e4m\u00e4 muotoilugeeli on v\u00e4ltt\u00e4m\u00e4t\u00f6n muotitietoisten miesten ja naisten k\u00e4siss\u00e4.<\/p>\n<p>100 ml<\/p>\n","protected":false},"excerpt":{"rendered":"<p>T\u00e4ydellinen koostumus voimakkaille, catwalkista inspiroituneille ilmeille! Kevyt, monipuolinen muotoilugeeli, jossa on maksimaalinen, pitk\u00e4kestoinen pito. Se voidaan helposti huuhdella pois vedenpohjaisen koostumuksen ansiosta. Balmainin tunnustuoksulla vahvistettu, t\u00e4m\u00e4 muotoilugeeli on v\u00e4ltt\u00e4m\u00e4t\u00f6n muotitietoisten miesten ja naisten k\u00e4siss\u00e4. 100 ml<\/p>\n","protected":false},"featured_media":121949,"comment_status":"open","ping_status":"closed","template":"","meta":{"_trash_the_other_posts":false},"product_brand":[],"product_cat":[701],"product_tag":[],"berocket_brand":[1144],"class_list":{"0":"post-121958","1":"product","2":"type-product","3":"status-publish","4":"has-post-thumbnail","6":"product_cat-geeli","7":"pa_brand-balmain","8":"berocket_brand-balmain","10":"first","11":"instock","12":"sale","13":"taxable","14":"shipping-taxable","15":"purchasable","16":"product-type-simple"},"_links":{"self":[{"href":"https:\/\/stylingagenten.com\/fi\/wp-json\/wp\/v2\/product\/121958","targetHints":{"allow":["GET"]}}],"collection":[{"href":"https:\/\/stylingagenten.com\/fi\/wp-json\/wp\/v2\/product"}],"about":[{"href":"https:\/\/stylingagenten.com\/fi\/wp-json\/wp\/v2\/types\/product"}],"replies":[{"embeddable":true,"href":"https:\/\/stylingagenten.com\/fi\/wp-json\/wp\/v2\/comments?post=121958"}],"version-history":[{"count":0,"href":"https:\/\/stylingagenten.com\/fi\/wp-json\/wp\/v2\/product\/121958\/revisions"}],"wp:featuredmedia":[{"embeddable":true,"href":"https:\/\/stylingagenten.com\/fi\/wp-json\/wp\/v2\/media\/121949"}],"wp:attachment":[{"href":"https:\/\/stylingagenten.com\/fi\/wp-json\/wp\/v2\/media?parent=121958"}],"wp:term":[{"taxonomy":"product_brand","embeddable":true,"href":"https:\/\/stylingagenten.com\/fi\/wp-json\/wp\/v2\/product_brand?post=121958"},{"taxonomy":"product_cat","embeddable":true,"href":"https:\/\/stylingagenten.com\/fi\/wp-json\/wp\/v2\/product_cat?post=121958"},{"taxonomy":"product_tag","embeddable":true,"href":"https:\/\/stylingagenten.com\/fi\/wp-json\/wp\/v2\/product_tag?post=121958"},{"taxonomy":"berocket_brand","embeddable":true,"href":"https:\/\/stylingagenten.com\/fi\/wp-json\/wp\/v2\/berocket_brand?post=121958"}],"curies":[{"name":"wp","href":"https:\/\/api.w.org\/{rel}","templated":true}]}}