{"id":121954,"date":"2025-05-18T21:44:38","date_gmt":"2025-05-18T21:44:38","guid":{"rendered":"https:\/\/staging2.stylingagenten.com\/fi\/produkt\/american-crew-medium-hold-spray-gel-250ml\/"},"modified":"2026-04-06T08:38:34","modified_gmt":"2026-04-06T08:38:34","slug":"american-crew-medium-hold-spray-gel-250ml","status":"publish","type":"product","link":"https:\/\/stylingagenten.com\/fi\/tuote\/american-crew-medium-hold-spray-gel-250ml\/","title":{"rendered":"American Crew Medium Hold Spray Gel 250ml"},"content":{"rendered":"<p>American Crew&#8217;s Medium Hold Spray on t\u00e4ydellinen hiustenhoitotuote helppoon muotoiluun. T\u00e4m\u00e4 suihke on rikastettu salvialla, ginsengill\u00e4 ja quillajalla (saippuapuu), joka antaa hiuksille luonnollisen ulkon\u00e4\u00f6n ja tuntuman keskipitk\u00e4ll\u00e4 pitolla.<br \/>T\u00e4m\u00e4 suihke on alkoholiton ja sis\u00e4lt\u00e4\u00e4 aurinkovoidetta, joka suojaa hiuksia haitallisilta UVA- ja UVB-s\u00e4teilt\u00e4. Suihketta voidaan k\u00e4ytt\u00e4\u00e4 sek\u00e4 kuiviin ett\u00e4 kosteisiin hiuksiin, ja se sopii hyvin levitett\u00e4v\u00e4ksi ennen hiusten kuivaamista hiustenkuivaajalla. Suihke sopii kaikenpituisille hiuksille.<\/p>\n","protected":false},"excerpt":{"rendered":"<p>American Crew&#8217;s Medium Hold Spray on t\u00e4ydellinen hiustenhoitotuote helppoon muotoiluun. T\u00e4m\u00e4 suihke on rikastettu salvialla, ginsengill\u00e4 ja quillajalla (saippuapuu), joka antaa hiuksille luonnollisen ulkon\u00e4\u00f6n ja tuntuman keskipitk\u00e4ll\u00e4 pitolla.T\u00e4m\u00e4 suihke on alkoholiton ja sis\u00e4lt\u00e4\u00e4 aurinkovoidetta, joka suojaa hiuksia haitallisilta UVA- ja UVB-s\u00e4teilt\u00e4. Suihketta voidaan k\u00e4ytt\u00e4\u00e4 sek\u00e4 kuiviin ett\u00e4 kosteisiin hiuksiin, ja se sopii hyvin levitett\u00e4v\u00e4ksi ennen [&hellip;]<\/p>\n","protected":false},"featured_media":121946,"comment_status":"open","ping_status":"closed","template":"","meta":{"_trash_the_other_posts":false},"product_brand":[],"product_cat":[701],"product_tag":[],"berocket_brand":[1071],"class_list":{"0":"post-121954","1":"product","2":"type-product","3":"status-publish","4":"has-post-thumbnail","6":"product_cat-geeli","7":"pa_brand-american-crew","8":"berocket_brand-american-crew","10":"first","11":"outofstock","12":"sale","13":"taxable","14":"shipping-taxable","15":"purchasable","16":"product-type-simple"},"_links":{"self":[{"href":"https:\/\/stylingagenten.com\/fi\/wp-json\/wp\/v2\/product\/121954","targetHints":{"allow":["GET"]}}],"collection":[{"href":"https:\/\/stylingagenten.com\/fi\/wp-json\/wp\/v2\/product"}],"about":[{"href":"https:\/\/stylingagenten.com\/fi\/wp-json\/wp\/v2\/types\/product"}],"replies":[{"embeddable":true,"href":"https:\/\/stylingagenten.com\/fi\/wp-json\/wp\/v2\/comments?post=121954"}],"version-history":[{"count":0,"href":"https:\/\/stylingagenten.com\/fi\/wp-json\/wp\/v2\/product\/121954\/revisions"}],"wp:featuredmedia":[{"embeddable":true,"href":"https:\/\/stylingagenten.com\/fi\/wp-json\/wp\/v2\/media\/121946"}],"wp:attachment":[{"href":"https:\/\/stylingagenten.com\/fi\/wp-json\/wp\/v2\/media?parent=121954"}],"wp:term":[{"taxonomy":"product_brand","embeddable":true,"href":"https:\/\/stylingagenten.com\/fi\/wp-json\/wp\/v2\/product_brand?post=121954"},{"taxonomy":"product_cat","embeddable":true,"href":"https:\/\/stylingagenten.com\/fi\/wp-json\/wp\/v2\/product_cat?post=121954"},{"taxonomy":"product_tag","embeddable":true,"href":"https:\/\/stylingagenten.com\/fi\/wp-json\/wp\/v2\/product_tag?post=121954"},{"taxonomy":"berocket_brand","embeddable":true,"href":"https:\/\/stylingagenten.com\/fi\/wp-json\/wp\/v2\/berocket_brand?post=121954"}],"curies":[{"name":"wp","href":"https:\/\/api.w.org\/{rel}","templated":true}]}}