{"id":121929,"date":"2025-05-18T21:44:31","date_gmt":"2025-05-18T21:44:31","guid":{"rendered":"https:\/\/staging2.stylingagenten.com\/fi\/produkt\/eco-style-krystal-styling-gel-236ml\/"},"modified":"2026-04-08T15:30:57","modified_gmt":"2026-04-08T15:30:57","slug":"eco-style-krystal-styling-gel-236ml","status":"publish","type":"product","link":"https:\/\/stylingagenten.com\/fi\/tuote\/eco-style-krystal-styling-gel-236ml\/","title":{"rendered":"Eco Style Krystal Styling Gel 236ml"},"content":{"rendered":"<p>Eco Style Krystal Styling Gel on alkoholiton ja valmistettu vesipohjaisella kaavalla, joka kosteuttaa hiuksia ja irrottaa jokaisen hiussuortuvan kevyemm\u00e4n tunteen saamiseksi. Se auttaa hoitamaan hiuksia ja edist\u00e4\u00e4 tervett\u00e4 kasvua. Pid\u00e4 upeat kampaukset kiilt\u00e4vin\u00e4 hiusgeelimme avulla. Hiuksesi pysyv\u00e4t silein\u00e4 ja kosteutettuina ilman vahaa tai rasvaa. T\u00e4m\u00e4 on t\u00e4ydellinen muotoilutuote, joka on helppo lis\u00e4t\u00e4 aamurutiiniisi ja antaa itseluottamuksen nostetta.<\/p>\n<p>\u00c4l\u00e4 valitse kosteutuksen ja pidon v\u00e4lill\u00e4! T\u00e4m\u00e4 hiusgeeli tarjoaa ylivoimaista kest\u00e4vyyskyky\u00e4 samalla, kun se pit\u00e4\u00e4 hiukset kosteutettuina luonnollisilla ainesosilla. Voit olla varma, ett\u00e4 kampauksesi ei vaivu p\u00e4iv\u00e4n aikana. Eco Style Krystal Styling Gel on alkoholiton. Useimmat hiusgeelit pit\u00e4v\u00e4t kampaukset paikoillaan, mutta ne sis\u00e4lt\u00e4v\u00e4t alkoholia, joka voi kuivattaa hiuksia. Kun se levitet\u00e4\u00e4n hiuksiin, jotka ovat jo kuivia tai vaurioituneita kemiallisen k\u00e4sittelyn vuoksi, hiusgeelit voivat tahattomasti tehd\u00e4 hiuksista viel\u00e4kin ep\u00e4terveellisempi\u00e4. Eco Style stylinggel antaa tarvitsemasi pidon varmistaaksesi mink\u00e4 tahansa tyylin ilman, ett\u00e4 terveytt\u00e4si uhataan. Geelill\u00e4 on kevyt tunne, joka ei koskaan ole j\u00e4ykk\u00e4 tai tahmea eik\u00e4 se hilseile. Se lis\u00e4\u00e4 tukea ja tuuheutta, tukee permanentteja hiuksia, ei hilseile eik\u00e4 ole tahmea. Levit\u00e4 kuivaan tai kosteaan hiukseen. Ty\u00f6st\u00e4 haluttu m\u00e4\u00e4r\u00e4 hiuksiin ja muotoile.<\/p>\n<p>236ml<\/p>\n","protected":false},"excerpt":{"rendered":"<p>Eco Style Krystal Styling Gel on alkoholiton ja valmistettu vesipohjaisella kaavalla, joka kosteuttaa hiuksia ja irrottaa jokaisen hiussuortuvan kevyemm\u00e4n tunteen saamiseksi. Se auttaa hoitamaan hiuksia ja edist\u00e4\u00e4 tervett\u00e4 kasvua. Pid\u00e4 upeat kampaukset kiilt\u00e4vin\u00e4 hiusgeelimme avulla. Hiuksesi pysyv\u00e4t silein\u00e4 ja kosteutettuina ilman vahaa tai rasvaa. T\u00e4m\u00e4 on t\u00e4ydellinen muotoilutuote, joka on helppo lis\u00e4t\u00e4 aamurutiiniisi ja antaa [&hellip;]<\/p>\n","protected":false},"featured_media":121923,"comment_status":"open","ping_status":"closed","template":"","meta":{"_trash_the_other_posts":false},"product_brand":[],"product_cat":[701],"product_tag":[2851],"berocket_brand":[1992],"class_list":{"0":"post-121929","1":"product","2":"type-product","3":"status-publish","4":"has-post-thumbnail","6":"product_cat-geeli","7":"product_tag-eco-style-krystal-styling-gel","8":"pa_brand-eco-style","9":"pa_variantti-236ml","10":"berocket_brand-eco-style","12":"first","13":"instock","14":"taxable","15":"shipping-taxable","16":"purchasable","17":"product-type-simple"},"_links":{"self":[{"href":"https:\/\/stylingagenten.com\/fi\/wp-json\/wp\/v2\/product\/121929","targetHints":{"allow":["GET"]}}],"collection":[{"href":"https:\/\/stylingagenten.com\/fi\/wp-json\/wp\/v2\/product"}],"about":[{"href":"https:\/\/stylingagenten.com\/fi\/wp-json\/wp\/v2\/types\/product"}],"replies":[{"embeddable":true,"href":"https:\/\/stylingagenten.com\/fi\/wp-json\/wp\/v2\/comments?post=121929"}],"version-history":[{"count":0,"href":"https:\/\/stylingagenten.com\/fi\/wp-json\/wp\/v2\/product\/121929\/revisions"}],"wp:featuredmedia":[{"embeddable":true,"href":"https:\/\/stylingagenten.com\/fi\/wp-json\/wp\/v2\/media\/121923"}],"wp:attachment":[{"href":"https:\/\/stylingagenten.com\/fi\/wp-json\/wp\/v2\/media?parent=121929"}],"wp:term":[{"taxonomy":"product_brand","embeddable":true,"href":"https:\/\/stylingagenten.com\/fi\/wp-json\/wp\/v2\/product_brand?post=121929"},{"taxonomy":"product_cat","embeddable":true,"href":"https:\/\/stylingagenten.com\/fi\/wp-json\/wp\/v2\/product_cat?post=121929"},{"taxonomy":"product_tag","embeddable":true,"href":"https:\/\/stylingagenten.com\/fi\/wp-json\/wp\/v2\/product_tag?post=121929"},{"taxonomy":"berocket_brand","embeddable":true,"href":"https:\/\/stylingagenten.com\/fi\/wp-json\/wp\/v2\/berocket_brand?post=121929"}],"curies":[{"name":"wp","href":"https:\/\/api.w.org\/{rel}","templated":true}]}}