{"id":121928,"date":"2025-05-18T21:44:31","date_gmt":"2025-05-18T21:44:31","guid":{"rendered":"https:\/\/staging2.stylingagenten.com\/fi\/produkt\/eco-style-curl-wave-styling-gel-236ml\/"},"modified":"2026-04-09T05:27:36","modified_gmt":"2026-04-09T05:27:36","slug":"eco-style-curl-wave-styling-gel-236ml","status":"publish","type":"product","link":"https:\/\/stylingagenten.com\/fi\/tuote\/eco-style-curl-wave-styling-gel-236ml\/","title":{"rendered":"Eco Style Curl &amp; Wave Styling Gel 236ml"},"content":{"rendered":"<p>Eco Style Curl &amp; Wave Styling Gel on vahvan pidon hiusgeeli, joka antaa sinulle t\u00e4ydelliset pese-ja-mene-kampaukset ilman h\u00e4iv\u00e4hdyst\u00e4k\u00e4\u00e4n ei-toivotuista hiutaleista. T\u00e4m\u00e4 hiusgeeli tarjoaa t\u00e4ydellisen pidon, jotta voit luoda korkearesoluutioisia tyylej\u00e4, jotka kest\u00e4v\u00e4t koko p\u00e4iv\u00e4n. M\u00e4\u00e4rittele ja kosteuta hiuksesi ravitsevalla ja kasvipohjaisella kevyell\u00e4 muotoilugeelill\u00e4mme.<\/p>\n<p>Formuloitu Calendula Officinalis Flower Extract -uutteella, joka on kasvipohjainen kukkauute sis\u00e4lt\u00e4en kosteuttavia ja rauhoittavia ainesosia hiuksille ja p\u00e4\u00e4nahalle. Muotoilugeelimme ovat vuosikymmenten ajan tuottaneet tuloksia, jotka parantavat, muotoilevat, m\u00e4\u00e4rittelev\u00e4t ja hoitavat kaikkia hiustyyppej\u00e4 ja tekstuureja. Alkoholiton. Levit\u00e4 haluttu m\u00e4\u00e4r\u00e4 hiuksiin ja muotoile.<\/p>\n<p>236ml<\/p>\n","protected":false},"excerpt":{"rendered":"<p>Eco Style Curl &amp; Wave Styling Gel on vahvan pidon hiusgeeli, joka antaa sinulle t\u00e4ydelliset pese-ja-mene-kampaukset ilman h\u00e4iv\u00e4hdyst\u00e4k\u00e4\u00e4n ei-toivotuista hiutaleista. T\u00e4m\u00e4 hiusgeeli tarjoaa t\u00e4ydellisen pidon, jotta voit luoda korkearesoluutioisia tyylej\u00e4, jotka kest\u00e4v\u00e4t koko p\u00e4iv\u00e4n. M\u00e4\u00e4rittele ja kosteuta hiuksesi ravitsevalla ja kasvipohjaisella kevyell\u00e4 muotoilugeelill\u00e4mme. Formuloitu Calendula Officinalis Flower Extract -uutteella, joka on kasvipohjainen kukkauute sis\u00e4lt\u00e4en kosteuttavia [&hellip;]<\/p>\n","protected":false},"featured_media":121924,"comment_status":"open","ping_status":"closed","template":"","meta":{"_trash_the_other_posts":false},"product_brand":[],"product_cat":[701],"product_tag":[2850],"berocket_brand":[1992],"class_list":{"0":"post-121928","1":"product","2":"type-product","3":"status-publish","4":"has-post-thumbnail","6":"product_cat-geeli","7":"product_tag-eco-style-curl-wave-styling-gel","8":"pa_brand-eco-style","9":"pa_variantti-236ml","10":"berocket_brand-eco-style","12":"first","13":"instock","14":"taxable","15":"shipping-taxable","16":"purchasable","17":"product-type-simple"},"_links":{"self":[{"href":"https:\/\/stylingagenten.com\/fi\/wp-json\/wp\/v2\/product\/121928","targetHints":{"allow":["GET"]}}],"collection":[{"href":"https:\/\/stylingagenten.com\/fi\/wp-json\/wp\/v2\/product"}],"about":[{"href":"https:\/\/stylingagenten.com\/fi\/wp-json\/wp\/v2\/types\/product"}],"replies":[{"embeddable":true,"href":"https:\/\/stylingagenten.com\/fi\/wp-json\/wp\/v2\/comments?post=121928"}],"version-history":[{"count":0,"href":"https:\/\/stylingagenten.com\/fi\/wp-json\/wp\/v2\/product\/121928\/revisions"}],"wp:featuredmedia":[{"embeddable":true,"href":"https:\/\/stylingagenten.com\/fi\/wp-json\/wp\/v2\/media\/121924"}],"wp:attachment":[{"href":"https:\/\/stylingagenten.com\/fi\/wp-json\/wp\/v2\/media?parent=121928"}],"wp:term":[{"taxonomy":"product_brand","embeddable":true,"href":"https:\/\/stylingagenten.com\/fi\/wp-json\/wp\/v2\/product_brand?post=121928"},{"taxonomy":"product_cat","embeddable":true,"href":"https:\/\/stylingagenten.com\/fi\/wp-json\/wp\/v2\/product_cat?post=121928"},{"taxonomy":"product_tag","embeddable":true,"href":"https:\/\/stylingagenten.com\/fi\/wp-json\/wp\/v2\/product_tag?post=121928"},{"taxonomy":"berocket_brand","embeddable":true,"href":"https:\/\/stylingagenten.com\/fi\/wp-json\/wp\/v2\/berocket_brand?post=121928"}],"curies":[{"name":"wp","href":"https:\/\/api.w.org\/{rel}","templated":true}]}}