{"id":121919,"date":"2025-05-18T21:44:30","date_gmt":"2025-05-18T21:44:30","guid":{"rendered":"https:\/\/staging2.stylingagenten.com\/fi\/produkt\/paul-mitchell-tea-tree-firm-hold-gel-150ml\/"},"modified":"2026-03-11T21:49:18","modified_gmt":"2026-03-11T21:49:18","slug":"paul-mitchell-tea-tree-firm-hold-gel-150ml","status":"publish","type":"product","link":"https:\/\/stylingagenten.com\/fi\/tuote\/paul-mitchell-tea-tree-firm-hold-gel-150ml\/","title":{"rendered":"Paul Mitchell Tea Tree Firm Hold Gel 150ml"},"content":{"rendered":"<p>Luo pitk\u00e4kestoinen tyyli Paul Mitchell Tea Tree Firm Hold Gel -geelill\u00e4, joka tarjoaa vahvan pidon ilman hilseily\u00e4. Se auttaa lis\u00e4\u00e4m\u00e4\u00e4n runsautta ja volyymia terveen kiillon kera. Muotoiluaineet pit\u00e4v\u00e4t kampauksesi paikoillaan, kun taas raikas vivahde viile\u00e4\u00e4 minttua, teepuu\u00f6ljy\u00e4 ja sitrusta virkist\u00e4\u00e4 ja elvytt\u00e4\u00e4. Lis\u00e4etu: Monipuolinen koostumus voidaan levitt\u00e4\u00e4 sek\u00e4 m\u00e4rk\u00e4\u00e4n ett\u00e4 kuivaan hiukseen.<\/p>\n<p>150 ml<\/p>\n","protected":false},"excerpt":{"rendered":"<p>Luo pitk\u00e4kestoinen tyyli Paul Mitchell Tea Tree Firm Hold Gel -geelill\u00e4, joka tarjoaa vahvan pidon ilman hilseily\u00e4. Se auttaa lis\u00e4\u00e4m\u00e4\u00e4n runsautta ja volyymia terveen kiillon kera. Muotoiluaineet pit\u00e4v\u00e4t kampauksesi paikoillaan, kun taas raikas vivahde viile\u00e4\u00e4 minttua, teepuu\u00f6ljy\u00e4 ja sitrusta virkist\u00e4\u00e4 ja elvytt\u00e4\u00e4. Lis\u00e4etu: Monipuolinen koostumus voidaan levitt\u00e4\u00e4 sek\u00e4 m\u00e4rk\u00e4\u00e4n ett\u00e4 kuivaan hiukseen. 150 ml<\/p>\n","protected":false},"featured_media":441533,"comment_status":"open","ping_status":"closed","template":"","meta":{"_trash_the_other_posts":false},"product_brand":[],"product_cat":[701],"product_tag":[3794],"berocket_brand":[1053],"class_list":{"0":"post-121919","1":"product","2":"type-product","3":"status-publish","4":"has-post-thumbnail","6":"product_cat-geeli","7":"product_tag-paul-mitchell-tea-tree-firm-hold-gel","8":"pa_brand-paul-mitchell","9":"pa_variantti-150ml","10":"berocket_brand-paul-mitchell","12":"first","13":"instock","14":"sale","15":"taxable","16":"shipping-taxable","17":"purchasable","18":"product-type-simple"},"_links":{"self":[{"href":"https:\/\/stylingagenten.com\/fi\/wp-json\/wp\/v2\/product\/121919","targetHints":{"allow":["GET"]}}],"collection":[{"href":"https:\/\/stylingagenten.com\/fi\/wp-json\/wp\/v2\/product"}],"about":[{"href":"https:\/\/stylingagenten.com\/fi\/wp-json\/wp\/v2\/types\/product"}],"replies":[{"embeddable":true,"href":"https:\/\/stylingagenten.com\/fi\/wp-json\/wp\/v2\/comments?post=121919"}],"version-history":[{"count":0,"href":"https:\/\/stylingagenten.com\/fi\/wp-json\/wp\/v2\/product\/121919\/revisions"}],"wp:featuredmedia":[{"embeddable":true,"href":"https:\/\/stylingagenten.com\/fi\/wp-json\/wp\/v2\/media\/441533"}],"wp:attachment":[{"href":"https:\/\/stylingagenten.com\/fi\/wp-json\/wp\/v2\/media?parent=121919"}],"wp:term":[{"taxonomy":"product_brand","embeddable":true,"href":"https:\/\/stylingagenten.com\/fi\/wp-json\/wp\/v2\/product_brand?post=121919"},{"taxonomy":"product_cat","embeddable":true,"href":"https:\/\/stylingagenten.com\/fi\/wp-json\/wp\/v2\/product_cat?post=121919"},{"taxonomy":"product_tag","embeddable":true,"href":"https:\/\/stylingagenten.com\/fi\/wp-json\/wp\/v2\/product_tag?post=121919"},{"taxonomy":"berocket_brand","embeddable":true,"href":"https:\/\/stylingagenten.com\/fi\/wp-json\/wp\/v2\/berocket_brand?post=121919"}],"curies":[{"name":"wp","href":"https:\/\/api.w.org\/{rel}","templated":true}]}}