{"id":121913,"date":"2025-05-18T21:44:28","date_gmt":"2025-05-18T21:44:28","guid":{"rendered":"https:\/\/staging2.stylingagenten.com\/fi\/produkt\/eco-style-rosemary-mint-oil-styling-gel-473ml\/"},"modified":"2026-04-08T15:31:10","modified_gmt":"2026-04-08T15:31:10","slug":"eco-style-rosemary-mint-oil-styling-gel-473ml","status":"publish","type":"product","link":"https:\/\/stylingagenten.com\/fi\/tuote\/eco-style-rosemary-mint-oil-styling-gel-473ml\/","title":{"rendered":"Eco Style Rosemary Mint Oil Styling Gel 473ml"},"content":{"rendered":"<p>Eco Style Rosemary Mint Oil Styling Gel on t\u00e4ynn\u00e4 luonnollisia pehment\u00e4vi\u00e4 ainesosia, mukaan lukien \u00f6ljyhappo, joka tunkeutuu hiukseen lis\u00e4ten pehmeytt\u00e4 ja kiiltoa samalla edist\u00e4en tervett\u00e4 p\u00e4\u00e4nahkaa. Eco Style Rosemary Mint Oil Gel stimuloi hiusjuuria ja parantaa verenkiertoa p\u00e4\u00e4nahassa. Eco Style Rosemary Mint Styling Gel on alkoholiton.<\/p>\n<p>Useimmat hiusgeelit pit\u00e4v\u00e4t kampaukset paikoillaan, mutta ne sis\u00e4lt\u00e4v\u00e4t alkoholia, joka voi kuivattaa hiuksia. Kun se levitet\u00e4\u00e4n hiuksiin, jotka ovat jo kuivia tai kemiallisesti k\u00e4siteltyj\u00e4, hiusgeelit voivat tahattomasti tehd\u00e4 hiuksista entist\u00e4 ep\u00e4terveellisempi\u00e4. Eco Style Styling Gel tarjoaa tarvitsemasi pidon varmistamaan mink\u00e4 tahansa tyylin ilman hiusten terveyden heikent\u00e4mist\u00e4.<\/p>\n<p>T\u00e4m\u00e4 kauniisti tuoksuva muotoilugeeli sis\u00e4lt\u00e4\u00e4 rosmariini\u00f6ljy\u00e4, joka stimuloi ja vahvistaa hiusjuuria, parantaa verenkiertoa edist\u00e4\u00e4kseen hiusten kasvua, v\u00e4hent\u00e4\u00e4 ymp\u00e4rist\u00f6n vaikutuksia sek\u00e4 sis\u00e4lt\u00e4\u00e4 tulehdusta est\u00e4vi\u00e4 ja mikrobeja torjuvia ominaisuuksia. Piparminttu\u00f6ljy parantaa verenkiertoa edist\u00e4\u00e4kseen kasvua ja auttaa p\u00e4\u00e4nahkaa tuntumaan virkistyneelt\u00e4 ja raikkaalta.<\/p>\n<p>Kevyt geeli ei tunnu j\u00e4yk\u00e4lt\u00e4 tai tahmealta eik\u00e4 hilseile. Levit\u00e4 kuivaan tai kosteaan hiukseen. Ty\u00f6st\u00e4 haluamasi m\u00e4\u00e4r\u00e4 hiuksiin ja muotoile.<\/p>\n<p>473ml<\/p>\n","protected":false},"excerpt":{"rendered":"<p>Eco Style Rosemary Mint Oil Styling Gel on t\u00e4ynn\u00e4 luonnollisia pehment\u00e4vi\u00e4 ainesosia, mukaan lukien \u00f6ljyhappo, joka tunkeutuu hiukseen lis\u00e4ten pehmeytt\u00e4 ja kiiltoa samalla edist\u00e4en tervett\u00e4 p\u00e4\u00e4nahkaa. Eco Style Rosemary Mint Oil Gel stimuloi hiusjuuria ja parantaa verenkiertoa p\u00e4\u00e4nahassa. Eco Style Rosemary Mint Styling Gel on alkoholiton. Useimmat hiusgeelit pit\u00e4v\u00e4t kampaukset paikoillaan, mutta ne sis\u00e4lt\u00e4v\u00e4t alkoholia, [&hellip;]<\/p>\n","protected":false},"featured_media":121911,"comment_status":"open","ping_status":"closed","template":"","meta":{"_trash_the_other_posts":false},"product_brand":[],"product_cat":[701],"product_tag":[2854],"berocket_brand":[1992],"class_list":{"0":"post-121913","1":"product","2":"type-product","3":"status-publish","4":"has-post-thumbnail","6":"product_cat-geeli","7":"product_tag-eco-style-rosemary-mint-oil-styling-gel","8":"pa_brand-eco-style","9":"pa_variantti-473ml","10":"berocket_brand-eco-style","12":"first","13":"instock","14":"taxable","15":"shipping-taxable","16":"purchasable","17":"product-type-simple"},"_links":{"self":[{"href":"https:\/\/stylingagenten.com\/fi\/wp-json\/wp\/v2\/product\/121913","targetHints":{"allow":["GET"]}}],"collection":[{"href":"https:\/\/stylingagenten.com\/fi\/wp-json\/wp\/v2\/product"}],"about":[{"href":"https:\/\/stylingagenten.com\/fi\/wp-json\/wp\/v2\/types\/product"}],"replies":[{"embeddable":true,"href":"https:\/\/stylingagenten.com\/fi\/wp-json\/wp\/v2\/comments?post=121913"}],"version-history":[{"count":0,"href":"https:\/\/stylingagenten.com\/fi\/wp-json\/wp\/v2\/product\/121913\/revisions"}],"wp:featuredmedia":[{"embeddable":true,"href":"https:\/\/stylingagenten.com\/fi\/wp-json\/wp\/v2\/media\/121911"}],"wp:attachment":[{"href":"https:\/\/stylingagenten.com\/fi\/wp-json\/wp\/v2\/media?parent=121913"}],"wp:term":[{"taxonomy":"product_brand","embeddable":true,"href":"https:\/\/stylingagenten.com\/fi\/wp-json\/wp\/v2\/product_brand?post=121913"},{"taxonomy":"product_cat","embeddable":true,"href":"https:\/\/stylingagenten.com\/fi\/wp-json\/wp\/v2\/product_cat?post=121913"},{"taxonomy":"product_tag","embeddable":true,"href":"https:\/\/stylingagenten.com\/fi\/wp-json\/wp\/v2\/product_tag?post=121913"},{"taxonomy":"berocket_brand","embeddable":true,"href":"https:\/\/stylingagenten.com\/fi\/wp-json\/wp\/v2\/berocket_brand?post=121913"}],"curies":[{"name":"wp","href":"https:\/\/api.w.org\/{rel}","templated":true}]}}