{"id":121895,"date":"2025-05-18T21:44:24","date_gmt":"2025-05-18T21:44:24","guid":{"rendered":"https:\/\/staging2.stylingagenten.com\/fi\/produkt\/revlon-nutri-color-500-purple-red-240ml\/"},"modified":"2026-04-02T07:09:19","modified_gmt":"2026-04-02T07:09:19","slug":"revlon-nutri-color-500-purple-red-240ml","status":"publish","type":"product","link":"https:\/\/stylingagenten.com\/fi\/tuote\/revlon-nutri-color-500-purple-red-240ml\/","title":{"rendered":"Revlon Nutri Color 500 Purple Red 240ml"},"content":{"rendered":"<p>Revlon Nutri Color Creme on vallankumouksellinen hiuspakkaus, jossa on v\u00e4ripigmenttej\u00e4, jotka antavat v\u00e4rj\u00e4tyille hiuksille uutta el\u00e4m\u00e4\u00e4. Se vahvistaa hiusten v\u00e4ri\u00e4 samalla kun se antaa raikkaan ja silkkisen lopputuloksen. Se sis\u00e4lt\u00e4\u00e4 hedelm\u00e4happoja, jotka kosteuttavat, pehment\u00e4v\u00e4t ja tekev\u00e4t hiuksista helppo k\u00e4sitell\u00e4 niit\u00e4 painamatta. HUOMIO! Nutri-v\u00e4ri ei v\u00e4rj\u00e4\u00e4 v\u00e4rj\u00e4ttyj\u00e4 hiuksia eik\u00e4 siksi anna mit\u00e4\u00e4n tuloksia; kasvua.<\/p>\n<p>K\u00e4ytt\u00f6: Pese ja kuivaa hiuksesi pyyhkeell\u00e4. Kurpitsa 8-10 kertaa riippuen; Hiusten pituus ja jaa tasaisesti hiuksiin kammalla tai sormilla (harkitse k\u00e4sineiden k\u00e4ytt\u00f6\u00e4). Anna k\u00e4\u00e4reen vaikuttaa 3 minuuttia ja huuhtele sitten huolellisesti.<\/p>\n","protected":false},"excerpt":{"rendered":"<p>Revlon Nutri Color Creme on vallankumouksellinen hiuspakkaus, jossa on v\u00e4ripigmenttej\u00e4, jotka antavat v\u00e4rj\u00e4tyille hiuksille uutta el\u00e4m\u00e4\u00e4. Se vahvistaa hiusten v\u00e4ri\u00e4 samalla kun se antaa raikkaan ja silkkisen lopputuloksen. Se sis\u00e4lt\u00e4\u00e4 hedelm\u00e4happoja, jotka kosteuttavat, pehment\u00e4v\u00e4t ja tekev\u00e4t hiuksista helppo k\u00e4sitell\u00e4 niit\u00e4 painamatta. HUOMIO! Nutri-v\u00e4ri ei v\u00e4rj\u00e4\u00e4 v\u00e4rj\u00e4ttyj\u00e4 hiuksia eik\u00e4 siksi anna mit\u00e4\u00e4n tuloksia; kasvua. K\u00e4ytt\u00f6: Pese [&hellip;]<\/p>\n","protected":false},"featured_media":121894,"comment_status":"open","ping_status":"closed","template":"","meta":{"_trash_the_other_posts":false},"product_brand":[],"product_cat":[1003,602],"product_tag":[],"berocket_brand":[1040],"class_list":{"0":"post-121895","1":"product","2":"type-product","3":"status-publish","4":"has-post-thumbnail","6":"product_cat-myydyimmat","7":"product_cat-varipommi","8":"pa_brand-revlon","9":"berocket_brand-revlon","11":"first","12":"outofstock","13":"sale","14":"taxable","15":"shipping-taxable","16":"purchasable","17":"product-type-simple"},"_links":{"self":[{"href":"https:\/\/stylingagenten.com\/fi\/wp-json\/wp\/v2\/product\/121895","targetHints":{"allow":["GET"]}}],"collection":[{"href":"https:\/\/stylingagenten.com\/fi\/wp-json\/wp\/v2\/product"}],"about":[{"href":"https:\/\/stylingagenten.com\/fi\/wp-json\/wp\/v2\/types\/product"}],"replies":[{"embeddable":true,"href":"https:\/\/stylingagenten.com\/fi\/wp-json\/wp\/v2\/comments?post=121895"}],"version-history":[{"count":0,"href":"https:\/\/stylingagenten.com\/fi\/wp-json\/wp\/v2\/product\/121895\/revisions"}],"wp:featuredmedia":[{"embeddable":true,"href":"https:\/\/stylingagenten.com\/fi\/wp-json\/wp\/v2\/media\/121894"}],"wp:attachment":[{"href":"https:\/\/stylingagenten.com\/fi\/wp-json\/wp\/v2\/media?parent=121895"}],"wp:term":[{"taxonomy":"product_brand","embeddable":true,"href":"https:\/\/stylingagenten.com\/fi\/wp-json\/wp\/v2\/product_brand?post=121895"},{"taxonomy":"product_cat","embeddable":true,"href":"https:\/\/stylingagenten.com\/fi\/wp-json\/wp\/v2\/product_cat?post=121895"},{"taxonomy":"product_tag","embeddable":true,"href":"https:\/\/stylingagenten.com\/fi\/wp-json\/wp\/v2\/product_tag?post=121895"},{"taxonomy":"berocket_brand","embeddable":true,"href":"https:\/\/stylingagenten.com\/fi\/wp-json\/wp\/v2\/berocket_brand?post=121895"}],"curies":[{"name":"wp","href":"https:\/\/api.w.org\/{rel}","templated":true}]}}