{"id":121865,"date":"2025-05-18T21:44:15","date_gmt":"2025-05-18T21:44:15","guid":{"rendered":"https:\/\/staging2.stylingagenten.com\/fi\/produkt\/ref-colour-boost-masque-radiant-red-200ml\/"},"modified":"2026-03-11T21:51:15","modified_gmt":"2026-03-11T21:51:15","slug":"ref-colour-boost-masque-radiant-red-200ml","status":"publish","type":"product","link":"https:\/\/stylingagenten.com\/fi\/tuote\/ref-colour-boost-masque-radiant-red-200ml\/","title":{"rendered":"REF Colour Boost Masque Radiant Red 200ml"},"content":{"rendered":"<p>REF Color Boost Masque on arvokas hiuspakkaus, jossa on v\u00e4ripigmenttej\u00e4 hiusten v\u00e4rin nopeaan virkistykseen sek\u00e4 painottoman kiillon ja pehmeyden saamiseksi. Suositellaan v\u00e4rj\u00e4tyille hiuksille.<\/p>\n<p>+ V\u00c4RI\u00c4 S\u00c4ILYTT\u00c4V\u00c4<br \/>+ VAHVISTAVA KINOAPROTEIINIA<br \/>+ ORGANIC SHEASM&Ouml;R<\/p>\n<p>K\u00e4ytt\u00f6: Levit\u00e4 juuri pestyihin, pyyhekuiviin hiuksiin. Levit\u00e4 voidetta kammalla\/sormilla. Anna vaikuttaa 3-10 minuuttia riippuen Haluttu intensiteetti. Huuhtele ja viimeistele hoitoaineella. Jos haluat s\u00e4vytt\u00e4\u00e4 vahvoja v\u00e4rej\u00e4, sekoita Illuminate Color Conditioner -hoitoaineeseen ennen levitt\u00e4mist\u00e4. Haluttu intensiteetti s\u00e4vyss\u00e4.<\/p>\n<p>Cruelty free<br \/>100 % vegaaninen<\/p>\n","protected":false},"excerpt":{"rendered":"<p>REF Color Boost Masque on arvokas hiuspakkaus, jossa on v\u00e4ripigmenttej\u00e4 hiusten v\u00e4rin nopeaan virkistykseen sek\u00e4 painottoman kiillon ja pehmeyden saamiseksi. Suositellaan v\u00e4rj\u00e4tyille hiuksille. + V\u00c4RI\u00c4 S\u00c4ILYTT\u00c4V\u00c4+ VAHVISTAVA KINOAPROTEIINIA+ ORGANIC SHEASM&Ouml;R K\u00e4ytt\u00f6: Levit\u00e4 juuri pestyihin, pyyhekuiviin hiuksiin. Levit\u00e4 voidetta kammalla\/sormilla. Anna vaikuttaa 3-10 minuuttia riippuen Haluttu intensiteetti. Huuhtele ja viimeistele hoitoaineella. Jos haluat s\u00e4vytt\u00e4\u00e4 vahvoja v\u00e4rej\u00e4, [&hellip;]<\/p>\n","protected":false},"featured_media":121862,"comment_status":"open","ping_status":"closed","template":"","meta":{"_trash_the_other_posts":false},"product_brand":[],"product_cat":[602],"product_tag":[3868],"berocket_brand":[1209],"class_list":{"0":"post-121865","1":"product","2":"type-product","3":"status-publish","4":"has-post-thumbnail","6":"product_cat-varipommi","7":"product_tag-ref-colour-boost-masque-200ml","8":"pa_brand-ref","9":"pa_variantti-radiant-red","10":"berocket_brand-ref","12":"first","13":"instock","14":"sale","15":"taxable","16":"shipping-taxable","17":"purchasable","18":"product-type-simple"},"_links":{"self":[{"href":"https:\/\/stylingagenten.com\/fi\/wp-json\/wp\/v2\/product\/121865","targetHints":{"allow":["GET"]}}],"collection":[{"href":"https:\/\/stylingagenten.com\/fi\/wp-json\/wp\/v2\/product"}],"about":[{"href":"https:\/\/stylingagenten.com\/fi\/wp-json\/wp\/v2\/types\/product"}],"replies":[{"embeddable":true,"href":"https:\/\/stylingagenten.com\/fi\/wp-json\/wp\/v2\/comments?post=121865"}],"version-history":[{"count":0,"href":"https:\/\/stylingagenten.com\/fi\/wp-json\/wp\/v2\/product\/121865\/revisions"}],"wp:featuredmedia":[{"embeddable":true,"href":"https:\/\/stylingagenten.com\/fi\/wp-json\/wp\/v2\/media\/121862"}],"wp:attachment":[{"href":"https:\/\/stylingagenten.com\/fi\/wp-json\/wp\/v2\/media?parent=121865"}],"wp:term":[{"taxonomy":"product_brand","embeddable":true,"href":"https:\/\/stylingagenten.com\/fi\/wp-json\/wp\/v2\/product_brand?post=121865"},{"taxonomy":"product_cat","embeddable":true,"href":"https:\/\/stylingagenten.com\/fi\/wp-json\/wp\/v2\/product_cat?post=121865"},{"taxonomy":"product_tag","embeddable":true,"href":"https:\/\/stylingagenten.com\/fi\/wp-json\/wp\/v2\/product_tag?post=121865"},{"taxonomy":"berocket_brand","embeddable":true,"href":"https:\/\/stylingagenten.com\/fi\/wp-json\/wp\/v2\/berocket_brand?post=121865"}],"curies":[{"name":"wp","href":"https:\/\/api.w.org\/{rel}","templated":true}]}}