{"id":121839,"date":"2025-05-18T21:44:06","date_gmt":"2025-05-18T21:44:06","guid":{"rendered":"https:\/\/staging2.stylingagenten.com\/fi\/produkt\/milk_shake-sos-roots-light-blond-75ml\/"},"modified":"2026-03-16T10:37:25","modified_gmt":"2026-03-16T10:37:25","slug":"milk_shake-sos-roots-light-blond-75ml","status":"publish","type":"product","link":"https:\/\/stylingagenten.com\/fi\/tuote\/milk_shake-sos-roots-light-blond-75ml\/","title":{"rendered":"Milk_Shake SOS Roots Light Blond 75ml"},"content":{"rendered":"<p>Milk_shake SOS Roots on t\u00e4ydellinen tuote, kun kyse on \u00e4rsytt\u00e4v\u00e4st\u00e4 kasvusta. T\u00e4ll\u00e4 juurisuihkeella voit peitt\u00e4\u00e4 kasvusi, leikki\u00e4 eri s\u00e4vyill\u00e4 tai peitt\u00e4\u00e4 kasvusi. Lis\u00e4ksi se kattaa jopa sm&aring; harmaa s\u00e4vyttyy ja kuivuu nopeasti. S&aring; sinun tarvitsee vain levitt\u00e4\u00e4 haluttu v\u00e4ri halutulle alueelle, ja saat v\u00e4litt\u00f6m\u00e4sti tuloksen, joka kest\u00e4\u00e4 seuraavaan pesuun asti ;ng.<\/p>\n<p>&#8211; Tummentaa harmaita hiuksia ja venyv\u00e4\u00e4<br \/>&#8211; Voit kokeilla erilaisia \u200b\u200btehosteita ja v\u00e4rej\u00e4<br \/>&#8211; Kest\u00e4\u00e4 seuraavaan kovaan asti<br \/>&#8211; Kuivuu nopeasti<br \/>&#8211; Antaa tuloksia heti<br \/>&#8211; Eritt\u00e4in pigmenttinen<\/p>\n<p>K\u00e4ytt\u00f6:<br \/>&#8211; Ravista hyvin ennen k\u00e4ytt\u00f6\u00e4<br \/>&#8211; Voidaan levitt\u00e4\u00e4 suoraan hiukset<br \/>&#8211; K\u00e4\u00e4nn\u00e4 suutin alas kohti p\u00e4\u00e4nahkaa n. 10 cm hiuksista ja suihkuta kevyesti<br \/>&nbsp;&#8211; Levit\u00e4 aina puhtaat, kuivat hiukset<\/p>\n","protected":false},"excerpt":{"rendered":"<p>Milk_shake SOS Roots on t\u00e4ydellinen tuote, kun kyse on \u00e4rsytt\u00e4v\u00e4st\u00e4 kasvusta. T\u00e4ll\u00e4 juurisuihkeella voit peitt\u00e4\u00e4 kasvusi, leikki\u00e4 eri s\u00e4vyill\u00e4 tai peitt\u00e4\u00e4 kasvusi. Lis\u00e4ksi se kattaa jopa sm&aring; harmaa s\u00e4vyttyy ja kuivuu nopeasti. S&aring; sinun tarvitsee vain levitt\u00e4\u00e4 haluttu v\u00e4ri halutulle alueelle, ja saat v\u00e4litt\u00f6m\u00e4sti tuloksen, joka kest\u00e4\u00e4 seuraavaan pesuun asti ;ng. &#8211; Tummentaa harmaita hiuksia [&hellip;]<\/p>\n","protected":false},"featured_media":121838,"comment_status":"open","ping_status":"closed","template":"","meta":{"_trash_the_other_posts":false},"product_brand":[],"product_cat":[602],"product_tag":[3579],"berocket_brand":[1085],"class_list":{"0":"post-121839","1":"product","2":"type-product","3":"status-publish","4":"has-post-thumbnail","6":"product_cat-varipommi","7":"product_tag-milk_shake-sos-roots-75ml","8":"pa_brand-milk_shake","9":"pa_variantti-light-blond","10":"berocket_brand-milk_shake","12":"first","13":"instock","14":"sale","15":"taxable","16":"shipping-taxable","17":"purchasable","18":"product-type-simple"},"_links":{"self":[{"href":"https:\/\/stylingagenten.com\/fi\/wp-json\/wp\/v2\/product\/121839","targetHints":{"allow":["GET"]}}],"collection":[{"href":"https:\/\/stylingagenten.com\/fi\/wp-json\/wp\/v2\/product"}],"about":[{"href":"https:\/\/stylingagenten.com\/fi\/wp-json\/wp\/v2\/types\/product"}],"replies":[{"embeddable":true,"href":"https:\/\/stylingagenten.com\/fi\/wp-json\/wp\/v2\/comments?post=121839"}],"version-history":[{"count":0,"href":"https:\/\/stylingagenten.com\/fi\/wp-json\/wp\/v2\/product\/121839\/revisions"}],"wp:featuredmedia":[{"embeddable":true,"href":"https:\/\/stylingagenten.com\/fi\/wp-json\/wp\/v2\/media\/121838"}],"wp:attachment":[{"href":"https:\/\/stylingagenten.com\/fi\/wp-json\/wp\/v2\/media?parent=121839"}],"wp:term":[{"taxonomy":"product_brand","embeddable":true,"href":"https:\/\/stylingagenten.com\/fi\/wp-json\/wp\/v2\/product_brand?post=121839"},{"taxonomy":"product_cat","embeddable":true,"href":"https:\/\/stylingagenten.com\/fi\/wp-json\/wp\/v2\/product_cat?post=121839"},{"taxonomy":"product_tag","embeddable":true,"href":"https:\/\/stylingagenten.com\/fi\/wp-json\/wp\/v2\/product_tag?post=121839"},{"taxonomy":"berocket_brand","embeddable":true,"href":"https:\/\/stylingagenten.com\/fi\/wp-json\/wp\/v2\/berocket_brand?post=121839"}],"curies":[{"name":"wp","href":"https:\/\/api.w.org\/{rel}","templated":true}]}}