{"id":121830,"date":"2025-05-18T21:44:03","date_gmt":"2025-05-18T21:44:03","guid":{"rendered":"https:\/\/staging2.stylingagenten.com\/fi\/produkt\/milk_shake-colour-whipped-cream-light-blue-100ml\/"},"modified":"2026-03-15T12:37:42","modified_gmt":"2026-03-15T12:37:42","slug":"milk_shake-colour-whipped-cream-light-blue-100ml","status":"publish","type":"product","link":"https:\/\/stylingagenten.com\/fi\/tuote\/milk_shake-colour-whipped-cream-light-blue-100ml\/","title":{"rendered":"Milk_Shake Colour Whipped Cream Light Blue 100ml"},"content":{"rendered":"<p>T\u00e4m\u00e4 on v\u00e4rivaahto, joka muuttaa v\u00e4liaikaisesti hiusten v\u00e4ri\u00e4 nuorentavalla vaikutuksella. Sit\u00e4 voidaan k\u00e4ytt\u00e4\u00e4 p\u00e4ivitt\u00e4m\u00e4\u00e4n nykyist\u00e4 hiusv\u00e4ri\u00e4si tai kun haluat kokeilla kokonaan uutta v\u00e4ri\u00e4.<\/p>\n<p>Kuinka pitk\u00e4t hiukset ovat v\u00e4rilt\u00e4\u00e4n? Koska vaahto on lis\u00e4ratkaisu, voit odottaa sen kest\u00e4v\u00e4n noin 1-2 pesukertaa. V\u00e4rin lis\u00e4ksi vaahto tarjoaa my\u00f6s; kosteutta, arvoa ja kiilt\u00e4v\u00e4\u00e4 pintaa maitoproteiinien ja v\u00e4ri\u00e4 s\u00e4ilytt\u00e4v\u00e4n Integrity 41 &copy;n ansiosta.<\/p>\n<p>T\u00e4t\u00e4 tuotetta on saatavana useissa eri v\u00e4reiss\u00e4 ja lopputulos riippuu millaiset hiukset sinulla on l\u00e4ht\u00f6viivassa. Se toimii luonnollisissa hiuksissa, mutta saat voimakkaimmat tulokset kemiallisesti k\u00e4sitellyiss\u00e4 hiuksissa.<\/p>\n<p><strong>K\u00e4ytt\u00f6:<\/strong><\/p>\n<p>Ravista s\u00e4ili\u00f6t\u00e4 ennen k\u00e4ytt\u00f6\u00e4<\/p>\n<p>Levit\u00e4 p\u00e4\u00e4lle sopiva m\u00e4\u00e4r\u00e4 vaahtoa puhtaat ja kosteat hiukset<\/p>\n<p>Voidaan k\u00e4ytt\u00e4\u00e4 normaalien hiusten virkist\u00e4j\u00e4n\u00e4<\/p>\n<p>Kest\u00e4\u00e4 jopa 1-2 pesukertaa <\/p>\n<p>Antaa hiuksille v\u00e4litt\u00f6m\u00e4n v\u00e4rin<\/p>\n<p>Antaa arvoa ja kosteutta<\/p>\n","protected":false},"excerpt":{"rendered":"<p>T\u00e4m\u00e4 on v\u00e4rivaahto, joka muuttaa v\u00e4liaikaisesti hiusten v\u00e4ri\u00e4 nuorentavalla vaikutuksella. Sit\u00e4 voidaan k\u00e4ytt\u00e4\u00e4 p\u00e4ivitt\u00e4m\u00e4\u00e4n nykyist\u00e4 hiusv\u00e4ri\u00e4si tai kun haluat kokeilla kokonaan uutta v\u00e4ri\u00e4. Kuinka pitk\u00e4t hiukset ovat v\u00e4rilt\u00e4\u00e4n? Koska vaahto on lis\u00e4ratkaisu, voit odottaa sen kest\u00e4v\u00e4n noin 1-2 pesukertaa. V\u00e4rin lis\u00e4ksi vaahto tarjoaa my\u00f6s; kosteutta, arvoa ja kiilt\u00e4v\u00e4\u00e4 pintaa maitoproteiinien ja v\u00e4ri\u00e4 s\u00e4ilytt\u00e4v\u00e4n Integrity 41 [&hellip;]<\/p>\n","protected":false},"featured_media":121828,"comment_status":"open","ping_status":"closed","template":"","meta":{"_trash_the_other_posts":false},"product_brand":[],"product_cat":[602],"product_tag":[],"berocket_brand":[1085],"class_list":{"0":"post-121830","1":"product","2":"type-product","3":"status-publish","4":"has-post-thumbnail","6":"product_cat-varipommi","7":"pa_brand-milk_shake","8":"berocket_brand-milk_shake","10":"first","11":"instock","12":"sale","13":"taxable","14":"shipping-taxable","15":"purchasable","16":"product-type-simple"},"_links":{"self":[{"href":"https:\/\/stylingagenten.com\/fi\/wp-json\/wp\/v2\/product\/121830","targetHints":{"allow":["GET"]}}],"collection":[{"href":"https:\/\/stylingagenten.com\/fi\/wp-json\/wp\/v2\/product"}],"about":[{"href":"https:\/\/stylingagenten.com\/fi\/wp-json\/wp\/v2\/types\/product"}],"replies":[{"embeddable":true,"href":"https:\/\/stylingagenten.com\/fi\/wp-json\/wp\/v2\/comments?post=121830"}],"version-history":[{"count":0,"href":"https:\/\/stylingagenten.com\/fi\/wp-json\/wp\/v2\/product\/121830\/revisions"}],"wp:featuredmedia":[{"embeddable":true,"href":"https:\/\/stylingagenten.com\/fi\/wp-json\/wp\/v2\/media\/121828"}],"wp:attachment":[{"href":"https:\/\/stylingagenten.com\/fi\/wp-json\/wp\/v2\/media?parent=121830"}],"wp:term":[{"taxonomy":"product_brand","embeddable":true,"href":"https:\/\/stylingagenten.com\/fi\/wp-json\/wp\/v2\/product_brand?post=121830"},{"taxonomy":"product_cat","embeddable":true,"href":"https:\/\/stylingagenten.com\/fi\/wp-json\/wp\/v2\/product_cat?post=121830"},{"taxonomy":"product_tag","embeddable":true,"href":"https:\/\/stylingagenten.com\/fi\/wp-json\/wp\/v2\/product_tag?post=121830"},{"taxonomy":"berocket_brand","embeddable":true,"href":"https:\/\/stylingagenten.com\/fi\/wp-json\/wp\/v2\/berocket_brand?post=121830"}],"curies":[{"name":"wp","href":"https:\/\/api.w.org\/{rel}","templated":true}]}}