{"id":121825,"date":"2025-05-18T21:44:02","date_gmt":"2025-05-18T21:44:02","guid":{"rendered":"https:\/\/staging2.stylingagenten.com\/fi\/produkt\/revlon-nutri-color-821-silver-beige-240ml\/"},"modified":"2026-03-11T21:47:21","modified_gmt":"2026-03-11T21:47:21","slug":"revlon-nutri-color-821-silver-beige-240ml","status":"publish","type":"product","link":"https:\/\/stylingagenten.com\/fi\/tuote\/revlon-nutri-color-821-silver-beige-240ml\/","title":{"rendered":"Revlon Nutri Color 821 Silver Beige 240ml"},"content":{"rendered":"<p>Revlon Nutri Color Creme on vallankumouksellinen hiuspakkaus, jossa on v\u00e4ripigmenttej\u00e4, jotka antavat v\u00e4rj\u00e4tyille hiuksille uutta el\u00e4m\u00e4\u00e4. Se vahvistaa hiusten v\u00e4ri\u00e4 samalla kun se antaa raikkaan ja silkkisen lopputuloksen. Se sis\u00e4lt\u00e4\u00e4 hedelm\u00e4happoja, jotka kosteuttavat, pehment\u00e4v\u00e4t ja tekev\u00e4t hiuksista helppo k\u00e4sitell\u00e4 niit\u00e4 rasittamatta.<\/p>\n<p>HUOM! Nutri-v\u00e4ri ei v\u00e4rj\u00e4\u00e4 v\u00e4rj\u00e4ttyj\u00e4 hiuksia eik\u00e4 siksi anna mit\u00e4\u00e4n tuloksia; kasvua.<\/p>\n<p>K\u00e4ytt\u00f6: Pese ja kuivaa hiuksesi pyyhkeell\u00e4. Kurpitsa 8-10 kertaa riippuen; Hiusten pituus ja jaa tasaisesti hiuksiin kammalla tai sormilla (harkitse k\u00e4sineiden k\u00e4ytt\u00f6\u00e4). Anna pakkauksen vaikuttaa 3 minuuttia ja huuhtele sitten huolellisesti.<\/p>\n<p>S\u00e4vy: Instense Platinum<\/p>\n","protected":false},"excerpt":{"rendered":"<p>Revlon Nutri Color Creme on vallankumouksellinen hiuspakkaus, jossa on v\u00e4ripigmenttej\u00e4, jotka antavat v\u00e4rj\u00e4tyille hiuksille uutta el\u00e4m\u00e4\u00e4. Se vahvistaa hiusten v\u00e4ri\u00e4 samalla kun se antaa raikkaan ja silkkisen lopputuloksen. Se sis\u00e4lt\u00e4\u00e4 hedelm\u00e4happoja, jotka kosteuttavat, pehment\u00e4v\u00e4t ja tekev\u00e4t hiuksista helppo k\u00e4sitell\u00e4 niit\u00e4 rasittamatta. HUOM! Nutri-v\u00e4ri ei v\u00e4rj\u00e4\u00e4 v\u00e4rj\u00e4ttyj\u00e4 hiuksia eik\u00e4 siksi anna mit\u00e4\u00e4n tuloksia; kasvua. K\u00e4ytt\u00f6: Pese [&hellip;]<\/p>\n","protected":false},"featured_media":121823,"comment_status":"open","ping_status":"closed","template":"","meta":{"_trash_the_other_posts":false},"product_brand":[],"product_cat":[1003,602],"product_tag":[3925],"berocket_brand":[1040],"class_list":{"0":"post-121825","1":"product","2":"type-product","3":"status-publish","4":"has-post-thumbnail","6":"product_cat-myydyimmat","7":"product_cat-varipommi","8":"product_tag-revlon-nutri-color-821-silver-beige","9":"pa_brand-revlon","10":"pa_variantti-240ml","11":"berocket_brand-revlon","13":"first","14":"outofstock","15":"sale","16":"taxable","17":"shipping-taxable","18":"purchasable","19":"product-type-simple"},"_links":{"self":[{"href":"https:\/\/stylingagenten.com\/fi\/wp-json\/wp\/v2\/product\/121825","targetHints":{"allow":["GET"]}}],"collection":[{"href":"https:\/\/stylingagenten.com\/fi\/wp-json\/wp\/v2\/product"}],"about":[{"href":"https:\/\/stylingagenten.com\/fi\/wp-json\/wp\/v2\/types\/product"}],"replies":[{"embeddable":true,"href":"https:\/\/stylingagenten.com\/fi\/wp-json\/wp\/v2\/comments?post=121825"}],"version-history":[{"count":0,"href":"https:\/\/stylingagenten.com\/fi\/wp-json\/wp\/v2\/product\/121825\/revisions"}],"wp:featuredmedia":[{"embeddable":true,"href":"https:\/\/stylingagenten.com\/fi\/wp-json\/wp\/v2\/media\/121823"}],"wp:attachment":[{"href":"https:\/\/stylingagenten.com\/fi\/wp-json\/wp\/v2\/media?parent=121825"}],"wp:term":[{"taxonomy":"product_brand","embeddable":true,"href":"https:\/\/stylingagenten.com\/fi\/wp-json\/wp\/v2\/product_brand?post=121825"},{"taxonomy":"product_cat","embeddable":true,"href":"https:\/\/stylingagenten.com\/fi\/wp-json\/wp\/v2\/product_cat?post=121825"},{"taxonomy":"product_tag","embeddable":true,"href":"https:\/\/stylingagenten.com\/fi\/wp-json\/wp\/v2\/product_tag?post=121825"},{"taxonomy":"berocket_brand","embeddable":true,"href":"https:\/\/stylingagenten.com\/fi\/wp-json\/wp\/v2\/berocket_brand?post=121825"}],"curies":[{"name":"wp","href":"https:\/\/api.w.org\/{rel}","templated":true}]}}