{"id":121812,"date":"2025-05-18T21:43:58","date_gmt":"2025-05-18T21:43:58","guid":{"rendered":"https:\/\/staging2.stylingagenten.com\/fi\/produkt\/colour-bomb-extreme-white-platinum-250ml\/"},"modified":"2026-03-11T21:44:51","modified_gmt":"2026-03-11T21:44:51","slug":"colour-bomb-extreme-white-platinum-250ml","status":"publish","type":"product","link":"https:\/\/stylingagenten.com\/fi\/tuote\/colour-bomb-extreme-white-platinum-250ml\/","title":{"rendered":"Colour Bomb Extreme White Platinum 250ml"},"content":{"rendered":"<p>Color Bomb by Maverick &#8211; Extreme White Platinum <\/p>\n<p>V\u00e4rillinen hoitoaine suoralla vaikutuksella, joka virkist\u00e4\u00e4 hiusten v\u00e4ri\u00e4 ja antaa sille uutta raikasta kiiltoa ja tekee hiuksista pehmeit\u00e4 ja joustavia. <br \/>V\u00e4ritulos riippuu nykyisest\u00e4 hiusv\u00e4rist\u00e4si ja hiusten laadusta. V\u00e4rillisille hiuksille. <\/p>\n<p>Ei pid\u00e4 k\u00e4ytt\u00e4\u00e4 p\u00e4\u00e4nahassa. <br \/>V\u00e4ri kest\u00e4\u00e4 kahdeksasta kymmeneen pesukertaa, mutta haalistuu edetess\u00e4. <br \/>K\u00e4yt\u00e4 k\u00e4sineit\u00e4 levitett\u00e4ess\u00e4. <br \/>Huuhtele pois, jos ainetta joutuu iholle. <br \/>Ei sis\u00e4ll\u00e4 peroksideja, jotka vaalentavat hiuksia. <br \/>Eri v\u00e4rej\u00e4 voidaan sekoittaa kesken\u00e4\u00e4n. <br \/>Colour Bomb sis\u00e4lt\u00e4\u00e4 ainesosia, jotka kosteuttavat ja ravitsevat hiuksia, aivan kuten tavallinen hoitoaine.<\/p>\n","protected":false},"excerpt":{"rendered":"<p>Color Bomb by Maverick &#8211; Extreme White Platinum V\u00e4rillinen hoitoaine suoralla vaikutuksella, joka virkist\u00e4\u00e4 hiusten v\u00e4ri\u00e4 ja antaa sille uutta raikasta kiiltoa ja tekee hiuksista pehmeit\u00e4 ja joustavia. V\u00e4ritulos riippuu nykyisest\u00e4 hiusv\u00e4rist\u00e4si ja hiusten laadusta. V\u00e4rillisille hiuksille. Ei pid\u00e4 k\u00e4ytt\u00e4\u00e4 p\u00e4\u00e4nahassa. V\u00e4ri kest\u00e4\u00e4 kahdeksasta kymmeneen pesukertaa, mutta haalistuu edetess\u00e4. K\u00e4yt\u00e4 k\u00e4sineit\u00e4 levitett\u00e4ess\u00e4. Huuhtele pois, jos [&hellip;]<\/p>\n","protected":false},"featured_media":121809,"comment_status":"open","ping_status":"closed","template":"","meta":{"_trash_the_other_posts":false},"product_brand":[],"product_cat":[602],"product_tag":[2734],"berocket_brand":[2015],"class_list":{"0":"post-121812","1":"product","2":"type-product","3":"status-publish","4":"has-post-thumbnail","6":"product_cat-varipommi","7":"product_tag-colour-bomb-250ml","8":"pa_brand-color-bomb","9":"pa_variantti-extreme-white-platinum","10":"berocket_brand-color-bomb","12":"first","13":"instock","14":"sale","15":"taxable","16":"shipping-taxable","17":"purchasable","18":"product-type-simple"},"_links":{"self":[{"href":"https:\/\/stylingagenten.com\/fi\/wp-json\/wp\/v2\/product\/121812","targetHints":{"allow":["GET"]}}],"collection":[{"href":"https:\/\/stylingagenten.com\/fi\/wp-json\/wp\/v2\/product"}],"about":[{"href":"https:\/\/stylingagenten.com\/fi\/wp-json\/wp\/v2\/types\/product"}],"replies":[{"embeddable":true,"href":"https:\/\/stylingagenten.com\/fi\/wp-json\/wp\/v2\/comments?post=121812"}],"version-history":[{"count":0,"href":"https:\/\/stylingagenten.com\/fi\/wp-json\/wp\/v2\/product\/121812\/revisions"}],"wp:featuredmedia":[{"embeddable":true,"href":"https:\/\/stylingagenten.com\/fi\/wp-json\/wp\/v2\/media\/121809"}],"wp:attachment":[{"href":"https:\/\/stylingagenten.com\/fi\/wp-json\/wp\/v2\/media?parent=121812"}],"wp:term":[{"taxonomy":"product_brand","embeddable":true,"href":"https:\/\/stylingagenten.com\/fi\/wp-json\/wp\/v2\/product_brand?post=121812"},{"taxonomy":"product_cat","embeddable":true,"href":"https:\/\/stylingagenten.com\/fi\/wp-json\/wp\/v2\/product_cat?post=121812"},{"taxonomy":"product_tag","embeddable":true,"href":"https:\/\/stylingagenten.com\/fi\/wp-json\/wp\/v2\/product_tag?post=121812"},{"taxonomy":"berocket_brand","embeddable":true,"href":"https:\/\/stylingagenten.com\/fi\/wp-json\/wp\/v2\/berocket_brand?post=121812"}],"curies":[{"name":"wp","href":"https:\/\/api.w.org\/{rel}","templated":true}]}}