{"id":121793,"date":"2025-05-18T21:43:54","date_gmt":"2025-05-18T21:43:54","guid":{"rendered":"https:\/\/staging2.stylingagenten.com\/fi\/produkt\/maria-nila-colour-refresh-0-22-vivid-violet-300ml\/"},"modified":"2026-03-26T21:28:47","modified_gmt":"2026-03-26T21:28:47","slug":"maria-nila-colour-refresh-0-22-vivid-violet-300ml","status":"publish","type":"product","link":"https:\/\/stylingagenten.com\/fi\/tuote\/maria-nila-colour-refresh-0-22-vivid-violet-300ml\/","title":{"rendered":"Maria Nila Colour Refresh 0.22 Vivid Violet 300ml"},"content":{"rendered":"<p>V\u00e4liaikaisia \u200b\u200bv\u00e4ripigmenttej\u00e4 sis\u00e4lt\u00e4v\u00e4 hoitava k\u00e4\u00e4re, joka raikastaa nopeasti hiusv\u00e4rin ja antaa violetteja s\u00e4vyj\u00e4. Todellinen v\u00e4ripommi argan\u00f6ljyll\u00e4, joka pehment\u00e4\u00e4 ja v\u00e4hent\u00e4\u00e4 p\u00f6rr\u00f6isyytt\u00e4 ja tekee tuloksesta silkinpehme\u00e4n. Kaikki v\u00e4rit voidaan sekoittaa White Mixill\u00e4 pastelliv\u00e4rien luomiseksi tai sekoittamalla eri v\u00e4rej\u00e4 ainutlaatuisen s\u00e4vyn luomiseksi. T\u00e4ydellinen k\u00e4ytett\u00e4v\u00e4ksi salonkik\u00e4yntien v\u00e4liss\u00e4 tai ennen erityist\u00e4 tapahtumaa.<\/p>\n<p>Ominaisuudet ja odotetut tulokset<br \/>&#8211; Soveltuu keskiruskeille ja tummille hiuksille (tasot 2-7)<br \/>&#8211; Vaaleammille hiuksille laimenna Whitella Sekoita , muuten vaikutus voi olla liian voimakas<br \/>&#8211; \u00c4l\u00e4 k\u00e4yt\u00e4 ennen mink\u00e4\u00e4nlaista valkaisuhoitoa, koska se voi aiheuttaa v\u00e4rimuutoksia<br \/>&#8211; Ei peit\u00e4 harmaita hiuksia<\/p>\n","protected":false},"excerpt":{"rendered":"<p>V\u00e4liaikaisia \u200b\u200bv\u00e4ripigmenttej\u00e4 sis\u00e4lt\u00e4v\u00e4 hoitava k\u00e4\u00e4re, joka raikastaa nopeasti hiusv\u00e4rin ja antaa violetteja s\u00e4vyj\u00e4. Todellinen v\u00e4ripommi argan\u00f6ljyll\u00e4, joka pehment\u00e4\u00e4 ja v\u00e4hent\u00e4\u00e4 p\u00f6rr\u00f6isyytt\u00e4 ja tekee tuloksesta silkinpehme\u00e4n. Kaikki v\u00e4rit voidaan sekoittaa White Mixill\u00e4 pastelliv\u00e4rien luomiseksi tai sekoittamalla eri v\u00e4rej\u00e4 ainutlaatuisen s\u00e4vyn luomiseksi. T\u00e4ydellinen k\u00e4ytett\u00e4v\u00e4ksi salonkik\u00e4yntien v\u00e4liss\u00e4 tai ennen erityist\u00e4 tapahtumaa. Ominaisuudet ja odotetut tulokset&#8211; Soveltuu keskiruskeille ja [&hellip;]<\/p>\n","protected":false},"featured_media":121783,"comment_status":"open","ping_status":"closed","template":"","meta":{"_trash_the_other_posts":false},"product_brand":[],"product_cat":[602],"product_tag":[3394],"berocket_brand":[1388],"class_list":{"0":"post-121793","1":"product","2":"type-product","3":"status-publish","4":"has-post-thumbnail","6":"product_cat-varipommi","7":"product_tag-maria-nila-colour-refresh-0-22-vivid-violet","8":"pa_brand-maria-nila","9":"pa_variantti-300ml","10":"berocket_brand-maria-nila","12":"first","13":"instock","14":"sale","15":"taxable","16":"shipping-taxable","17":"purchasable","18":"product-type-simple"},"_links":{"self":[{"href":"https:\/\/stylingagenten.com\/fi\/wp-json\/wp\/v2\/product\/121793","targetHints":{"allow":["GET"]}}],"collection":[{"href":"https:\/\/stylingagenten.com\/fi\/wp-json\/wp\/v2\/product"}],"about":[{"href":"https:\/\/stylingagenten.com\/fi\/wp-json\/wp\/v2\/types\/product"}],"replies":[{"embeddable":true,"href":"https:\/\/stylingagenten.com\/fi\/wp-json\/wp\/v2\/comments?post=121793"}],"version-history":[{"count":0,"href":"https:\/\/stylingagenten.com\/fi\/wp-json\/wp\/v2\/product\/121793\/revisions"}],"wp:featuredmedia":[{"embeddable":true,"href":"https:\/\/stylingagenten.com\/fi\/wp-json\/wp\/v2\/media\/121783"}],"wp:attachment":[{"href":"https:\/\/stylingagenten.com\/fi\/wp-json\/wp\/v2\/media?parent=121793"}],"wp:term":[{"taxonomy":"product_brand","embeddable":true,"href":"https:\/\/stylingagenten.com\/fi\/wp-json\/wp\/v2\/product_brand?post=121793"},{"taxonomy":"product_cat","embeddable":true,"href":"https:\/\/stylingagenten.com\/fi\/wp-json\/wp\/v2\/product_cat?post=121793"},{"taxonomy":"product_tag","embeddable":true,"href":"https:\/\/stylingagenten.com\/fi\/wp-json\/wp\/v2\/product_tag?post=121793"},{"taxonomy":"berocket_brand","embeddable":true,"href":"https:\/\/stylingagenten.com\/fi\/wp-json\/wp\/v2\/berocket_brand?post=121793"}],"curies":[{"name":"wp","href":"https:\/\/api.w.org\/{rel}","templated":true}]}}