{"id":121724,"date":"2025-05-18T21:43:41","date_gmt":"2025-05-18T21:43:41","guid":{"rendered":"https:\/\/staging2.stylingagenten.com\/fi\/produkt\/maria-nila-colour-refresh-0-20-pearl-silver-100ml\/"},"modified":"2026-03-24T15:17:37","modified_gmt":"2026-03-24T15:17:37","slug":"maria-nila-colour-refresh-0-20-pearl-silver-100ml","status":"publish","type":"product","link":"https:\/\/stylingagenten.com\/fi\/tuote\/maria-nila-colour-refresh-0-20-pearl-silver-100ml\/","title":{"rendered":"Maria Nila Colour Refresh 0.20 Pearl Silver 100ml"},"content":{"rendered":"<p>V\u00e4liaikaisia \u200b\u200bv\u00e4ripigmenttej\u00e4 sis\u00e4lt\u00e4v\u00e4 hoitava k\u00e4\u00e4re, joka raikastaa nopeasti hiusv\u00e4rin ja neutraloi kultaiset s\u00e4vyt viile\u00e4mm\u00e4ksi hopeanv\u00e4riseksi. Todellinen v\u00e4ripommi argan\u00f6ljyll\u00e4, joka pehment\u00e4\u00e4 ja v\u00e4hent\u00e4\u00e4 p\u00f6rr\u00f6isyytt\u00e4 ja tekee tuloksesta silkinpehme\u00e4n. Kaikki v\u00e4rit voidaan sekoittaa White Mixill\u00e4 pastelliv\u00e4rien luomiseksi tai sekoittamalla eri v\u00e4rej\u00e4 ainutlaatuisen s\u00e4vyn luomiseksi. T\u00e4ydellinen k\u00e4ytett\u00e4v\u00e4ksi salonkik\u00e4yntien v\u00e4lill\u00e4 tai ennen erityist\u00e4 tapahtumaa.<\/p>\n<p>Ominaisuudet ja odotetut tulokset<br \/>&#8211; Sopii vaaleille hiuksille (taso 7-10)<br \/>&#8211; Vaikutus ei ole yht\u00e4 voimakas tummissa hiuksissa<br \/> br&gt; &#8211; \u00c4l\u00e4 k\u00e4yt\u00e4 ennen mink\u00e4\u00e4nlaista valkaisuhoitoa, koska se voi aiheuttaa v\u00e4rimuutoksia<br \/>&#8211; Ei peit\u00e4 harmaita hiuksia<\/p>\n","protected":false},"excerpt":{"rendered":"<p>V\u00e4liaikaisia \u200b\u200bv\u00e4ripigmenttej\u00e4 sis\u00e4lt\u00e4v\u00e4 hoitava k\u00e4\u00e4re, joka raikastaa nopeasti hiusv\u00e4rin ja neutraloi kultaiset s\u00e4vyt viile\u00e4mm\u00e4ksi hopeanv\u00e4riseksi. Todellinen v\u00e4ripommi argan\u00f6ljyll\u00e4, joka pehment\u00e4\u00e4 ja v\u00e4hent\u00e4\u00e4 p\u00f6rr\u00f6isyytt\u00e4 ja tekee tuloksesta silkinpehme\u00e4n. Kaikki v\u00e4rit voidaan sekoittaa White Mixill\u00e4 pastelliv\u00e4rien luomiseksi tai sekoittamalla eri v\u00e4rej\u00e4 ainutlaatuisen s\u00e4vyn luomiseksi. T\u00e4ydellinen k\u00e4ytett\u00e4v\u00e4ksi salonkik\u00e4yntien v\u00e4lill\u00e4 tai ennen erityist\u00e4 tapahtumaa. Ominaisuudet ja odotetut tulokset&#8211; Sopii [&hellip;]<\/p>\n","protected":false},"featured_media":121717,"comment_status":"open","ping_status":"closed","template":"","meta":{"_trash_the_other_posts":false},"product_brand":[],"product_cat":[602],"product_tag":[3393],"berocket_brand":[1388],"class_list":{"0":"post-121724","1":"product","2":"type-product","3":"status-publish","4":"has-post-thumbnail","6":"product_cat-varipommi","7":"product_tag-maria-nila-colour-refresh-0-20-pearl-silver","8":"pa_brand-maria-nila","9":"pa_variantti-100ml","10":"berocket_brand-maria-nila","12":"first","13":"instock","14":"sale","15":"taxable","16":"shipping-taxable","17":"purchasable","18":"product-type-simple"},"_links":{"self":[{"href":"https:\/\/stylingagenten.com\/fi\/wp-json\/wp\/v2\/product\/121724","targetHints":{"allow":["GET"]}}],"collection":[{"href":"https:\/\/stylingagenten.com\/fi\/wp-json\/wp\/v2\/product"}],"about":[{"href":"https:\/\/stylingagenten.com\/fi\/wp-json\/wp\/v2\/types\/product"}],"replies":[{"embeddable":true,"href":"https:\/\/stylingagenten.com\/fi\/wp-json\/wp\/v2\/comments?post=121724"}],"version-history":[{"count":0,"href":"https:\/\/stylingagenten.com\/fi\/wp-json\/wp\/v2\/product\/121724\/revisions"}],"wp:featuredmedia":[{"embeddable":true,"href":"https:\/\/stylingagenten.com\/fi\/wp-json\/wp\/v2\/media\/121717"}],"wp:attachment":[{"href":"https:\/\/stylingagenten.com\/fi\/wp-json\/wp\/v2\/media?parent=121724"}],"wp:term":[{"taxonomy":"product_brand","embeddable":true,"href":"https:\/\/stylingagenten.com\/fi\/wp-json\/wp\/v2\/product_brand?post=121724"},{"taxonomy":"product_cat","embeddable":true,"href":"https:\/\/stylingagenten.com\/fi\/wp-json\/wp\/v2\/product_cat?post=121724"},{"taxonomy":"product_tag","embeddable":true,"href":"https:\/\/stylingagenten.com\/fi\/wp-json\/wp\/v2\/product_tag?post=121724"},{"taxonomy":"berocket_brand","embeddable":true,"href":"https:\/\/stylingagenten.com\/fi\/wp-json\/wp\/v2\/berocket_brand?post=121724"}],"curies":[{"name":"wp","href":"https:\/\/api.w.org\/{rel}","templated":true}]}}