{"id":121700,"date":"2025-05-18T21:43:37","date_gmt":"2025-05-18T21:43:37","guid":{"rendered":"https:\/\/staging2.stylingagenten.com\/fi\/produkt\/maria-nila-colour-refresh-0-00-white-mix-100ml\/"},"modified":"2026-03-26T21:28:44","modified_gmt":"2026-03-26T21:28:44","slug":"maria-nila-colour-refresh-0-00-white-mix-100ml","status":"publish","type":"product","link":"https:\/\/stylingagenten.com\/fi\/tuote\/maria-nila-colour-refresh-0-00-white-mix-100ml\/","title":{"rendered":"Maria Nila Colour Refresh 0.00 White Mix 100ml"},"content":{"rendered":"<p>Hoitava neutraali k\u00e4\u00e4re ilman v\u00e4ripigmenttej\u00e4, joka raikastaa hiukset nopeasti ja antaa intensiivist\u00e4 kiiltoa. K\u00e4\u00e4re on pehmitt\u00e4v\u00e4 ja v\u00e4hent\u00e4\u00e4 p\u00f6rr\u00f6isyytt\u00e4, jolloin lopputulos on silkinpehme\u00e4. White Mixi\u00e4 voidaan my\u00f6s sekoittaa muiden Color Refresh -v\u00e4rien kanssa pastelliv\u00e4rien luomiseksi. T\u00e4ydellinen k\u00e4ytett\u00e4v\u00e4ksi salonkik\u00e4yntien v\u00e4lill\u00e4 tai ennen erityist\u00e4 tapahtumaa.<\/p>\n","protected":false},"excerpt":{"rendered":"<p>Hoitava neutraali k\u00e4\u00e4re ilman v\u00e4ripigmenttej\u00e4, joka raikastaa hiukset nopeasti ja antaa intensiivist\u00e4 kiiltoa. K\u00e4\u00e4re on pehmitt\u00e4v\u00e4 ja v\u00e4hent\u00e4\u00e4 p\u00f6rr\u00f6isyytt\u00e4, jolloin lopputulos on silkinpehme\u00e4. White Mixi\u00e4 voidaan my\u00f6s sekoittaa muiden Color Refresh -v\u00e4rien kanssa pastelliv\u00e4rien luomiseksi. T\u00e4ydellinen k\u00e4ytett\u00e4v\u00e4ksi salonkik\u00e4yntien v\u00e4lill\u00e4 tai ennen erityist\u00e4 tapahtumaa.<\/p>\n","protected":false},"featured_media":121696,"comment_status":"open","ping_status":"closed","template":"","meta":{"_trash_the_other_posts":false},"product_brand":[],"product_cat":[602],"product_tag":[3391],"berocket_brand":[1388],"class_list":{"0":"post-121700","1":"product","2":"type-product","3":"status-publish","4":"has-post-thumbnail","6":"product_cat-varipommi","7":"product_tag-maria-nila-colour-refresh-0-00-white-mix","8":"pa_brand-maria-nila","9":"pa_variantti-100ml","10":"berocket_brand-maria-nila","12":"first","13":"outofstock","14":"sale","15":"taxable","16":"shipping-taxable","17":"purchasable","18":"product-type-simple"},"_links":{"self":[{"href":"https:\/\/stylingagenten.com\/fi\/wp-json\/wp\/v2\/product\/121700","targetHints":{"allow":["GET"]}}],"collection":[{"href":"https:\/\/stylingagenten.com\/fi\/wp-json\/wp\/v2\/product"}],"about":[{"href":"https:\/\/stylingagenten.com\/fi\/wp-json\/wp\/v2\/types\/product"}],"replies":[{"embeddable":true,"href":"https:\/\/stylingagenten.com\/fi\/wp-json\/wp\/v2\/comments?post=121700"}],"version-history":[{"count":0,"href":"https:\/\/stylingagenten.com\/fi\/wp-json\/wp\/v2\/product\/121700\/revisions"}],"wp:featuredmedia":[{"embeddable":true,"href":"https:\/\/stylingagenten.com\/fi\/wp-json\/wp\/v2\/media\/121696"}],"wp:attachment":[{"href":"https:\/\/stylingagenten.com\/fi\/wp-json\/wp\/v2\/media?parent=121700"}],"wp:term":[{"taxonomy":"product_brand","embeddable":true,"href":"https:\/\/stylingagenten.com\/fi\/wp-json\/wp\/v2\/product_brand?post=121700"},{"taxonomy":"product_cat","embeddable":true,"href":"https:\/\/stylingagenten.com\/fi\/wp-json\/wp\/v2\/product_cat?post=121700"},{"taxonomy":"product_tag","embeddable":true,"href":"https:\/\/stylingagenten.com\/fi\/wp-json\/wp\/v2\/product_tag?post=121700"},{"taxonomy":"berocket_brand","embeddable":true,"href":"https:\/\/stylingagenten.com\/fi\/wp-json\/wp\/v2\/berocket_brand?post=121700"}],"curies":[{"name":"wp","href":"https:\/\/api.w.org\/{rel}","templated":true}]}}