{"id":121655,"date":"2025-05-18T21:43:28","date_gmt":"2025-05-18T21:43:28","guid":{"rendered":"https:\/\/staging2.stylingagenten.com\/fi\/produkt\/paul-mitchell-platinum-plus-toning-drops-25ml\/"},"modified":"2026-04-08T15:28:37","modified_gmt":"2026-04-08T15:28:37","slug":"paul-mitchell-platinum-plus-toning-drops-25ml","status":"publish","type":"product","link":"https:\/\/stylingagenten.com\/fi\/tuote\/paul-mitchell-platinum-plus-toning-drops-25ml\/","title":{"rendered":"Paul Mitchell Platinum Plus Toning Drops 25ml"},"content":{"rendered":"<p>Paul Mitchell Platinum Plus Toning Dropsia voidaan sekoittaa Paul Mitchell shampoon, hoitoaineeseen, k\u00e4\u00e4reisiin ja muotoiluun r\u00e4\u00e4t\u00e4l\u00f6idyn violetin s\u00e4vyn saamiseksi.<br \/>Muokattava s\u00e4vytt\u00e4v\u00e4 lis\u00e4aine kaikille vaaleiden, v\u00e4rj\u00e4ttyjen, harmaiden tai hopeanhohtoisten hiusten s\u00e4vyille. Eritt\u00e4in tiivistetyt violetit pigmentit, jotka viilent\u00e4v\u00e4t, l\u00e4mpimi\u00e4, keltaisia \u200b\u200bja messinkim\u00e4isi\u00e4 s\u00e4vyj\u00e4. K\u00e4yt\u00e4 useita pumppuja, kunnes saavutat halutun s\u00e4vytystason<\/p>\n<p>25ml<\/p>\n","protected":false},"excerpt":{"rendered":"<p>Paul Mitchell Platinum Plus Toning Dropsia voidaan sekoittaa Paul Mitchell shampoon, hoitoaineeseen, k\u00e4\u00e4reisiin ja muotoiluun r\u00e4\u00e4t\u00e4l\u00f6idyn violetin s\u00e4vyn saamiseksi.Muokattava s\u00e4vytt\u00e4v\u00e4 lis\u00e4aine kaikille vaaleiden, v\u00e4rj\u00e4ttyjen, harmaiden tai hopeanhohtoisten hiusten s\u00e4vyille. Eritt\u00e4in tiivistetyt violetit pigmentit, jotka viilent\u00e4v\u00e4t, l\u00e4mpimi\u00e4, keltaisia \u200b\u200bja messinkim\u00e4isi\u00e4 s\u00e4vyj\u00e4. K\u00e4yt\u00e4 useita pumppuja, kunnes saavutat halutun s\u00e4vytystason 25ml<\/p>\n","protected":false},"featured_media":121645,"comment_status":"open","ping_status":"closed","template":"","meta":{"_trash_the_other_posts":false},"product_brand":[],"product_cat":[602],"product_tag":[],"berocket_brand":[1053],"class_list":{"0":"post-121655","1":"product","2":"type-product","3":"status-publish","4":"has-post-thumbnail","6":"product_cat-varipommi","7":"pa_brand-paul-mitchell","8":"berocket_brand-paul-mitchell","10":"first","11":"instock","12":"sale","13":"taxable","14":"shipping-taxable","15":"purchasable","16":"product-type-simple"},"_links":{"self":[{"href":"https:\/\/stylingagenten.com\/fi\/wp-json\/wp\/v2\/product\/121655","targetHints":{"allow":["GET"]}}],"collection":[{"href":"https:\/\/stylingagenten.com\/fi\/wp-json\/wp\/v2\/product"}],"about":[{"href":"https:\/\/stylingagenten.com\/fi\/wp-json\/wp\/v2\/types\/product"}],"replies":[{"embeddable":true,"href":"https:\/\/stylingagenten.com\/fi\/wp-json\/wp\/v2\/comments?post=121655"}],"version-history":[{"count":0,"href":"https:\/\/stylingagenten.com\/fi\/wp-json\/wp\/v2\/product\/121655\/revisions"}],"wp:featuredmedia":[{"embeddable":true,"href":"https:\/\/stylingagenten.com\/fi\/wp-json\/wp\/v2\/media\/121645"}],"wp:attachment":[{"href":"https:\/\/stylingagenten.com\/fi\/wp-json\/wp\/v2\/media?parent=121655"}],"wp:term":[{"taxonomy":"product_brand","embeddable":true,"href":"https:\/\/stylingagenten.com\/fi\/wp-json\/wp\/v2\/product_brand?post=121655"},{"taxonomy":"product_cat","embeddable":true,"href":"https:\/\/stylingagenten.com\/fi\/wp-json\/wp\/v2\/product_cat?post=121655"},{"taxonomy":"product_tag","embeddable":true,"href":"https:\/\/stylingagenten.com\/fi\/wp-json\/wp\/v2\/product_tag?post=121655"},{"taxonomy":"berocket_brand","embeddable":true,"href":"https:\/\/stylingagenten.com\/fi\/wp-json\/wp\/v2\/berocket_brand?post=121655"}],"curies":[{"name":"wp","href":"https:\/\/api.w.org\/{rel}","templated":true}]}}